{"id":3393,"date":"2026-04-12T09:33:34","date_gmt":"2026-04-12T12:33:34","guid":{"rendered":"https:\/\/delaet.com.br\/pt_br\/loja\/produto\/flauta-contralto-germanica-yamaha-serie-20-yra27iii-f035\/"},"modified":"2026-04-17T17:47:02","modified_gmt":"2026-04-17T20:47:02","slug":"flauta-contralto-germanica-yamaha-serie-20-yra27iii-f035","status":"publish","type":"product","link":"https:\/\/delaet.com.br\/pt_br\/loja\/produto\/flauta-contralto-germanica-yamaha-serie-20-yra27iii-f035\/","title":{"rendered":"Flauta Contralto Germ\u00e2nica Yamaha S\u00e9rie 20 YRA27III"},"content":{"rendered":"<p>Flauta contralto de f\u00e1cil execu\u00e7\u00e3o, com afina\u00e7\u00e3o precisa e rico timbre envolvente que ir\u00e1 aprimorar qualquer conjunto de flautas.<\/p>\n<p>&#8211; Contralto;<br \/>\n&#8211; Em F;<br \/>\n&#8211; Digita\u00e7\u00e3o germ\u00e2nica (YRA-27II);<br \/>\n&#8211; Resina ABS;<br \/>\n&#8211; Constru\u00e7\u00e3o em 3 pe\u00e7as;<br \/>\n&#8211; Com tabela de digita\u00e7\u00e3o, barra de limpeza e creme para flautas.<\/p>\n<p>Origem:Jap\u00e3o<br \/> Unidades por Embalagem:1<br \/> G\u00eanero:Unissex<br \/> Material:ABS<br \/> Tipo de Dedilhado:Germ\u00e2nico<br \/> Inclui Estojo:Sim<\/p>\n<p><\/p>\n","protected":false},"excerpt":{"rendered":"<p>Flauta contralto de f\u00e1cil execu\u00e7\u00e3o, com afina\u00e7\u00e3o precisa e rico timbre envolvente que ir\u00e1 aprimorar qualquer conjunto de flautas. &#8211; Contralto; &#8211; Em F; &#8211; Digita\u00e7\u00e3o germ\u00e2nica (YRA-27II); &#8211; Resina ABS; &#8211; Constru\u00e7\u00e3o em 3 pe\u00e7as; &#8211; Com tabela de digita\u00e7\u00e3o, barra de limpeza e creme para flautas. Origem:Jap\u00e3o Unidades por Embalagem:1 G\u00eanero:Unissex Material:ABS Tipo [&hellip;]<\/p>\n","protected":false},"featured_media":3391,"comment_status":"open","ping_status":"closed","template":"","meta":{"om_disable_all_campaigns":false,"jetpack_publicize_message":"","jetpack_publicize_feature_enabled":true,"jetpack_social_post_already_shared":false,"jetpack_social_options":{"image_generator_settings":{"template":"highway","default_image_id":0,"font":"","enabled":false},"version":2}},"product_brand":[163],"product_cat":[129,239,128],"product_tag":[558,555],"class_list":{"0":"post-3393","1":"product","2":"type-product","3":"status-publish","4":"has-post-thumbnail","6":"product_brand-yamaha","7":"product_cat-flauta-germanica","8":"product_cat-flautas","9":"product_cat-instrumentos-de-sopro","10":"product_tag-flauta-contralto","11":"product_tag-flauta-germanica","13":"first","14":"instock","15":"shipping-taxable","16":"purchasable","17":"product-type-simple"},"aioseo_notices":[],"jetpack_publicize_connections":[],"jetpack_sharing_enabled":true,"_links":{"self":[{"href":"https:\/\/delaet.com.br\/pt_br\/wp-json\/wp\/v2\/product\/3393","targetHints":{"allow":["GET"]}}],"collection":[{"href":"https:\/\/delaet.com.br\/pt_br\/wp-json\/wp\/v2\/product"}],"about":[{"href":"https:\/\/delaet.com.br\/pt_br\/wp-json\/wp\/v2\/types\/product"}],"replies":[{"embeddable":true,"href":"https:\/\/delaet.com.br\/pt_br\/wp-json\/wp\/v2\/comments?post=3393"}],"wp:featuredmedia":[{"embeddable":true,"href":"https:\/\/delaet.com.br\/pt_br\/wp-json\/wp\/v2\/media\/3391"}],"wp:attachment":[{"href":"https:\/\/delaet.com.br\/pt_br\/wp-json\/wp\/v2\/media?parent=3393"}],"wp:term":[{"taxonomy":"product_brand","embeddable":true,"href":"https:\/\/delaet.com.br\/pt_br\/wp-json\/wp\/v2\/product_brand?post=3393"},{"taxonomy":"product_cat","embeddable":true,"href":"https:\/\/delaet.com.br\/pt_br\/wp-json\/wp\/v2\/product_cat?post=3393"},{"taxonomy":"product_tag","embeddable":true,"href":"https:\/\/delaet.com.br\/pt_br\/wp-json\/wp\/v2\/product_tag?post=3393"}],"curies":[{"name":"wp","href":"https:\/\/api.w.org\/{rel}","templated":true}]}}