{"id":3401,"date":"2026-04-12T09:33:56","date_gmt":"2026-04-12T12:33:56","guid":{"rendered":"https:\/\/delaet.com.br\/pt_br\/loja\/produto\/flauta-sopranino-germanica-yamaha-serie-20-yrn21-f035\/"},"modified":"2026-04-16T12:25:19","modified_gmt":"2026-04-16T15:25:19","slug":"flauta-sopranino-germanica-yamaha-serie-20-yrn21-f035","status":"publish","type":"product","link":"https:\/\/delaet.com.br\/pt_br\/loja\/produto\/flauta-sopranino-germanica-yamaha-serie-20-yrn21-f035\/","title":{"rendered":"Flauta Sopranino Germ\u00e2nica Yamaha S\u00e9rie 20 YRN21"},"content":{"rendered":"<p>Esta flauta sopranino possui um som bonito e brilhante. \u00c9 sonora e homog\u00eanea em toda a tessitura com grande expressividade.<\/p>\n<p>&#8211; Sopranino<br \/>\n&#8211; Em F<br \/>\n&#8211; Digita\u00e7\u00e3o germ\u00e2nica (YRN-21)<br \/>\n&#8211; Resina ABS<br \/>\n&#8211; Constru\u00e7\u00e3o em 2 pe\u00e7as<br \/>\n&#8211; (YRN-21 com um s\u00f3 orif\u00edcio individual)<br \/>\n&#8211; Com tabela de digita\u00e7\u00e3o<\/p>\n<p>Origem:Jap\u00e3o<br \/> Unidades por Embalagem:1<br \/> G\u00eanero:Unissex<br \/> Material:ABS<br \/> Tipo de Dedilhado:Germ\u00e2nico<br \/> Inclui Estojo:Sim<\/p>\n<p><\/p>\n","protected":false},"excerpt":{"rendered":"<p>Esta flauta sopranino possui um som bonito e brilhante. \u00c9 sonora e homog\u00eanea em toda a tessitura com grande expressividade. &#8211; Sopranino &#8211; Em F &#8211; Digita\u00e7\u00e3o germ\u00e2nica (YRN-21) &#8211; Resina ABS &#8211; Constru\u00e7\u00e3o em 2 pe\u00e7as &#8211; (YRN-21 com um s\u00f3 orif\u00edcio individual) &#8211; Com tabela de digita\u00e7\u00e3o Origem:Jap\u00e3o Unidades por Embalagem:1 G\u00eanero:Unissex Material:ABS [&hellip;]<\/p>\n","protected":false},"featured_media":3399,"comment_status":"open","ping_status":"closed","template":"","meta":{"om_disable_all_campaigns":false,"jetpack_publicize_message":"","jetpack_publicize_feature_enabled":true,"jetpack_social_post_already_shared":false,"jetpack_social_options":{"image_generator_settings":{"template":"highway","default_image_id":0,"font":"","enabled":false},"version":2}},"product_brand":[163],"product_cat":[129,239,128],"product_tag":[555,557],"class_list":{"0":"post-3401","1":"product","2":"type-product","3":"status-publish","4":"has-post-thumbnail","6":"product_brand-yamaha","7":"product_cat-flauta-germanica","8":"product_cat-flautas","9":"product_cat-instrumentos-de-sopro","10":"product_tag-flauta-germanica","11":"product_tag-flauta-sopranino","13":"first","14":"instock","15":"shipping-taxable","16":"purchasable","17":"product-type-simple"},"aioseo_notices":[],"jetpack_publicize_connections":[],"jetpack_sharing_enabled":true,"_links":{"self":[{"href":"https:\/\/delaet.com.br\/pt_br\/wp-json\/wp\/v2\/product\/3401","targetHints":{"allow":["GET"]}}],"collection":[{"href":"https:\/\/delaet.com.br\/pt_br\/wp-json\/wp\/v2\/product"}],"about":[{"href":"https:\/\/delaet.com.br\/pt_br\/wp-json\/wp\/v2\/types\/product"}],"replies":[{"embeddable":true,"href":"https:\/\/delaet.com.br\/pt_br\/wp-json\/wp\/v2\/comments?post=3401"}],"wp:featuredmedia":[{"embeddable":true,"href":"https:\/\/delaet.com.br\/pt_br\/wp-json\/wp\/v2\/media\/3399"}],"wp:attachment":[{"href":"https:\/\/delaet.com.br\/pt_br\/wp-json\/wp\/v2\/media?parent=3401"}],"wp:term":[{"taxonomy":"product_brand","embeddable":true,"href":"https:\/\/delaet.com.br\/pt_br\/wp-json\/wp\/v2\/product_brand?post=3401"},{"taxonomy":"product_cat","embeddable":true,"href":"https:\/\/delaet.com.br\/pt_br\/wp-json\/wp\/v2\/product_cat?post=3401"},{"taxonomy":"product_tag","embeddable":true,"href":"https:\/\/delaet.com.br\/pt_br\/wp-json\/wp\/v2\/product_tag?post=3401"}],"curies":[{"name":"wp","href":"https:\/\/api.w.org\/{rel}","templated":true}]}}