{"id":3411,"date":"2026-04-12T09:34:31","date_gmt":"2026-04-12T12:34:31","guid":{"rendered":"https:\/\/delaet.com.br\/pt_br\/loja\/produto\/flauta-soprano-barroca-yamaha-serie-300-yrs302biii-f035\/"},"modified":"2026-04-12T18:56:02","modified_gmt":"2026-04-12T21:56:02","slug":"flauta-soprano-barroca-yamaha-serie-300-yrs302biii-f035","status":"publish","type":"product","link":"https:\/\/delaet.com.br\/pt_br\/loja\/produto\/flauta-soprano-barroca-yamaha-serie-300-yrs302biii-f035\/","title":{"rendered":"Flauta Soprano Barroca Yamaha S\u00e9rie 300 YRS302BIII"},"content":{"rendered":"<p>Com sua passagem de ar arqueada, esta flauta oferece uma excelente musicalidade e apresenta um timbre pr\u00f3ximo ao das flautas de madeira e de afina\u00e7\u00e3o impec\u00e1vel.<\/p>\n<p>&#8211; Soprano;<br \/>\n&#8211; Em C;<br \/>\n&#8211; Acabamento simulando jacarand\u00e1;<br \/>\n&#8211; Digita\u00e7\u00e3o barroca;<br \/>\n&#8211; Resina ABS;<br \/>\n&#8211; Constru\u00e7\u00e3o em 3 pe\u00e7as;<br \/>\n&#8211; Com tabela de digita\u00e7\u00e3o, barra de limpeza e creme para flautas.<\/p>\n<p>Origem:Jap\u00e3o<br \/> Unidades por Embalagem:1<br \/> G\u00eanero:Unissex<br \/> Material:ABS<br \/> Tipo de Dedilhado:Barroco<br \/> Inclui Estojo:Sim<\/p>\n<p><\/p>\n","protected":false},"excerpt":{"rendered":"<p>Com sua passagem de ar arqueada, esta flauta oferece uma excelente musicalidade e apresenta um timbre pr\u00f3ximo ao das flautas de madeira e de afina\u00e7\u00e3o impec\u00e1vel. &#8211; Soprano; &#8211; Em C; &#8211; Acabamento simulando jacarand\u00e1; &#8211; Digita\u00e7\u00e3o barroca; &#8211; Resina ABS; &#8211; Constru\u00e7\u00e3o em 3 pe\u00e7as; &#8211; Com tabela de digita\u00e7\u00e3o, barra de limpeza e [&hellip;]<\/p>\n","protected":false},"featured_media":3409,"comment_status":"open","ping_status":"closed","template":"","meta":{"om_disable_all_campaigns":false,"jetpack_publicize_message":"","jetpack_publicize_feature_enabled":true,"jetpack_social_post_already_shared":false,"jetpack_social_options":{"image_generator_settings":{"template":"highway","default_image_id":0,"font":"","enabled":false},"version":2}},"product_brand":[163],"product_cat":[131,239,128],"product_tag":[553],"class_list":{"0":"post-3411","1":"product","2":"type-product","3":"status-publish","4":"has-post-thumbnail","6":"product_brand-yamaha","7":"product_cat-flauta-barroca","8":"product_cat-flautas","9":"product_cat-instrumentos-de-sopro","10":"product_tag-flauta-barroca","12":"first","13":"instock","14":"shipping-taxable","15":"purchasable","16":"product-type-simple"},"aioseo_notices":[],"jetpack_publicize_connections":[],"jetpack_sharing_enabled":true,"_links":{"self":[{"href":"https:\/\/delaet.com.br\/pt_br\/wp-json\/wp\/v2\/product\/3411","targetHints":{"allow":["GET"]}}],"collection":[{"href":"https:\/\/delaet.com.br\/pt_br\/wp-json\/wp\/v2\/product"}],"about":[{"href":"https:\/\/delaet.com.br\/pt_br\/wp-json\/wp\/v2\/types\/product"}],"replies":[{"embeddable":true,"href":"https:\/\/delaet.com.br\/pt_br\/wp-json\/wp\/v2\/comments?post=3411"}],"wp:featuredmedia":[{"embeddable":true,"href":"https:\/\/delaet.com.br\/pt_br\/wp-json\/wp\/v2\/media\/3409"}],"wp:attachment":[{"href":"https:\/\/delaet.com.br\/pt_br\/wp-json\/wp\/v2\/media?parent=3411"}],"wp:term":[{"taxonomy":"product_brand","embeddable":true,"href":"https:\/\/delaet.com.br\/pt_br\/wp-json\/wp\/v2\/product_brand?post=3411"},{"taxonomy":"product_cat","embeddable":true,"href":"https:\/\/delaet.com.br\/pt_br\/wp-json\/wp\/v2\/product_cat?post=3411"},{"taxonomy":"product_tag","embeddable":true,"href":"https:\/\/delaet.com.br\/pt_br\/wp-json\/wp\/v2\/product_tag?post=3411"}],"curies":[{"name":"wp","href":"https:\/\/api.w.org\/{rel}","templated":true}]}}