{"id":3420,"date":"2026-04-12T09:35:07","date_gmt":"2026-04-12T12:35:07","guid":{"rendered":"https:\/\/delaet.com.br\/pt_br\/loja\/produto\/flauta-tenor-barroca-yamaha-serie-300-yrt304bii-f035\/"},"modified":"2026-04-16T08:02:02","modified_gmt":"2026-04-16T11:02:02","slug":"flauta-tenor-barroca-yamaha-serie-300-yrt304bii-f035","status":"publish","type":"product","link":"https:\/\/delaet.com.br\/pt_br\/loja\/produto\/flauta-tenor-barroca-yamaha-serie-300-yrt304bii-f035\/","title":{"rendered":"Flauta Tenor Barroca Yamaha S\u00e9rie 300 YRT304BII"},"content":{"rendered":"<p>O modelo tenor incorpora o acabamento imita\u00e7\u00e3o de madeira Yamaha, projetado com a conveni\u00eancia e durabilidade do material ABS. Oferece um som focado, suave e balanceado em todos os registros.<\/p>\n<p>Origem:Jap\u00e3o<br \/> Unidades por Embalagem:1<br \/> G\u00eanero:Unissex<br \/> Material:ABS<br \/> Tipo de Dedilhado:Barroco<br \/> Inclui Estojo:Sim<\/p>\n<p><\/p>\n","protected":false},"excerpt":{"rendered":"<p>O modelo tenor incorpora o acabamento imita\u00e7\u00e3o de madeira Yamaha, projetado com a conveni\u00eancia e durabilidade do material ABS. Oferece um som focado, suave e balanceado em todos os registros. Origem:Jap\u00e3o Unidades por Embalagem:1 G\u00eanero:Unissex Material:ABS Tipo de Dedilhado:Barroco Inclui Estojo:Sim<\/p>\n","protected":false},"featured_media":3419,"comment_status":"open","ping_status":"closed","template":"","meta":{"om_disable_all_campaigns":false,"jetpack_publicize_message":"","jetpack_publicize_feature_enabled":true,"jetpack_social_post_already_shared":false,"jetpack_social_options":{"image_generator_settings":{"template":"highway","default_image_id":0,"font":"","enabled":false},"version":2}},"product_brand":[163],"product_cat":[131,239,128],"product_tag":[553,554],"class_list":{"0":"post-3420","1":"product","2":"type-product","3":"status-publish","4":"has-post-thumbnail","6":"product_brand-yamaha","7":"product_cat-flauta-barroca","8":"product_cat-flautas","9":"product_cat-instrumentos-de-sopro","10":"product_tag-flauta-barroca","11":"product_tag-flauta-tenor","13":"first","14":"instock","15":"shipping-taxable","16":"purchasable","17":"product-type-simple"},"aioseo_notices":[],"jetpack_publicize_connections":[],"jetpack_sharing_enabled":true,"_links":{"self":[{"href":"https:\/\/delaet.com.br\/pt_br\/wp-json\/wp\/v2\/product\/3420","targetHints":{"allow":["GET"]}}],"collection":[{"href":"https:\/\/delaet.com.br\/pt_br\/wp-json\/wp\/v2\/product"}],"about":[{"href":"https:\/\/delaet.com.br\/pt_br\/wp-json\/wp\/v2\/types\/product"}],"replies":[{"embeddable":true,"href":"https:\/\/delaet.com.br\/pt_br\/wp-json\/wp\/v2\/comments?post=3420"}],"wp:featuredmedia":[{"embeddable":true,"href":"https:\/\/delaet.com.br\/pt_br\/wp-json\/wp\/v2\/media\/3419"}],"wp:attachment":[{"href":"https:\/\/delaet.com.br\/pt_br\/wp-json\/wp\/v2\/media?parent=3420"}],"wp:term":[{"taxonomy":"product_brand","embeddable":true,"href":"https:\/\/delaet.com.br\/pt_br\/wp-json\/wp\/v2\/product_brand?post=3420"},{"taxonomy":"product_cat","embeddable":true,"href":"https:\/\/delaet.com.br\/pt_br\/wp-json\/wp\/v2\/product_cat?post=3420"},{"taxonomy":"product_tag","embeddable":true,"href":"https:\/\/delaet.com.br\/pt_br\/wp-json\/wp\/v2\/product_tag?post=3420"}],"curies":[{"name":"wp","href":"https:\/\/api.w.org\/{rel}","templated":true}]}}