{"id":3438,"date":"2026-04-12T09:36:06","date_gmt":"2026-04-12T12:36:06","guid":{"rendered":"https:\/\/delaet.com.br\/pt_br\/loja\/produto\/jack-de-conexao-stereo-preto-unidade-spirit-td4s-bk-f035\/"},"modified":"2026-04-12T18:37:19","modified_gmt":"2026-04-12T21:37:19","slug":"jack-de-conexao-stereo-preto-unidade-spirit-td4s-bk-f035","status":"publish","type":"product","link":"https:\/\/delaet.com.br\/pt_br\/loja\/produto\/jack-de-conexao-stereo-preto-unidade-spirit-td4s-bk-f035\/","title":{"rendered":"Jack De Conex\u00e3o Stereo Preto (Unidade) Spirit TD4S-BK"},"content":{"rendered":"<p>Jack de Conex\u00e3o Stereo Cil\u00edndrico Preto, Spirit Guitar Parts &#8211; TD4S-BK.<\/p>\n<p>&#8211; Jack de montagem com pino est\u00e9reo, com capa e bot\u00e3o presilha<br \/>\n&#8211; A porca do jack pode ser apertada pelo lado de fora do instrumento, facilitando a instala\u00e7\u00e3o<br \/>\n&#8211; Aceita plugue padr\u00e3o de 1\/4, adequado para sistemas est\u00e9reo ou ativos.<\/p>\n<p>Instrumentos compat\u00edveis:Guitarra\/Baixo\/Amps<br \/> Material:A\u00e7o<br \/> SKU:021626<\/p>\n<p> Condi\u00e7\u00e3o:Novo<br \/> Cor:Preta<br \/> C\u00f3digo Universal do Produto:7899559806460<br \/> G\u00eanero:Unissex<br \/> Linha:Spirit Guitar Parts<br \/> MPN:E7525_00<br \/> Marca:Spirit<br \/> Modelo:TD4S-BK<br \/> Origem:Cor\u00e9ia do Sul<br \/> Unidades por embalagem:1<br \/> \u00c9 kit:N\u00e3o<br \/> Instrumento Recomendado:Guitarra\/Baixo<\/p>\n<p><\/p>\n","protected":false},"excerpt":{"rendered":"<p>Jack de Conex\u00e3o Stereo Cil\u00edndrico Preto, Spirit Guitar Parts &#8211; TD4S-BK. &#8211; Jack de montagem com pino est\u00e9reo, com capa e bot\u00e3o presilha &#8211; A porca do jack pode ser apertada pelo lado de fora do instrumento, facilitando a instala\u00e7\u00e3o &#8211; Aceita plugue padr\u00e3o de 1\/4, adequado para sistemas est\u00e9reo ou ativos. Instrumentos compat\u00edveis:Guitarra\/Baixo\/Amps Material:A\u00e7o [&hellip;]<\/p>\n","protected":false},"featured_media":3436,"comment_status":"open","ping_status":"closed","template":"","meta":{"om_disable_all_campaigns":false,"_monsterinsights_skip_tracking":false,"_monsterinsights_sitenote_active":false,"_monsterinsights_sitenote_note":"","_monsterinsights_sitenote_category":0,"jetpack_publicize_message":"","jetpack_publicize_feature_enabled":true,"jetpack_social_post_already_shared":false,"jetpack_social_options":{"image_generator_settings":{"template":"highway","default_image_id":0,"font":"","enabled":false},"version":2}},"product_brand":[165],"product_cat":[28,223],"product_tag":[550,551],"class_list":{"0":"post-3438","1":"product","2":"type-product","3":"status-publish","4":"has-post-thumbnail","6":"product_brand-spirit","7":"product_cat-eletricos","8":"product_cat-outros","9":"product_tag-jack","10":"product_tag-jack-stereo","12":"first","13":"instock","14":"shipping-taxable","15":"purchasable","16":"product-type-simple"},"aioseo_notices":[],"jetpack_publicize_connections":[],"jetpack_sharing_enabled":true,"_links":{"self":[{"href":"https:\/\/delaet.com.br\/pt_br\/wp-json\/wp\/v2\/product\/3438","targetHints":{"allow":["GET"]}}],"collection":[{"href":"https:\/\/delaet.com.br\/pt_br\/wp-json\/wp\/v2\/product"}],"about":[{"href":"https:\/\/delaet.com.br\/pt_br\/wp-json\/wp\/v2\/types\/product"}],"replies":[{"embeddable":true,"href":"https:\/\/delaet.com.br\/pt_br\/wp-json\/wp\/v2\/comments?post=3438"}],"wp:featuredmedia":[{"embeddable":true,"href":"https:\/\/delaet.com.br\/pt_br\/wp-json\/wp\/v2\/media\/3436"}],"wp:attachment":[{"href":"https:\/\/delaet.com.br\/pt_br\/wp-json\/wp\/v2\/media?parent=3438"}],"wp:term":[{"taxonomy":"product_brand","embeddable":true,"href":"https:\/\/delaet.com.br\/pt_br\/wp-json\/wp\/v2\/product_brand?post=3438"},{"taxonomy":"product_cat","embeddable":true,"href":"https:\/\/delaet.com.br\/pt_br\/wp-json\/wp\/v2\/product_cat?post=3438"},{"taxonomy":"product_tag","embeddable":true,"href":"https:\/\/delaet.com.br\/pt_br\/wp-json\/wp\/v2\/product_tag?post=3438"}],"curies":[{"name":"wp","href":"https:\/\/api.w.org\/{rel}","templated":true}]}}