{"id":3460,"date":"2026-04-12T09:37:25","date_gmt":"2026-04-12T12:37:25","guid":{"rendered":"https:\/\/delaet.com.br\/pt_br\/loja\/produto\/knob-chaves-seletoras-guitarra-mint-6-pecas-spirit-pst6-mt-f035\/"},"modified":"2026-04-12T18:32:12","modified_gmt":"2026-04-12T21:32:12","slug":"knob-chaves-seletoras-guitarra-mint-6-pecas-spirit-pst6-mt-f035","status":"publish","type":"product","link":"https:\/\/delaet.com.br\/pt_br\/loja\/produto\/knob-chaves-seletoras-guitarra-mint-6-pecas-spirit-pst6-mt-f035\/","title":{"rendered":"Knob Chaves Seletoras Guitarra Mint (6 Pe\u00e7as) Spirit PST6-MT"},"content":{"rendered":"<p>Knob (bot\u00e3o) para Chaves Seletoras de Guitarra em acabamento mint, comumente usado nos modelos de guitarras Stratocaster, entre outras, 6 unidades, Spirit Guitar Parts &#8211; PST6-MT.<\/p>\n<p>Modelo:PST6-MINT<br \/> Material:ABS<br \/> SKU:021958<\/p>\n<p> Condi\u00e7\u00e3o:Novo<br \/> Cor:Mint<br \/> C\u00f3digo Universal do Produto:7899559808655<br \/> G\u00eanero:Unissex<br \/> Linha:Spirit Guitar Parts<br \/> MPN:K8010_930<br \/> Marca:Spirit Guitar Parts<br \/> Origem:Cor\u00e9ia do Sul<br \/> Unidades por embalagem:6<br \/> \u00c9 kit:N\u00e3o<br \/> Instrumento Recomendado:Guitarra<\/p>\n<p><\/p>\n","protected":false},"excerpt":{"rendered":"<p>Knob (bot\u00e3o) para Chaves Seletoras de Guitarra em acabamento mint, comumente usado nos modelos de guitarras Stratocaster, entre outras, 6 unidades, Spirit Guitar Parts &#8211; PST6-MT. Modelo:PST6-MINT Material:ABS SKU:021958 Condi\u00e7\u00e3o:Novo Cor:Mint C\u00f3digo Universal do Produto:7899559808655 G\u00eanero:Unissex Linha:Spirit Guitar Parts MPN:K8010_930 Marca:Spirit Guitar Parts Origem:Cor\u00e9ia do Sul Unidades por embalagem:6 \u00c9 kit:N\u00e3o Instrumento Recomendado:Guitarra<\/p>\n","protected":false},"featured_media":3459,"comment_status":"open","ping_status":"closed","template":"","meta":{"om_disable_all_campaigns":false,"_monsterinsights_skip_tracking":false,"_monsterinsights_sitenote_active":false,"_monsterinsights_sitenote_note":"","_monsterinsights_sitenote_category":0,"jetpack_publicize_message":"","jetpack_publicize_feature_enabled":true,"jetpack_social_post_already_shared":false,"jetpack_social_options":{"image_generator_settings":{"template":"highway","default_image_id":0,"font":"","enabled":false},"version":2}},"product_brand":[165],"product_cat":[28,221],"product_tag":[544,545],"class_list":{"0":"post-3460","1":"product","2":"type-product","3":"status-publish","4":"has-post-thumbnail","6":"product_brand-spirit","7":"product_cat-eletricos","8":"product_cat-knobs-eletricos","9":"product_tag-knob","10":"product_tag-knob-chave-seletora","12":"first","13":"instock","14":"shipping-taxable","15":"purchasable","16":"product-type-simple"},"aioseo_notices":[],"jetpack_publicize_connections":[],"jetpack_sharing_enabled":true,"_links":{"self":[{"href":"https:\/\/delaet.com.br\/pt_br\/wp-json\/wp\/v2\/product\/3460","targetHints":{"allow":["GET"]}}],"collection":[{"href":"https:\/\/delaet.com.br\/pt_br\/wp-json\/wp\/v2\/product"}],"about":[{"href":"https:\/\/delaet.com.br\/pt_br\/wp-json\/wp\/v2\/types\/product"}],"replies":[{"embeddable":true,"href":"https:\/\/delaet.com.br\/pt_br\/wp-json\/wp\/v2\/comments?post=3460"}],"wp:featuredmedia":[{"embeddable":true,"href":"https:\/\/delaet.com.br\/pt_br\/wp-json\/wp\/v2\/media\/3459"}],"wp:attachment":[{"href":"https:\/\/delaet.com.br\/pt_br\/wp-json\/wp\/v2\/media?parent=3460"}],"wp:term":[{"taxonomy":"product_brand","embeddable":true,"href":"https:\/\/delaet.com.br\/pt_br\/wp-json\/wp\/v2\/product_brand?post=3460"},{"taxonomy":"product_cat","embeddable":true,"href":"https:\/\/delaet.com.br\/pt_br\/wp-json\/wp\/v2\/product_cat?post=3460"},{"taxonomy":"product_tag","embeddable":true,"href":"https:\/\/delaet.com.br\/pt_br\/wp-json\/wp\/v2\/product_tag?post=3460"}],"curies":[{"name":"wp","href":"https:\/\/api.w.org\/{rel}","templated":true}]}}