{"id":3479,"date":"2026-04-12T09:38:33","date_gmt":"2026-04-12T12:38:33","guid":{"rendered":"https:\/\/delaet.com.br\/pt_br\/loja\/produto\/knob-metal-instrumentos-cromado-3-pecas-spirit-kts-sj-cr-f035\/"},"modified":"2026-04-16T19:47:36","modified_gmt":"2026-04-16T22:47:36","slug":"knob-metal-instrumentos-cromado-3-pecas-spirit-kts-sj-cr-f035","status":"publish","type":"product","link":"https:\/\/delaet.com.br\/pt_br\/loja\/produto\/knob-metal-instrumentos-cromado-3-pecas-spirit-kts-sj-cr-f035\/","title":{"rendered":"Knob Metal Instrumentos Cromado (3 Pe\u00e7as) Spirit KTS-SJ-CR"},"content":{"rendered":"<p>Knob (bot\u00e3o) de metal em acabamento cromado e cabe\u00e7a plana (Flat Top), 3 unidades, compat\u00edvel com diversos modelos de guitarras, baixos, amps, perif\u00e9ricos de \u00e1udio e interfaces em geral. Proporciona excelente visual e \u00f3tima pegada ao seu equipamento, Spirit Guitar Parts &#8211; KTS-SJ-CR.<\/p>\n<p>Modelo:KTS-SJ-CR<br \/> Material:Metal<br \/> SKU:006226<\/p>\n<p> Condi\u00e7\u00e3o:Novo<br \/> Cor:Cromada<br \/> C\u00f3digo Universal do Produto:7899559802271<br \/> G\u00eanero:Unissex<br \/> Linha:Spirit Guitar Parts<br \/> MPN:K5070_90<br \/> Marca:Spirit Guitar Parts<br \/> Origem:Cor\u00e9ia do Sul<br \/> Unidades por embalagem:3<br \/> \u00c9 kit:N\u00e3o<br \/> Instrumento Recomendado:Guitarra\/Baixo\/Amps\/Perif\u00e9ricos<\/p>\n<p><\/p>\n","protected":false},"excerpt":{"rendered":"<p>Knob (bot\u00e3o) de metal em acabamento cromado e cabe\u00e7a plana (Flat Top), 3 unidades, compat\u00edvel com diversos modelos de guitarras, baixos, amps, perif\u00e9ricos de \u00e1udio e interfaces em geral. Proporciona excelente visual e \u00f3tima pegada ao seu equipamento, Spirit Guitar Parts &#8211; KTS-SJ-CR. Modelo:KTS-SJ-CR Material:Metal SKU:006226 Condi\u00e7\u00e3o:Novo Cor:Cromada C\u00f3digo Universal do Produto:7899559802271 G\u00eanero:Unissex Linha:Spirit Guitar [&hellip;]<\/p>\n","protected":false},"featured_media":3477,"comment_status":"open","ping_status":"closed","template":"","meta":{"om_disable_all_campaigns":false,"jetpack_publicize_message":"","jetpack_publicize_feature_enabled":true,"jetpack_social_post_already_shared":false,"jetpack_social_options":{"image_generator_settings":{"template":"highway","default_image_id":0,"font":"","enabled":false},"version":2}},"product_brand":[165],"product_cat":[28,221],"product_tag":[544],"class_list":{"0":"post-3479","1":"product","2":"type-product","3":"status-publish","4":"has-post-thumbnail","6":"product_brand-spirit","7":"product_cat-eletricos","8":"product_cat-knobs-eletricos","9":"product_tag-knob","11":"first","12":"instock","13":"shipping-taxable","14":"purchasable","15":"product-type-simple"},"aioseo_notices":[],"jetpack_publicize_connections":[],"jetpack_sharing_enabled":true,"_links":{"self":[{"href":"https:\/\/delaet.com.br\/pt_br\/wp-json\/wp\/v2\/product\/3479","targetHints":{"allow":["GET"]}}],"collection":[{"href":"https:\/\/delaet.com.br\/pt_br\/wp-json\/wp\/v2\/product"}],"about":[{"href":"https:\/\/delaet.com.br\/pt_br\/wp-json\/wp\/v2\/types\/product"}],"replies":[{"embeddable":true,"href":"https:\/\/delaet.com.br\/pt_br\/wp-json\/wp\/v2\/comments?post=3479"}],"wp:featuredmedia":[{"embeddable":true,"href":"https:\/\/delaet.com.br\/pt_br\/wp-json\/wp\/v2\/media\/3477"}],"wp:attachment":[{"href":"https:\/\/delaet.com.br\/pt_br\/wp-json\/wp\/v2\/media?parent=3479"}],"wp:term":[{"taxonomy":"product_brand","embeddable":true,"href":"https:\/\/delaet.com.br\/pt_br\/wp-json\/wp\/v2\/product_brand?post=3479"},{"taxonomy":"product_cat","embeddable":true,"href":"https:\/\/delaet.com.br\/pt_br\/wp-json\/wp\/v2\/product_cat?post=3479"},{"taxonomy":"product_tag","embeddable":true,"href":"https:\/\/delaet.com.br\/pt_br\/wp-json\/wp\/v2\/product_tag?post=3479"}],"curies":[{"name":"wp","href":"https:\/\/api.w.org\/{rel}","templated":true}]}}