{"id":3518,"date":"2026-04-12T09:41:06","date_gmt":"2026-04-12T12:41:06","guid":{"rendered":"https:\/\/delaet.com.br\/pt_br\/loja\/produto\/knob-plastico-instrumentos-tone-6-pecas-spirit-psv-t-cr-f035\/"},"modified":"2026-04-12T18:17:47","modified_gmt":"2026-04-12T21:17:47","slug":"knob-plastico-instrumentos-tone-6-pecas-spirit-psv-t-cr-f035","status":"publish","type":"product","link":"https:\/\/delaet.com.br\/pt_br\/loja\/produto\/knob-plastico-instrumentos-tone-6-pecas-spirit-psv-t-cr-f035\/","title":{"rendered":"Knob Pl\u00e1stico Instrumentos Tone (6 Pe\u00e7as) Spirit PSV-T-CR"},"content":{"rendered":"<p>Knob (bot\u00e3o) de pl\u00e1stico em acabamento cromado com indica\u00e7\u00e3o para potenci\u00f4metros de Tonalidade, 6 unidades, comumente usado nos modelos de guitarras Stratocaster, entre outras. Spirit Guitar Parts &#8211; PSV-T-CR.<\/p>\n<p>Modelo:PSV-T-CR<br \/> Material:ABS<br \/> SKU:011338<\/p>\n<p> Condi\u00e7\u00e3o:Novo<br \/> Cor:Cromada<br \/> C\u00f3digo Universal do Produto:7899559804787<br \/> G\u00eanero:Unissex<br \/> Linha:Spirit Guitar Parts<br \/> MPN:K1006_94<br \/> Marca:Spirit Guitar Parts<br \/> Origem:Cor\u00e9ia do Sul<br \/> Unidades por embalagem:6<br \/> \u00c9 kit:N\u00e3o<br \/> Instrumento Recomendado:Guitarra\/Baixo<\/p>\n<p><\/p>\n","protected":false},"excerpt":{"rendered":"<p>Knob (bot\u00e3o) de pl\u00e1stico em acabamento cromado com indica\u00e7\u00e3o para potenci\u00f4metros de Tonalidade, 6 unidades, comumente usado nos modelos de guitarras Stratocaster, entre outras. Spirit Guitar Parts &#8211; PSV-T-CR. Modelo:PSV-T-CR Material:ABS SKU:011338 Condi\u00e7\u00e3o:Novo Cor:Cromada C\u00f3digo Universal do Produto:7899559804787 G\u00eanero:Unissex Linha:Spirit Guitar Parts MPN:K1006_94 Marca:Spirit Guitar Parts Origem:Cor\u00e9ia do Sul Unidades por embalagem:6 \u00c9 kit:N\u00e3o Instrumento [&hellip;]<\/p>\n","protected":false},"featured_media":3517,"comment_status":"open","ping_status":"closed","template":"","meta":{"om_disable_all_campaigns":false,"_monsterinsights_skip_tracking":false,"_monsterinsights_sitenote_active":false,"_monsterinsights_sitenote_note":"","_monsterinsights_sitenote_category":0,"jetpack_publicize_message":"","jetpack_publicize_feature_enabled":true,"jetpack_social_post_already_shared":false,"jetpack_social_options":{"image_generator_settings":{"template":"highway","default_image_id":0,"font":"","enabled":false},"version":2}},"product_brand":[165],"product_cat":[28,221],"product_tag":[544],"class_list":{"0":"post-3518","1":"product","2":"type-product","3":"status-publish","4":"has-post-thumbnail","6":"product_brand-spirit","7":"product_cat-eletricos","8":"product_cat-knobs-eletricos","9":"product_tag-knob","11":"first","12":"instock","13":"shipping-taxable","14":"purchasable","15":"product-type-simple"},"aioseo_notices":[],"jetpack_publicize_connections":[],"jetpack_sharing_enabled":true,"_links":{"self":[{"href":"https:\/\/delaet.com.br\/pt_br\/wp-json\/wp\/v2\/product\/3518","targetHints":{"allow":["GET"]}}],"collection":[{"href":"https:\/\/delaet.com.br\/pt_br\/wp-json\/wp\/v2\/product"}],"about":[{"href":"https:\/\/delaet.com.br\/pt_br\/wp-json\/wp\/v2\/types\/product"}],"replies":[{"embeddable":true,"href":"https:\/\/delaet.com.br\/pt_br\/wp-json\/wp\/v2\/comments?post=3518"}],"wp:featuredmedia":[{"embeddable":true,"href":"https:\/\/delaet.com.br\/pt_br\/wp-json\/wp\/v2\/media\/3517"}],"wp:attachment":[{"href":"https:\/\/delaet.com.br\/pt_br\/wp-json\/wp\/v2\/media?parent=3518"}],"wp:term":[{"taxonomy":"product_brand","embeddable":true,"href":"https:\/\/delaet.com.br\/pt_br\/wp-json\/wp\/v2\/product_brand?post=3518"},{"taxonomy":"product_cat","embeddable":true,"href":"https:\/\/delaet.com.br\/pt_br\/wp-json\/wp\/v2\/product_cat?post=3518"},{"taxonomy":"product_tag","embeddable":true,"href":"https:\/\/delaet.com.br\/pt_br\/wp-json\/wp\/v2\/product_tag?post=3518"}],"curies":[{"name":"wp","href":"https:\/\/api.w.org\/{rel}","templated":true}]}}