{"id":3532,"date":"2026-04-12T09:42:04","date_gmt":"2026-04-12T12:42:04","guid":{"rendered":"https:\/\/delaet.com.br\/pt_br\/loja\/produto\/lima-para-traste-tl-fl160s-f035\/"},"modified":"2026-04-12T18:07:39","modified_gmt":"2026-04-12T21:07:39","slug":"lima-para-traste-tl-fl160s-f035","status":"publish","type":"product","link":"https:\/\/delaet.com.br\/pt_br\/loja\/produto\/lima-para-traste-tl-fl160s-f035\/","title":{"rendered":"Lima Para Traste TL-FL160S"},"content":{"rendered":"<p>Lima para ajuste de altura de trastes Hosco TL-FL160S. 160mm de comprimento.<\/p>\n<p>Cor:Cinza<br \/> \u00c9 kit:N\u00e3o<br \/> Instrumento Recomendado:V\u00e1rios<br \/> Material:A\u00e7o<br \/> Unidades por embalagem:1<\/p>\n<p> Condi\u00e7\u00e3o do item:Novo<br \/> Fonte do Produto:Importado<br \/> G\u00eanero:Unissex<br \/> Marca:Hosco<br \/> Modelo:TL-FL160S<br \/> Origem:Jap\u00e3o<br \/> SKU:052505<br \/> C\u00f3digo de Barras:7899559812683<br \/> N\u00famero de pe\u00e7a:TL-FL160S<br \/> Comprimento da embalagem:26 cm<br \/> Largura da embalagem:24 cm<br \/> Altura da embalagem:3 cm<br \/> Peso da embalagem:19 g<br \/> Tipo da embalagem:Sem embalagem adicional<\/p>\n<p><\/p>\n","protected":false},"excerpt":{"rendered":"<p>Lima para ajuste de altura de trastes Hosco TL-FL160S. 160mm de comprimento. Cor:Cinza \u00c9 kit:N\u00e3o Instrumento Recomendado:V\u00e1rios Material:A\u00e7o Unidades por embalagem:1 Condi\u00e7\u00e3o do item:Novo Fonte do Produto:Importado G\u00eanero:Unissex Marca:Hosco Modelo:TL-FL160S Origem:Jap\u00e3o SKU:052505 C\u00f3digo de Barras:7899559812683 N\u00famero de pe\u00e7a:TL-FL160S Comprimento da embalagem:26 cm Largura da embalagem:24 cm Altura da embalagem:3 cm Peso da embalagem:19 g Tipo [&hellip;]<\/p>\n","protected":false},"featured_media":3531,"comment_status":"open","ping_status":"closed","template":"","meta":{"om_disable_all_campaigns":false,"jetpack_publicize_message":"","jetpack_publicize_feature_enabled":true,"jetpack_social_post_already_shared":false,"jetpack_social_options":{"image_generator_settings":{"template":"highway","default_image_id":0,"font":"","enabled":false},"version":2}},"product_brand":[162],"product_cat":[133,276],"product_tag":[542],"class_list":{"0":"post-3532","1":"product","2":"type-product","3":"status-publish","4":"has-post-thumbnail","6":"product_brand-hosco","7":"product_cat-ferramentas","8":"product_cat-luthier","9":"product_tag-lima-para-trastes","11":"first","12":"instock","13":"shipping-taxable","14":"purchasable","15":"product-type-simple"},"aioseo_notices":[],"jetpack_publicize_connections":[],"jetpack_sharing_enabled":true,"_links":{"self":[{"href":"https:\/\/delaet.com.br\/pt_br\/wp-json\/wp\/v2\/product\/3532","targetHints":{"allow":["GET"]}}],"collection":[{"href":"https:\/\/delaet.com.br\/pt_br\/wp-json\/wp\/v2\/product"}],"about":[{"href":"https:\/\/delaet.com.br\/pt_br\/wp-json\/wp\/v2\/types\/product"}],"replies":[{"embeddable":true,"href":"https:\/\/delaet.com.br\/pt_br\/wp-json\/wp\/v2\/comments?post=3532"}],"wp:featuredmedia":[{"embeddable":true,"href":"https:\/\/delaet.com.br\/pt_br\/wp-json\/wp\/v2\/media\/3531"}],"wp:attachment":[{"href":"https:\/\/delaet.com.br\/pt_br\/wp-json\/wp\/v2\/media?parent=3532"}],"wp:term":[{"taxonomy":"product_brand","embeddable":true,"href":"https:\/\/delaet.com.br\/pt_br\/wp-json\/wp\/v2\/product_brand?post=3532"},{"taxonomy":"product_cat","embeddable":true,"href":"https:\/\/delaet.com.br\/pt_br\/wp-json\/wp\/v2\/product_cat?post=3532"},{"taxonomy":"product_tag","embeddable":true,"href":"https:\/\/delaet.com.br\/pt_br\/wp-json\/wp\/v2\/product_tag?post=3532"}],"curies":[{"name":"wp","href":"https:\/\/api.w.org\/{rel}","templated":true}]}}