{"id":3542,"date":"2026-04-12T09:42:46","date_gmt":"2026-04-12T12:42:46","guid":{"rendered":"https:\/\/delaet.com.br\/pt_br\/loja\/produto\/limpador-e-lubrificante-de-cordas-d-addario-pw-xlr8-01-f035\/"},"modified":"2026-04-12T18:04:34","modified_gmt":"2026-04-12T21:04:34","slug":"limpador-e-lubrificante-de-cordas-d-addario-pw-xlr8-01-f035","status":"publish","type":"product","link":"https:\/\/delaet.com.br\/pt_br\/loja\/produto\/limpador-e-lubrificante-de-cordas-d-addario-pw-xlr8-01-f035\/","title":{"rendered":"Limpador E Lubrificante De Cordas D\u00b4Addario PW-XLR8-01"},"content":{"rendered":"<p>O XLR8 D Addario al\u00e9m de lubrificar e limpar suas cordas, permite uma tocabilidade mais r\u00e1pida e aumenta a durabilidade das cordas. Basta passar o aplicador e o resultado \u00e9 uma corda sem fric\u00e7\u00e3o com menos ru\u00eddo e melhor timbre.<\/p>\n<p>Origem:Estados Unidos<br \/> Unidades por Embalagem:1<br \/> G\u00eanero:Unissex<\/p>\n<p><\/p>\n","protected":false},"excerpt":{"rendered":"<p>O XLR8 D Addario al\u00e9m de lubrificar e limpar suas cordas, permite uma tocabilidade mais r\u00e1pida e aumenta a durabilidade das cordas. Basta passar o aplicador e o resultado \u00e9 uma corda sem fric\u00e7\u00e3o com menos ru\u00eddo e melhor timbre. Origem:Estados Unidos Unidades por Embalagem:1 G\u00eanero:Unissex<\/p>\n","protected":false},"featured_media":3540,"comment_status":"open","ping_status":"closed","template":"","meta":{"om_disable_all_campaigns":false,"_monsterinsights_skip_tracking":false,"_monsterinsights_sitenote_active":false,"_monsterinsights_sitenote_note":"","_monsterinsights_sitenote_category":0,"jetpack_publicize_message":"","jetpack_publicize_feature_enabled":true,"jetpack_social_post_already_shared":false,"jetpack_social_options":{"image_generator_settings":{"template":"highway","default_image_id":0,"font":"","enabled":false},"version":2}},"product_brand":[160],"product_cat":[96,489],"product_tag":[539,540],"class_list":{"0":"post-3542","1":"product","2":"type-product","3":"status-publish","4":"has-post-thumbnail","6":"product_brand-daddario","7":"product_cat-acessorios","8":"product_cat-limpeza","9":"product_tag-limpador","10":"product_tag-lubrificante-de-cordas","12":"first","13":"instock","14":"shipping-taxable","15":"purchasable","16":"product-type-simple"},"aioseo_notices":[],"jetpack_publicize_connections":[],"jetpack_sharing_enabled":true,"_links":{"self":[{"href":"https:\/\/delaet.com.br\/pt_br\/wp-json\/wp\/v2\/product\/3542","targetHints":{"allow":["GET"]}}],"collection":[{"href":"https:\/\/delaet.com.br\/pt_br\/wp-json\/wp\/v2\/product"}],"about":[{"href":"https:\/\/delaet.com.br\/pt_br\/wp-json\/wp\/v2\/types\/product"}],"replies":[{"embeddable":true,"href":"https:\/\/delaet.com.br\/pt_br\/wp-json\/wp\/v2\/comments?post=3542"}],"wp:featuredmedia":[{"embeddable":true,"href":"https:\/\/delaet.com.br\/pt_br\/wp-json\/wp\/v2\/media\/3540"}],"wp:attachment":[{"href":"https:\/\/delaet.com.br\/pt_br\/wp-json\/wp\/v2\/media?parent=3542"}],"wp:term":[{"taxonomy":"product_brand","embeddable":true,"href":"https:\/\/delaet.com.br\/pt_br\/wp-json\/wp\/v2\/product_brand?post=3542"},{"taxonomy":"product_cat","embeddable":true,"href":"https:\/\/delaet.com.br\/pt_br\/wp-json\/wp\/v2\/product_cat?post=3542"},{"taxonomy":"product_tag","embeddable":true,"href":"https:\/\/delaet.com.br\/pt_br\/wp-json\/wp\/v2\/product_tag?post=3542"}],"curies":[{"name":"wp","href":"https:\/\/api.w.org\/{rel}","templated":true}]}}