{"id":3545,"date":"2026-04-12T09:42:57","date_gmt":"2026-04-12T12:42:57","guid":{"rendered":"https:\/\/delaet.com.br\/pt_br\/loja\/produto\/lock-nut-trava-cordas-guitarra-dourado-spirit-lk42-0-gd-f035\/"},"modified":"2026-04-12T18:01:28","modified_gmt":"2026-04-12T21:01:28","slug":"lock-nut-trava-cordas-guitarra-dourado-spirit-lk42-0-gd-f035","status":"publish","type":"product","link":"https:\/\/delaet.com.br\/pt_br\/loja\/produto\/lock-nut-trava-cordas-guitarra-dourado-spirit-lk42-0-gd-f035\/","title":{"rendered":"Lock Nut (Trava Cordas) Guitarra Dourado Spirit LK42.0-GD"},"content":{"rendered":"<p>Lock Nut (Trava Cordas) para guitarras com sistema Floyd Rose em acabamento dourado, unidade, Spirit Guitar Parts &#8211; LK42.0-GD.<\/p>\n<p>Espa\u00e7amento entre cordas:N\/A<br \/> Unidade de Espa\u00e7amento entre cordas:N\/A<br \/> Comprimento:42<br \/> Unidade de Comprimento:mm<br \/> Unidade de Largura:mm<br \/> Unidade de Altura:mm<br \/> Instrumentos compat\u00edveis:Guitarra<br \/> Material:Metal<br \/> SKU:006387<\/p>\n<p> Condi\u00e7\u00e3o:Novo<br \/> Cor:Dourada<br \/> C\u00f3digo Universal do Produto:7899559803223<br \/> G\u00eanero:Unissex<br \/> Linha:Spirit Guitar Parts<br \/> MPN:H5701_40<br \/> Marca:Spirit<br \/> Modelo:LK42.5-GD<br \/> Origem:Cor\u00e9ia do Sul<br \/> Unidades por embalagem:1<br \/> \u00c9 kit:N\u00e3o<br \/> Instrumento Recomendado:Guitarra<\/p>\n<p><\/p>\n","protected":false},"excerpt":{"rendered":"<p>Lock Nut (Trava Cordas) para guitarras com sistema Floyd Rose em acabamento dourado, unidade, Spirit Guitar Parts &#8211; LK42.0-GD. Espa\u00e7amento entre cordas:N\/A Unidade de Espa\u00e7amento entre cordas:N\/A Comprimento:42 Unidade de Comprimento:mm Unidade de Largura:mm Unidade de Altura:mm Instrumentos compat\u00edveis:Guitarra Material:Metal SKU:006387 Condi\u00e7\u00e3o:Novo Cor:Dourada C\u00f3digo Universal do Produto:7899559803223 G\u00eanero:Unissex Linha:Spirit Guitar Parts MPN:H5701_40 Marca:Spirit Modelo:LK42.5-GD Origem:Cor\u00e9ia [&hellip;]<\/p>\n","protected":false},"featured_media":3543,"comment_status":"open","ping_status":"closed","template":"","meta":{"om_disable_all_campaigns":false,"_monsterinsights_skip_tracking":false,"_monsterinsights_sitenote_active":false,"_monsterinsights_sitenote_note":"","_monsterinsights_sitenote_category":0,"jetpack_publicize_message":"","jetpack_publicize_feature_enabled":true,"jetpack_social_post_already_shared":false,"jetpack_social_options":{"image_generator_settings":{"template":"highway","default_image_id":0,"font":"","enabled":false},"version":2}},"product_brand":[165],"product_cat":[96,28,223],"product_tag":[537,538],"class_list":{"0":"post-3545","1":"product","2":"type-product","3":"status-publish","4":"has-post-thumbnail","6":"product_brand-spirit","7":"product_cat-acessorios","8":"product_cat-eletricos","9":"product_cat-outros","10":"product_tag-locking-nut","11":"product_tag-spirit-lk42-0-gd","13":"first","14":"instock","15":"shipping-taxable","16":"purchasable","17":"product-type-simple"},"aioseo_notices":[],"jetpack_publicize_connections":[],"jetpack_sharing_enabled":true,"_links":{"self":[{"href":"https:\/\/delaet.com.br\/pt_br\/wp-json\/wp\/v2\/product\/3545","targetHints":{"allow":["GET"]}}],"collection":[{"href":"https:\/\/delaet.com.br\/pt_br\/wp-json\/wp\/v2\/product"}],"about":[{"href":"https:\/\/delaet.com.br\/pt_br\/wp-json\/wp\/v2\/types\/product"}],"replies":[{"embeddable":true,"href":"https:\/\/delaet.com.br\/pt_br\/wp-json\/wp\/v2\/comments?post=3545"}],"wp:featuredmedia":[{"embeddable":true,"href":"https:\/\/delaet.com.br\/pt_br\/wp-json\/wp\/v2\/media\/3543"}],"wp:attachment":[{"href":"https:\/\/delaet.com.br\/pt_br\/wp-json\/wp\/v2\/media?parent=3545"}],"wp:term":[{"taxonomy":"product_brand","embeddable":true,"href":"https:\/\/delaet.com.br\/pt_br\/wp-json\/wp\/v2\/product_brand?post=3545"},{"taxonomy":"product_cat","embeddable":true,"href":"https:\/\/delaet.com.br\/pt_br\/wp-json\/wp\/v2\/product_cat?post=3545"},{"taxonomy":"product_tag","embeddable":true,"href":"https:\/\/delaet.com.br\/pt_br\/wp-json\/wp\/v2\/product_tag?post=3545"}],"curies":[{"name":"wp","href":"https:\/\/api.w.org\/{rel}","templated":true}]}}