{"id":3549,"date":"2026-04-12T09:43:17","date_gmt":"2026-04-12T12:43:17","guid":{"rendered":"https:\/\/delaet.com.br\/pt_br\/loja\/produto\/marcador-escala-abs-branco-10-unidades-spirit-sdp1-5-wht-f035\/"},"modified":"2026-04-12T17:59:17","modified_gmt":"2026-04-12T20:59:17","slug":"marcador-escala-abs-branco-10-unidades-spirit-sdp1-5-wht-f035","status":"publish","type":"product","link":"https:\/\/delaet.com.br\/pt_br\/loja\/produto\/marcador-escala-abs-branco-10-unidades-spirit-sdp1-5-wht-f035\/","title":{"rendered":"Marcador Escala ABS Branco (10 Unidades) Spirit SDP1.5-WHT"},"content":{"rendered":"<p>Marcador para Escala Lateral em ABS branco SDP 1.5 DIA*50L, 10 unidades, Spirit Guitar Parts &#8211; SDP1.5-WHT.<\/p>\n<p>Instrumentos compat\u00edveis:Guitarra\/Baixo\/Viol\u00e3o<br \/> Material:ABS<br \/> SKU:021946<\/p>\n<p> Condi\u00e7\u00e3o:Novo<br \/> Cor:Branca<br \/> C\u00f3digo Universal do Produto:7899559808532<br \/> G\u00eanero:Unissex<br \/> Linha:Spirit Guitar Parts<br \/> MPN:H6094_900<br \/> Marca:Spirit<br \/> Modelo:SDP1.5-WHT<br \/> Origem:Cor\u00e9ia do Sul<br \/> Unidades por embalagem:10<br \/> \u00c9 kit:N\u00e3o<br \/> Instrumento Recomendado:Guitarra\/Baixo\/Viol\u00e3o<\/p>\n<p><\/p>\n","protected":false},"excerpt":{"rendered":"<p>Marcador para Escala Lateral em ABS branco SDP 1.5 DIA*50L, 10 unidades, Spirit Guitar Parts &#8211; SDP1.5-WHT. Instrumentos compat\u00edveis:Guitarra\/Baixo\/Viol\u00e3o Material:ABS SKU:021946 Condi\u00e7\u00e3o:Novo Cor:Branca C\u00f3digo Universal do Produto:7899559808532 G\u00eanero:Unissex Linha:Spirit Guitar Parts MPN:H6094_900 Marca:Spirit Modelo:SDP1.5-WHT Origem:Cor\u00e9ia do Sul Unidades por embalagem:10 \u00c9 kit:N\u00e3o Instrumento Recomendado:Guitarra\/Baixo\/Viol\u00e3o<\/p>\n","protected":false},"featured_media":3548,"comment_status":"open","ping_status":"closed","template":"","meta":{"om_disable_all_campaigns":false,"jetpack_publicize_message":"","jetpack_publicize_feature_enabled":true,"jetpack_social_post_already_shared":false,"jetpack_social_options":{"image_generator_settings":{"template":"highway","default_image_id":0,"font":"","enabled":false},"version":2}},"product_brand":[165],"product_cat":[533,276],"product_tag":[535,534,532],"class_list":{"0":"post-3549","1":"product","2":"type-product","3":"status-publish","4":"has-post-thumbnail","6":"product_brand-spirit","7":"product_cat-marcadores-de-escala","8":"product_cat-luthier","9":"product_tag-inlays","10":"product_tag-marcacoes","11":"product_tag-marcador-escala","13":"first","14":"instock","15":"shipping-taxable","16":"purchasable","17":"product-type-simple"},"aioseo_notices":[],"jetpack_publicize_connections":[],"jetpack_sharing_enabled":true,"_links":{"self":[{"href":"https:\/\/delaet.com.br\/pt_br\/wp-json\/wp\/v2\/product\/3549","targetHints":{"allow":["GET"]}}],"collection":[{"href":"https:\/\/delaet.com.br\/pt_br\/wp-json\/wp\/v2\/product"}],"about":[{"href":"https:\/\/delaet.com.br\/pt_br\/wp-json\/wp\/v2\/types\/product"}],"replies":[{"embeddable":true,"href":"https:\/\/delaet.com.br\/pt_br\/wp-json\/wp\/v2\/comments?post=3549"}],"wp:featuredmedia":[{"embeddable":true,"href":"https:\/\/delaet.com.br\/pt_br\/wp-json\/wp\/v2\/media\/3548"}],"wp:attachment":[{"href":"https:\/\/delaet.com.br\/pt_br\/wp-json\/wp\/v2\/media?parent=3549"}],"wp:term":[{"taxonomy":"product_brand","embeddable":true,"href":"https:\/\/delaet.com.br\/pt_br\/wp-json\/wp\/v2\/product_brand?post=3549"},{"taxonomy":"product_cat","embeddable":true,"href":"https:\/\/delaet.com.br\/pt_br\/wp-json\/wp\/v2\/product_cat?post=3549"},{"taxonomy":"product_tag","embeddable":true,"href":"https:\/\/delaet.com.br\/pt_br\/wp-json\/wp\/v2\/product_tag?post=3549"}],"curies":[{"name":"wp","href":"https:\/\/api.w.org\/{rel}","templated":true}]}}