{"id":3559,"date":"2026-04-12T09:44:05","date_gmt":"2026-04-12T12:44:05","guid":{"rendered":"https:\/\/delaet.com.br\/pt_br\/loja\/produto\/marcador-escala-madreperola-10-unidades-spirit-ap26-mop-f035\/"},"modified":"2026-04-12T17:55:37","modified_gmt":"2026-04-12T20:55:37","slug":"marcador-escala-madreperola-10-unidades-spirit-ap26-mop-f035","status":"publish","type":"product","link":"https:\/\/delaet.com.br\/pt_br\/loja\/produto\/marcador-escala-madreperola-10-unidades-spirit-ap26-mop-f035\/","title":{"rendered":"Marcador Escala Madrep\u00e9rola (10 Unidades) Spirit AP26-MOP"},"content":{"rendered":"<p>Marcador para Escala Bloco em Acr\u00edlico branco, 10 unidades, Spirit Guitar Parts &#8211; AP26-MOP.<\/p>\n<p>Instrumentos compat\u00edveis:Guitarra\/Baixo\/Viol\u00e3o<br \/> Material:Madrep\u00e9rola<br \/> SKU:006284<\/p>\n<p> Condi\u00e7\u00e3o:Novo<br \/> Cor:N\/A<br \/> C\u00f3digo Universal do Produto:7899559802844<br \/> G\u00eanero:Unissex<br \/> Linha:Spirit Guitar Parts<br \/> MPN:H6026_5<br \/> Marca:Spirit<br \/> Modelo:AP26-MOP<br \/> Origem:Cor\u00e9ia do Sul<br \/> Unidades por embalagem:10<br \/> \u00c9 kit:N\u00e3o<br \/> Instrumento Recomendado:Guitarra\/Baixo\/Viol\u00e3o<\/p>\n<p><\/p>\n","protected":false},"excerpt":{"rendered":"<p>Marcador para Escala Bloco em Acr\u00edlico branco, 10 unidades, Spirit Guitar Parts &#8211; AP26-MOP. Instrumentos compat\u00edveis:Guitarra\/Baixo\/Viol\u00e3o Material:Madrep\u00e9rola SKU:006284 Condi\u00e7\u00e3o:Novo Cor:N\/A C\u00f3digo Universal do Produto:7899559802844 G\u00eanero:Unissex Linha:Spirit Guitar Parts MPN:H6026_5 Marca:Spirit Modelo:AP26-MOP Origem:Cor\u00e9ia do Sul Unidades por embalagem:10 \u00c9 kit:N\u00e3o Instrumento Recomendado:Guitarra\/Baixo\/Viol\u00e3o<\/p>\n","protected":false},"featured_media":3558,"comment_status":"open","ping_status":"closed","template":"","meta":{"om_disable_all_campaigns":false,"jetpack_publicize_message":"","jetpack_publicize_feature_enabled":true,"jetpack_social_post_already_shared":false,"jetpack_social_options":{"image_generator_settings":{"template":"highway","default_image_id":0,"font":"","enabled":false},"version":2}},"product_brand":[165],"product_cat":[533,276],"product_tag":[535,534,532],"class_list":{"0":"post-3559","1":"product","2":"type-product","3":"status-publish","4":"has-post-thumbnail","6":"product_brand-spirit","7":"product_cat-marcadores-de-escala","8":"product_cat-luthier","9":"product_tag-inlays","10":"product_tag-marcacoes","11":"product_tag-marcador-escala","13":"first","14":"instock","15":"shipping-taxable","16":"purchasable","17":"product-type-simple"},"aioseo_notices":[],"jetpack_publicize_connections":[],"jetpack_sharing_enabled":true,"_links":{"self":[{"href":"https:\/\/delaet.com.br\/pt_br\/wp-json\/wp\/v2\/product\/3559","targetHints":{"allow":["GET"]}}],"collection":[{"href":"https:\/\/delaet.com.br\/pt_br\/wp-json\/wp\/v2\/product"}],"about":[{"href":"https:\/\/delaet.com.br\/pt_br\/wp-json\/wp\/v2\/types\/product"}],"replies":[{"embeddable":true,"href":"https:\/\/delaet.com.br\/pt_br\/wp-json\/wp\/v2\/comments?post=3559"}],"wp:featuredmedia":[{"embeddable":true,"href":"https:\/\/delaet.com.br\/pt_br\/wp-json\/wp\/v2\/media\/3558"}],"wp:attachment":[{"href":"https:\/\/delaet.com.br\/pt_br\/wp-json\/wp\/v2\/media?parent=3559"}],"wp:term":[{"taxonomy":"product_brand","embeddable":true,"href":"https:\/\/delaet.com.br\/pt_br\/wp-json\/wp\/v2\/product_brand?post=3559"},{"taxonomy":"product_cat","embeddable":true,"href":"https:\/\/delaet.com.br\/pt_br\/wp-json\/wp\/v2\/product_cat?post=3559"},{"taxonomy":"product_tag","embeddable":true,"href":"https:\/\/delaet.com.br\/pt_br\/wp-json\/wp\/v2\/product_tag?post=3559"}],"curies":[{"name":"wp","href":"https:\/\/api.w.org\/{rel}","templated":true}]}}