{"id":3634,"date":"2026-04-12T09:48:14","date_gmt":"2026-04-12T12:48:14","guid":{"rendered":"https:\/\/delaet.com.br\/pt_br\/loja\/produto\/palheta-1-0-pesada-revolver-d-addario-the-beatles-1cwh6-10b1-f035\/"},"modified":"2026-04-12T17:29:16","modified_gmt":"2026-04-12T20:29:16","slug":"palheta-1-0-pesada-revolver-d-addario-the-beatles-1cwh6-10b1-f035","status":"publish","type":"product","link":"https:\/\/delaet.com.br\/pt_br\/loja\/produto\/palheta-1-0-pesada-revolver-d-addario-the-beatles-1cwh6-10b1-f035\/","title":{"rendered":"Palheta 1.0 Pesada Revolver D\u00b4Addario The Beatles 1CWH6-10B1"},"content":{"rendered":"<p>Desde Love Me Do at\u00e9 Revolution, os Beatles foram a banda mais criativa, diversificada e influente da hist\u00f3ria da m\u00fasica pop. A D Addario homenageia o legado dos Beatles com uma cole\u00e7\u00e3o exclusiva de palhetas estampadas com as capas dos ic\u00f4nicos \u00e1lbuns e imagens atemporais que capturam o esp\u00edrito e a ess\u00eancia do &#8220;Fab Four&#8221;.?<\/p>\n<p>Origem:Estados Unidos<br \/> Cor:Branco<br \/> Unidades por Embalagem:10<br \/> G\u00eanero:Unissex<br \/> Material:Celuloide<br \/> Linha:Celuloide<br \/> Material da palheta:Celuloide<br \/> \u00c9 palheta tipo dedeira:N\u00e3o<br \/> C\u00f3digo Universal do Produto:0019954960124<br \/> SKU:019197<\/p>\n<p> Condi\u00e7\u00e3o do \u00edtem:Novo<br \/> MPN:1CWH6-10B1<br \/> Fonte do Produto:Importado<br \/> \u00c9 kit:N\u00e3o<br \/> Modelo:1CWH6-10B1<br \/> Marca:D<br \/> Artista Relacionado:Beatles<br \/> Espessura:Pesada<br \/> Tamanho:Padr\u00e3o<\/p>\n<p><\/p>\n","protected":false},"excerpt":{"rendered":"<p>Desde Love Me Do at\u00e9 Revolution, os Beatles foram a banda mais criativa, diversificada e influente da hist\u00f3ria da m\u00fasica pop. A D Addario homenageia o legado dos Beatles com uma cole\u00e7\u00e3o exclusiva de palhetas estampadas com as capas dos ic\u00f4nicos \u00e1lbuns e imagens atemporais que capturam o esp\u00edrito e a ess\u00eancia do &#8220;Fab Four&#8221;.? [&hellip;]<\/p>\n","protected":false},"featured_media":3631,"comment_status":"open","ping_status":"closed","template":"","meta":{"om_disable_all_campaigns":false,"_monsterinsights_skip_tracking":false,"_monsterinsights_sitenote_active":false,"_monsterinsights_sitenote_note":"","_monsterinsights_sitenote_category":0,"jetpack_publicize_message":"","jetpack_publicize_feature_enabled":true,"jetpack_social_post_already_shared":false,"jetpack_social_options":{"image_generator_settings":{"template":"highway","default_image_id":0,"font":"","enabled":false},"version":2}},"product_brand":[160],"product_cat":[96,112,513],"product_tag":[516,517,515],"class_list":{"0":"post-3634","1":"product","2":"type-product","3":"status-publish","4":"has-post-thumbnail","6":"product_brand-daddario","7":"product_cat-acessorios","8":"product_cat-palhetas","9":"product_cat-the-beatles","10":"product_tag-palheta","11":"product_tag-picks","12":"product_tag-the-beatles","14":"first","15":"instock","16":"shipping-taxable","17":"purchasable","18":"product-type-simple"},"aioseo_notices":[],"jetpack_publicize_connections":[],"jetpack_sharing_enabled":true,"_links":{"self":[{"href":"https:\/\/delaet.com.br\/pt_br\/wp-json\/wp\/v2\/product\/3634","targetHints":{"allow":["GET"]}}],"collection":[{"href":"https:\/\/delaet.com.br\/pt_br\/wp-json\/wp\/v2\/product"}],"about":[{"href":"https:\/\/delaet.com.br\/pt_br\/wp-json\/wp\/v2\/types\/product"}],"replies":[{"embeddable":true,"href":"https:\/\/delaet.com.br\/pt_br\/wp-json\/wp\/v2\/comments?post=3634"}],"wp:featuredmedia":[{"embeddable":true,"href":"https:\/\/delaet.com.br\/pt_br\/wp-json\/wp\/v2\/media\/3631"}],"wp:attachment":[{"href":"https:\/\/delaet.com.br\/pt_br\/wp-json\/wp\/v2\/media?parent=3634"}],"wp:term":[{"taxonomy":"product_brand","embeddable":true,"href":"https:\/\/delaet.com.br\/pt_br\/wp-json\/wp\/v2\/product_brand?post=3634"},{"taxonomy":"product_cat","embeddable":true,"href":"https:\/\/delaet.com.br\/pt_br\/wp-json\/wp\/v2\/product_cat?post=3634"},{"taxonomy":"product_tag","embeddable":true,"href":"https:\/\/delaet.com.br\/pt_br\/wp-json\/wp\/v2\/product_tag?post=3634"}],"curies":[{"name":"wp","href":"https:\/\/api.w.org\/{rel}","templated":true}]}}