{"id":3641,"date":"2026-04-12T09:48:36","date_gmt":"2026-04-12T12:48:36","guid":{"rendered":"https:\/\/delaet.com.br\/pt_br\/loja\/produto\/palheta-1-5-3-unidades-d-addario-acrylux-reso-jazz-3ar7-03-f035\/"},"modified":"2026-04-12T17:27:54","modified_gmt":"2026-04-12T20:27:54","slug":"palheta-1-5-3-unidades-d-addario-acrylux-reso-jazz-3ar7-03-f035","status":"publish","type":"product","link":"https:\/\/delaet.com.br\/pt_br\/loja\/produto\/palheta-1-5-3-unidades-d-addario-acrylux-reso-jazz-3ar7-03-f035\/","title":{"rendered":"Palheta 1.5 (3 Unidades) D\u00b4Addario Acrylux Reso Jazz 3AR7-03"},"content":{"rendered":"<p>A s\u00e9rie de palhetas Acrylux D Addario est\u00e3o dispon\u00edveis em duas combina\u00e7\u00f5es (Reso e Nitra) e oferecem dois timbres distintos, com a ader\u00eancia e ataque caracter\u00edsticos das palhetas acr\u00edlicas. Dispon\u00edvel nos formatos padr\u00e3o, jazz e bandolim.<\/p>\n<p>Origem:Estados Unidos<br \/> Cor:Vermelho Transl\u00facido<br \/> Unidades por Embalagem:3<br \/> G\u00eanero:Unissex<br \/> Material:Acr\u00edlico<br \/> Linha:Acrylux Reso<br \/> Material da palheta:Acr\u00edlico<br \/> \u00c9 palheta tipo dedeira:N\u00e3o<br \/> C\u00f3digo Universal do Produto:0019954247744<br \/> SKU:029459<\/p>\n<p> Condi\u00e7\u00e3o do \u00edtem:Novo<br \/> MPN:3AR7-03<br \/> Fonte do Produto:Importado<br \/> \u00c9 kit:N\u00e3o<br \/> Modelo:3AR7-03<br \/> Marca:D<br \/> Artista Relacionado:N\/A<br \/> Espessura:1.5mm<br \/> Tamanho:Jazz<\/p>\n<p><\/p>\n","protected":false},"excerpt":{"rendered":"<p>A s\u00e9rie de palhetas Acrylux D Addario est\u00e3o dispon\u00edveis em duas combina\u00e7\u00f5es (Reso e Nitra) e oferecem dois timbres distintos, com a ader\u00eancia e ataque caracter\u00edsticos das palhetas acr\u00edlicas. Dispon\u00edvel nos formatos padr\u00e3o, jazz e bandolim. Origem:Estados Unidos Cor:Vermelho Transl\u00facido Unidades por Embalagem:3 G\u00eanero:Unissex Material:Acr\u00edlico Linha:Acrylux Reso Material da palheta:Acr\u00edlico \u00c9 palheta tipo dedeira:N\u00e3o C\u00f3digo [&hellip;]<\/p>\n","protected":false},"featured_media":3639,"comment_status":"open","ping_status":"closed","template":"","meta":{"om_disable_all_campaigns":false,"jetpack_publicize_message":"","jetpack_publicize_feature_enabled":true,"jetpack_social_post_already_shared":false,"jetpack_social_options":{"image_generator_settings":{"template":"highway","default_image_id":0,"font":"","enabled":false},"version":2}},"product_brand":[160],"product_cat":[96,112],"product_tag":[516,517],"class_list":{"0":"post-3641","1":"product","2":"type-product","3":"status-publish","4":"has-post-thumbnail","6":"product_brand-daddario","7":"product_cat-acessorios","8":"product_cat-palhetas","9":"product_tag-palheta","10":"product_tag-picks","12":"first","13":"instock","14":"shipping-taxable","15":"purchasable","16":"product-type-simple"},"aioseo_notices":[],"jetpack_publicize_connections":[],"jetpack_sharing_enabled":true,"_links":{"self":[{"href":"https:\/\/delaet.com.br\/pt_br\/wp-json\/wp\/v2\/product\/3641","targetHints":{"allow":["GET"]}}],"collection":[{"href":"https:\/\/delaet.com.br\/pt_br\/wp-json\/wp\/v2\/product"}],"about":[{"href":"https:\/\/delaet.com.br\/pt_br\/wp-json\/wp\/v2\/types\/product"}],"replies":[{"embeddable":true,"href":"https:\/\/delaet.com.br\/pt_br\/wp-json\/wp\/v2\/comments?post=3641"}],"wp:featuredmedia":[{"embeddable":true,"href":"https:\/\/delaet.com.br\/pt_br\/wp-json\/wp\/v2\/media\/3639"}],"wp:attachment":[{"href":"https:\/\/delaet.com.br\/pt_br\/wp-json\/wp\/v2\/media?parent=3641"}],"wp:term":[{"taxonomy":"product_brand","embeddable":true,"href":"https:\/\/delaet.com.br\/pt_br\/wp-json\/wp\/v2\/product_brand?post=3641"},{"taxonomy":"product_cat","embeddable":true,"href":"https:\/\/delaet.com.br\/pt_br\/wp-json\/wp\/v2\/product_cat?post=3641"},{"taxonomy":"product_tag","embeddable":true,"href":"https:\/\/delaet.com.br\/pt_br\/wp-json\/wp\/v2\/product_tag?post=3641"}],"curies":[{"name":"wp","href":"https:\/\/api.w.org\/{rel}","templated":true}]}}