{"id":3670,"date":"2026-04-12T09:50:22","date_gmt":"2026-04-12T12:50:22","guid":{"rendered":"https:\/\/delaet.com.br\/pt_br\/loja\/produto\/palheta-delrin-60mm-25-un-daddario-duralin-prec-6dor2-25-f035\/"},"modified":"2026-04-12T17:19:03","modified_gmt":"2026-04-12T20:19:03","slug":"palheta-delrin-60mm-25-un-daddario-duralin-prec-6dor2-25-f035","status":"publish","type":"product","link":"https:\/\/delaet.com.br\/pt_br\/loja\/produto\/palheta-delrin-60mm-25-un-daddario-duralin-prec-6dor2-25-f035\/","title":{"rendered":"Palheta Delrin .60mm (25 Un) D\u00b4Addario Duralin Prec 6DOR2-25"},"content":{"rendered":"<p>As palhetas Duralin Precision possuem uma ponta acentuada que desliza sobre as cordas para maior articula\u00e7\u00e3o, velocidade e controle. \u00c9 a palheta perfeita para rock progressivo, speed metal, jazz ou qualquer outro estilo que precise de maior controle e din\u00e2mica. Respostas de timbre brilhante e extrema durabilidade pela qual a DAddario Duralin \u00e9 conhecida.<\/p>\n<p> Condi\u00e7\u00e3o do item:Novo<br \/> Fonte do Produto:Importado<br \/> G\u00eanero:Unissex<br \/> Marca:DAddario<br \/> Modelo:6DOR2-25<br \/> Origem:Estados Unidos<br \/> SKU:025826<br \/> C\u00f3digo de Barras:019954988364<br \/> N\u00famero de pe\u00e7a:6DOR2-25<br \/> Cor:Laranja<br \/> \u00c9 kit:Sim<br \/> Material:Delrin<br \/> Unidades por Embalagem:25<\/p>\n<p><\/p>\n","protected":false},"excerpt":{"rendered":"<p>As palhetas Duralin Precision possuem uma ponta acentuada que desliza sobre as cordas para maior articula\u00e7\u00e3o, velocidade e controle. \u00c9 a palheta perfeita para rock progressivo, speed metal, jazz ou qualquer outro estilo que precise de maior controle e din\u00e2mica. Respostas de timbre brilhante e extrema durabilidade pela qual a DAddario Duralin \u00e9 conhecida. Condi\u00e7\u00e3o [&hellip;]<\/p>\n","protected":false},"featured_media":3669,"comment_status":"open","ping_status":"closed","template":"","meta":{"om_disable_all_campaigns":false,"jetpack_publicize_message":"","jetpack_publicize_feature_enabled":true,"jetpack_social_post_already_shared":false,"jetpack_social_options":{"image_generator_settings":{"template":"highway","default_image_id":0,"font":"","enabled":false},"version":2}},"product_brand":[160],"product_cat":[96,112],"product_tag":[516,517],"class_list":{"0":"post-3670","1":"product","2":"type-product","3":"status-publish","4":"has-post-thumbnail","6":"product_brand-daddario","7":"product_cat-acessorios","8":"product_cat-palhetas","9":"product_tag-palheta","10":"product_tag-picks","12":"first","13":"instock","14":"shipping-taxable","15":"purchasable","16":"product-type-simple"},"aioseo_notices":[],"jetpack_publicize_connections":[],"jetpack_sharing_enabled":true,"_links":{"self":[{"href":"https:\/\/delaet.com.br\/pt_br\/wp-json\/wp\/v2\/product\/3670","targetHints":{"allow":["GET"]}}],"collection":[{"href":"https:\/\/delaet.com.br\/pt_br\/wp-json\/wp\/v2\/product"}],"about":[{"href":"https:\/\/delaet.com.br\/pt_br\/wp-json\/wp\/v2\/types\/product"}],"replies":[{"embeddable":true,"href":"https:\/\/delaet.com.br\/pt_br\/wp-json\/wp\/v2\/comments?post=3670"}],"wp:featuredmedia":[{"embeddable":true,"href":"https:\/\/delaet.com.br\/pt_br\/wp-json\/wp\/v2\/media\/3669"}],"wp:attachment":[{"href":"https:\/\/delaet.com.br\/pt_br\/wp-json\/wp\/v2\/media?parent=3670"}],"wp:term":[{"taxonomy":"product_brand","embeddable":true,"href":"https:\/\/delaet.com.br\/pt_br\/wp-json\/wp\/v2\/product_brand?post=3670"},{"taxonomy":"product_cat","embeddable":true,"href":"https:\/\/delaet.com.br\/pt_br\/wp-json\/wp\/v2\/product_cat?post=3670"},{"taxonomy":"product_tag","embeddable":true,"href":"https:\/\/delaet.com.br\/pt_br\/wp-json\/wp\/v2\/product_tag?post=3670"}],"curies":[{"name":"wp","href":"https:\/\/api.w.org\/{rel}","templated":true}]}}