{"id":3673,"date":"2026-04-12T09:50:31","date_gmt":"2026-04-12T12:50:31","guid":{"rendered":"https:\/\/delaet.com.br\/pt_br\/loja\/produto\/palheta-delrin-85mm-25-un-daddario-duragrip-7dgn4-25-f035\/"},"modified":"2026-04-12T17:18:26","modified_gmt":"2026-04-12T20:18:26","slug":"palheta-delrin-85mm-25-un-daddario-duragrip-7dgn4-25-f035","status":"publish","type":"product","link":"https:\/\/delaet.com.br\/pt_br\/loja\/produto\/palheta-delrin-85mm-25-un-daddario-duragrip-7dgn4-25-f035\/","title":{"rendered":"Palheta Delrin .85mm (25 Un) D\u00b4Addario Duragrip 7DGN4-25"},"content":{"rendered":"<p>Duralin (tamb\u00e9m conhecido como Acetal ou Delrin) \u00e9 um material diferenciado com uma combina\u00e7\u00e3o extraordin\u00e1ria de for\u00e7a, estabilidade, resist\u00eancia e baixo atrito. As palhetas Duralin destacam o brilho e a sonoridade do toque da palheta nas cordas.<\/p>\n<p> Condi\u00e7\u00e3o do item:Novo<br \/> Fonte do Produto:Importado<br \/> G\u00eanero:Unissex<br \/> Marca:DAddario<br \/> Modelo:7DGN4-25<br \/> Origem:Estados Unidos<br \/> SKU:030492<br \/> C\u00f3digo de Barras:019954915476<br \/> N\u00famero de pe\u00e7a:7DGN4-25<br \/> Cor:Verde<br \/> \u00c9 kit:Sim<br \/> Material:Delrin<br \/> Unidades por Embalagem:25<\/p>\n<p><\/p>\n","protected":false},"excerpt":{"rendered":"<p>Duralin (tamb\u00e9m conhecido como Acetal ou Delrin) \u00e9 um material diferenciado com uma combina\u00e7\u00e3o extraordin\u00e1ria de for\u00e7a, estabilidade, resist\u00eancia e baixo atrito. As palhetas Duralin destacam o brilho e a sonoridade do toque da palheta nas cordas. Condi\u00e7\u00e3o do item:Novo Fonte do Produto:Importado G\u00eanero:Unissex Marca:DAddario Modelo:7DGN4-25 Origem:Estados Unidos SKU:030492 C\u00f3digo de Barras:019954915476 N\u00famero de pe\u00e7a:7DGN4-25 [&hellip;]<\/p>\n","protected":false},"featured_media":3671,"comment_status":"open","ping_status":"closed","template":"","meta":{"om_disable_all_campaigns":false,"jetpack_publicize_message":"","jetpack_publicize_feature_enabled":true,"jetpack_social_post_already_shared":false,"jetpack_social_options":{"image_generator_settings":{"template":"highway","default_image_id":0,"font":"","enabled":false},"version":2}},"product_brand":[160],"product_cat":[96,112],"product_tag":[516,517],"class_list":{"0":"post-3673","1":"product","2":"type-product","3":"status-publish","4":"has-post-thumbnail","6":"product_brand-daddario","7":"product_cat-acessorios","8":"product_cat-palhetas","9":"product_tag-palheta","10":"product_tag-picks","12":"first","13":"instock","14":"shipping-taxable","15":"purchasable","16":"product-type-simple"},"aioseo_notices":[],"jetpack_publicize_connections":[],"jetpack_sharing_enabled":true,"_links":{"self":[{"href":"https:\/\/delaet.com.br\/pt_br\/wp-json\/wp\/v2\/product\/3673","targetHints":{"allow":["GET"]}}],"collection":[{"href":"https:\/\/delaet.com.br\/pt_br\/wp-json\/wp\/v2\/product"}],"about":[{"href":"https:\/\/delaet.com.br\/pt_br\/wp-json\/wp\/v2\/types\/product"}],"replies":[{"embeddable":true,"href":"https:\/\/delaet.com.br\/pt_br\/wp-json\/wp\/v2\/comments?post=3673"}],"wp:featuredmedia":[{"embeddable":true,"href":"https:\/\/delaet.com.br\/pt_br\/wp-json\/wp\/v2\/media\/3671"}],"wp:attachment":[{"href":"https:\/\/delaet.com.br\/pt_br\/wp-json\/wp\/v2\/media?parent=3673"}],"wp:term":[{"taxonomy":"product_brand","embeddable":true,"href":"https:\/\/delaet.com.br\/pt_br\/wp-json\/wp\/v2\/product_brand?post=3673"},{"taxonomy":"product_cat","embeddable":true,"href":"https:\/\/delaet.com.br\/pt_br\/wp-json\/wp\/v2\/product_cat?post=3673"},{"taxonomy":"product_tag","embeddable":true,"href":"https:\/\/delaet.com.br\/pt_br\/wp-json\/wp\/v2\/product_tag?post=3673"}],"curies":[{"name":"wp","href":"https:\/\/api.w.org\/{rel}","templated":true}]}}