{"id":3687,"date":"2026-04-12T09:51:29","date_gmt":"2026-04-12T12:51:29","guid":{"rendered":"https:\/\/delaet.com.br\/pt_br\/loja\/produto\/palheta-delrin-jazz-extrapesada-d-addario-black-ice-3dbk7-10-f035\/"},"modified":"2026-04-12T17:14:27","modified_gmt":"2026-04-12T20:14:27","slug":"palheta-delrin-jazz-extrapesada-d-addario-black-ice-3dbk7-10-f035","status":"publish","type":"product","link":"https:\/\/delaet.com.br\/pt_br\/loja\/produto\/palheta-delrin-jazz-extrapesada-d-addario-black-ice-3dbk7-10-f035\/","title":{"rendered":"Palheta Delrin Jazz ExtraPesada D\u00b4Addario Black Ice 3DBK7-10"},"content":{"rendered":"<p>As palhetas Black Ice possuem um formato especial que \u00e9 perfeito para palhetadas r\u00e1pidas e situa\u00e7\u00f5es que requerem articula\u00e7\u00e3o precisa. Perfeitas tanto para bases como para solos, apresentam uma textura in\u00e9dita, que al\u00e9m de confort\u00e1vel, assegura uma \u00f3tima ader\u00eancia. S\u00e3o feitas de Duralin, um material especialmente desenvolvido pela D&#8217;Addario, que consegue aliar for\u00e7a, flexibilidade e resist\u00eancia ao desgaste. Possuem um timbre balanceado e ataque brilhante.<\/p>\n<p>Origem:Estados Unidos<br \/> Cor:Preto<br \/> Unidades por Embalagem:10<br \/> G\u00eanero:Unissex<br \/> Linha:Black Ice<br \/> Material da palheta:Duralin<br \/> \u00c9 palheta tipo dedeira:N\u00e3o<br \/> Modelo:3DBK7-10<br \/> Marca:D<br \/> Artista Relacionado:N\/A<br \/> Espessura:1.5mm<br \/> Tamanho:Pequena<\/p>\n<p><\/p>\n","protected":false},"excerpt":{"rendered":"<p>As palhetas Black Ice possuem um formato especial que \u00e9 perfeito para palhetadas r\u00e1pidas e situa\u00e7\u00f5es que requerem articula\u00e7\u00e3o precisa. Perfeitas tanto para bases como para solos, apresentam uma textura in\u00e9dita, que al\u00e9m de confort\u00e1vel, assegura uma \u00f3tima ader\u00eancia. S\u00e3o feitas de Duralin, um material especialmente desenvolvido pela D&#8217;Addario, que consegue aliar for\u00e7a, flexibilidade e [&hellip;]<\/p>\n","protected":false},"featured_media":3686,"comment_status":"open","ping_status":"closed","template":"","meta":{"om_disable_all_campaigns":false,"jetpack_publicize_message":"","jetpack_publicize_feature_enabled":true,"jetpack_social_post_already_shared":false,"jetpack_social_options":{"image_generator_settings":{"template":"highway","default_image_id":0,"font":"","enabled":false},"version":2}},"product_brand":[160],"product_cat":[96,112],"product_tag":[516,517],"class_list":{"0":"post-3687","1":"product","2":"type-product","3":"status-publish","4":"has-post-thumbnail","6":"product_brand-daddario","7":"product_cat-acessorios","8":"product_cat-palhetas","9":"product_tag-palheta","10":"product_tag-picks","12":"first","13":"instock","14":"shipping-taxable","15":"purchasable","16":"product-type-simple"},"aioseo_notices":[],"jetpack_publicize_connections":[],"jetpack_sharing_enabled":true,"_links":{"self":[{"href":"https:\/\/delaet.com.br\/pt_br\/wp-json\/wp\/v2\/product\/3687","targetHints":{"allow":["GET"]}}],"collection":[{"href":"https:\/\/delaet.com.br\/pt_br\/wp-json\/wp\/v2\/product"}],"about":[{"href":"https:\/\/delaet.com.br\/pt_br\/wp-json\/wp\/v2\/types\/product"}],"replies":[{"embeddable":true,"href":"https:\/\/delaet.com.br\/pt_br\/wp-json\/wp\/v2\/comments?post=3687"}],"wp:featuredmedia":[{"embeddable":true,"href":"https:\/\/delaet.com.br\/pt_br\/wp-json\/wp\/v2\/media\/3686"}],"wp:attachment":[{"href":"https:\/\/delaet.com.br\/pt_br\/wp-json\/wp\/v2\/media?parent=3687"}],"wp:term":[{"taxonomy":"product_brand","embeddable":true,"href":"https:\/\/delaet.com.br\/pt_br\/wp-json\/wp\/v2\/product_brand?post=3687"},{"taxonomy":"product_cat","embeddable":true,"href":"https:\/\/delaet.com.br\/pt_br\/wp-json\/wp\/v2\/product_cat?post=3687"},{"taxonomy":"product_tag","embeddable":true,"href":"https:\/\/delaet.com.br\/pt_br\/wp-json\/wp\/v2\/product_tag?post=3687"}],"curies":[{"name":"wp","href":"https:\/\/api.w.org\/{rel}","templated":true}]}}