{"id":3703,"date":"2026-04-12T09:52:24","date_gmt":"2026-04-12T12:52:24","guid":{"rendered":"https:\/\/delaet.com.br\/pt_br\/loja\/produto\/palheta-nylon-1-4mm-25-un-daddario-nylpro-plus-3npp7-25-f035\/"},"modified":"2026-04-12T17:11:15","modified_gmt":"2026-04-12T20:11:15","slug":"palheta-nylon-1-4mm-25-un-daddario-nylpro-plus-3npp7-25-f035","status":"publish","type":"product","link":"https:\/\/delaet.com.br\/pt_br\/loja\/produto\/palheta-nylon-1-4mm-25-un-daddario-nylpro-plus-3npp7-25-f035\/","title":{"rendered":"Palheta Nylon 1.4mm (25 Un) D\u00b4Addario Nylpro Plus 3NPP7-25"},"content":{"rendered":"<p>Formulada com uma combina\u00e7\u00e3o de nylon moldado e fibra de vidro, o resultado e uma palheta firme e com timbre brilhante. A Nylpro Plus apresenta as mesmas caracter\u00edsticas da Nylpro, com textura dupla para toques suaves e m\u00e1xima ader\u00eancia.<\/p>\n<p> Condi\u00e7\u00e3o do item:Novo<br \/> Fonte do Produto:Importado<br \/> G\u00eanero:Unissex<br \/> Marca:DAddario<br \/> Modelo:3NPP7-25<br \/> Origem:Estados Unidos<br \/> SKU:026571<br \/> C\u00f3digo de Barras:019954902605<br \/> N\u00famero de pe\u00e7a:3NPP7-25<br \/> Cor:Verde<br \/> \u00c9 kit:Sim<br \/> Material:Nylon<br \/> Unidades por Embalagem:25<\/p>\n<p><\/p>\n","protected":false},"excerpt":{"rendered":"<p>Formulada com uma combina\u00e7\u00e3o de nylon moldado e fibra de vidro, o resultado e uma palheta firme e com timbre brilhante. A Nylpro Plus apresenta as mesmas caracter\u00edsticas da Nylpro, com textura dupla para toques suaves e m\u00e1xima ader\u00eancia. Condi\u00e7\u00e3o do item:Novo Fonte do Produto:Importado G\u00eanero:Unissex Marca:DAddario Modelo:3NPP7-25 Origem:Estados Unidos SKU:026571 C\u00f3digo de Barras:019954902605 N\u00famero [&hellip;]<\/p>\n","protected":false},"featured_media":3701,"comment_status":"open","ping_status":"closed","template":"","meta":{"om_disable_all_campaigns":false,"jetpack_publicize_message":"","jetpack_publicize_feature_enabled":true,"jetpack_social_post_already_shared":false,"jetpack_social_options":{"image_generator_settings":{"template":"highway","default_image_id":0,"font":"","enabled":false},"version":2}},"product_brand":[160],"product_cat":[96,112],"product_tag":[516,517],"class_list":{"0":"post-3703","1":"product","2":"type-product","3":"status-publish","4":"has-post-thumbnail","6":"product_brand-daddario","7":"product_cat-acessorios","8":"product_cat-palhetas","9":"product_tag-palheta","10":"product_tag-picks","12":"first","13":"instock","14":"shipping-taxable","15":"purchasable","16":"product-type-simple"},"aioseo_notices":[],"jetpack_publicize_connections":[],"jetpack_sharing_enabled":true,"_links":{"self":[{"href":"https:\/\/delaet.com.br\/pt_br\/wp-json\/wp\/v2\/product\/3703","targetHints":{"allow":["GET"]}}],"collection":[{"href":"https:\/\/delaet.com.br\/pt_br\/wp-json\/wp\/v2\/product"}],"about":[{"href":"https:\/\/delaet.com.br\/pt_br\/wp-json\/wp\/v2\/types\/product"}],"replies":[{"embeddable":true,"href":"https:\/\/delaet.com.br\/pt_br\/wp-json\/wp\/v2\/comments?post=3703"}],"wp:featuredmedia":[{"embeddable":true,"href":"https:\/\/delaet.com.br\/pt_br\/wp-json\/wp\/v2\/media\/3701"}],"wp:attachment":[{"href":"https:\/\/delaet.com.br\/pt_br\/wp-json\/wp\/v2\/media?parent=3703"}],"wp:term":[{"taxonomy":"product_brand","embeddable":true,"href":"https:\/\/delaet.com.br\/pt_br\/wp-json\/wp\/v2\/product_brand?post=3703"},{"taxonomy":"product_cat","embeddable":true,"href":"https:\/\/delaet.com.br\/pt_br\/wp-json\/wp\/v2\/product_cat?post=3703"},{"taxonomy":"product_tag","embeddable":true,"href":"https:\/\/delaet.com.br\/pt_br\/wp-json\/wp\/v2\/product_tag?post=3703"}],"curies":[{"name":"wp","href":"https:\/\/api.w.org\/{rel}","templated":true}]}}