{"id":3707,"date":"2026-04-12T09:52:36","date_gmt":"2026-04-12T12:52:36","guid":{"rendered":"https:\/\/delaet.com.br\/pt_br\/loja\/produto\/palheta-nylon-jazz-1-4mm-25-un-daddario-nylpro-3npr7-25-f035\/"},"modified":"2026-04-15T18:24:45","modified_gmt":"2026-04-15T21:24:45","slug":"palheta-nylon-jazz-1-4mm-25-un-daddario-nylpro-3npr7-25-f035","status":"publish","type":"product","link":"https:\/\/delaet.com.br\/pt_br\/loja\/produto\/palheta-nylon-jazz-1-4mm-25-un-daddario-nylpro-3npr7-25-f035\/","title":{"rendered":"Palheta Nylon Jazz 1.4mm (25 Un) D\u00b4Addario Nylpro 3NPR7-25"},"content":{"rendered":"<p>As palhetas em formato jazz Nylpro proporcionam um timbre quente com design pontiagudo oferecendo maior articula\u00e7\u00e3o, velocidade e controle. A ponta polida faz com que a palheta deslize sem esfor\u00e7o pelas cordas ao mesmo tempo que a superf\u00edcie texturizada traz ader\u00eancia e controle. Perfeita para estilos precisos como jazz, rock progressivo e solos r\u00e1pidos.<\/p>\n<p> Condi\u00e7\u00e3o do item:Novo<br \/> Fonte do Produto:Importado<br \/> G\u00eanero:Unissex<br \/> Marca:DAddario<br \/> Modelo:3NPR7-25<br \/> Origem:Estados Unidos<br \/> SKU:026321<br \/> C\u00f3digo de Barras:019954993160<br \/> N\u00famero de pe\u00e7a:3NPR7-25<br \/> Cor:Azul<br \/> \u00c9 kit:Sim<br \/> Material:Nylon<br \/> Unidades por Embalagem:25<\/p>\n<p><\/p>\n","protected":false},"excerpt":{"rendered":"<p>As palhetas em formato jazz Nylpro proporcionam um timbre quente com design pontiagudo oferecendo maior articula\u00e7\u00e3o, velocidade e controle. A ponta polida faz com que a palheta deslize sem esfor\u00e7o pelas cordas ao mesmo tempo que a superf\u00edcie texturizada traz ader\u00eancia e controle. Perfeita para estilos precisos como jazz, rock progressivo e solos r\u00e1pidos. Condi\u00e7\u00e3o [&hellip;]<\/p>\n","protected":false},"featured_media":3704,"comment_status":"open","ping_status":"closed","template":"","meta":{"om_disable_all_campaigns":false,"jetpack_publicize_message":"","jetpack_publicize_feature_enabled":true,"jetpack_social_post_already_shared":false,"jetpack_social_options":{"image_generator_settings":{"template":"highway","default_image_id":0,"font":"","enabled":false},"version":2}},"product_brand":[160],"product_cat":[96,112],"product_tag":[516,517],"class_list":{"0":"post-3707","1":"product","2":"type-product","3":"status-publish","4":"has-post-thumbnail","6":"product_brand-daddario","7":"product_cat-acessorios","8":"product_cat-palhetas","9":"product_tag-palheta","10":"product_tag-picks","12":"first","13":"instock","14":"shipping-taxable","15":"purchasable","16":"product-type-simple"},"aioseo_notices":[],"jetpack_publicize_connections":[],"jetpack_sharing_enabled":true,"_links":{"self":[{"href":"https:\/\/delaet.com.br\/pt_br\/wp-json\/wp\/v2\/product\/3707","targetHints":{"allow":["GET"]}}],"collection":[{"href":"https:\/\/delaet.com.br\/pt_br\/wp-json\/wp\/v2\/product"}],"about":[{"href":"https:\/\/delaet.com.br\/pt_br\/wp-json\/wp\/v2\/types\/product"}],"replies":[{"embeddable":true,"href":"https:\/\/delaet.com.br\/pt_br\/wp-json\/wp\/v2\/comments?post=3707"}],"wp:featuredmedia":[{"embeddable":true,"href":"https:\/\/delaet.com.br\/pt_br\/wp-json\/wp\/v2\/media\/3704"}],"wp:attachment":[{"href":"https:\/\/delaet.com.br\/pt_br\/wp-json\/wp\/v2\/media?parent=3707"}],"wp:term":[{"taxonomy":"product_brand","embeddable":true,"href":"https:\/\/delaet.com.br\/pt_br\/wp-json\/wp\/v2\/product_brand?post=3707"},{"taxonomy":"product_cat","embeddable":true,"href":"https:\/\/delaet.com.br\/pt_br\/wp-json\/wp\/v2\/product_cat?post=3707"},{"taxonomy":"product_tag","embeddable":true,"href":"https:\/\/delaet.com.br\/pt_br\/wp-json\/wp\/v2\/product_tag?post=3707"}],"curies":[{"name":"wp","href":"https:\/\/api.w.org\/{rel}","templated":true}]}}