{"id":3710,"date":"2026-04-12T09:52:47","date_gmt":"2026-04-12T12:52:47","guid":{"rendered":"https:\/\/delaet.com.br\/pt_br\/loja\/produto\/palheta-para-ukulele-de-feltro-3-0mm-d-addario-1flt9-04-f035\/"},"modified":"2026-04-18T19:43:08","modified_gmt":"2026-04-18T22:43:08","slug":"palheta-para-ukulele-de-feltro-3-0mm-d-addario-1flt9-04-f035","status":"publish","type":"product","link":"https:\/\/delaet.com.br\/pt_br\/loja\/produto\/palheta-para-ukulele-de-feltro-3-0mm-d-addario-1flt9-04-f035\/","title":{"rendered":"Palheta Para Ukulele De Feltro 3.0mm D\u00b4Addario 1FLT9-04"},"content":{"rendered":"<p>O feltro \u00e9 o material ideal para palhetas de Ukulele, pois as palhetas comuns produzem um timbre estalado demais para este instrumento. As palhetas de feltro para Ukulele D Addario criam um timbre aveludado, com \u00f3tima proje\u00e7\u00e3o sonora, enquanto o recorte el\u00edptico interno proporciona grande ader\u00eancia e flexibilidade. Al\u00e9m do Ukulele, a palheta de feltro tamb\u00e9m \u00e9 uma excelente alternativa para utilizar com o contrabaixo e obter sonoridade simulada de dedo.?<\/p>\n<p>Origem:Estados Unidos<br \/> Cor:Branca<br \/> Unidades por Embalagem:4<br \/> G\u00eanero:Unissex<br \/> Material da palheta:Feltro<br \/> \u00c9 palheta tipo dedeira:N\u00e3o<br \/> Modelo:1FLT9-04<br \/> Marca:D<br \/> Artista Relacionado:N\/A<br \/> Espessura:3.0mm<br \/> Tamanho:Padr\u00e3o<\/p>\n<p><\/p>\n","protected":false},"excerpt":{"rendered":"<p>O feltro \u00e9 o material ideal para palhetas de Ukulele, pois as palhetas comuns produzem um timbre estalado demais para este instrumento. As palhetas de feltro para Ukulele D Addario criam um timbre aveludado, com \u00f3tima proje\u00e7\u00e3o sonora, enquanto o recorte el\u00edptico interno proporciona grande ader\u00eancia e flexibilidade. Al\u00e9m do Ukulele, a palheta de feltro [&hellip;]<\/p>\n","protected":false},"featured_media":3708,"comment_status":"open","ping_status":"closed","template":"","meta":{"om_disable_all_campaigns":false,"jetpack_publicize_message":"","jetpack_publicize_feature_enabled":true,"jetpack_social_post_already_shared":false,"jetpack_social_options":{"image_generator_settings":{"template":"highway","default_image_id":0,"font":"","enabled":false},"version":2}},"product_brand":[],"product_cat":[96,207,455,112],"product_tag":[516,517],"class_list":{"0":"post-3710","1":"product","2":"type-product","3":"status-publish","4":"has-post-thumbnail","6":"product_cat-acessorios","7":"product_cat-acusticos","8":"product_cat-outros-acusticos","9":"product_cat-palhetas","10":"product_tag-palheta","11":"product_tag-picks","13":"first","14":"instock","15":"shipping-taxable","16":"purchasable","17":"product-type-simple"},"aioseo_notices":[],"jetpack_publicize_connections":[],"jetpack_sharing_enabled":true,"_links":{"self":[{"href":"https:\/\/delaet.com.br\/pt_br\/wp-json\/wp\/v2\/product\/3710","targetHints":{"allow":["GET"]}}],"collection":[{"href":"https:\/\/delaet.com.br\/pt_br\/wp-json\/wp\/v2\/product"}],"about":[{"href":"https:\/\/delaet.com.br\/pt_br\/wp-json\/wp\/v2\/types\/product"}],"replies":[{"embeddable":true,"href":"https:\/\/delaet.com.br\/pt_br\/wp-json\/wp\/v2\/comments?post=3710"}],"wp:featuredmedia":[{"embeddable":true,"href":"https:\/\/delaet.com.br\/pt_br\/wp-json\/wp\/v2\/media\/3708"}],"wp:attachment":[{"href":"https:\/\/delaet.com.br\/pt_br\/wp-json\/wp\/v2\/media?parent=3710"}],"wp:term":[{"taxonomy":"product_brand","embeddable":true,"href":"https:\/\/delaet.com.br\/pt_br\/wp-json\/wp\/v2\/product_brand?post=3710"},{"taxonomy":"product_cat","embeddable":true,"href":"https:\/\/delaet.com.br\/pt_br\/wp-json\/wp\/v2\/product_cat?post=3710"},{"taxonomy":"product_tag","embeddable":true,"href":"https:\/\/delaet.com.br\/pt_br\/wp-json\/wp\/v2\/product_tag?post=3710"}],"curies":[{"name":"wp","href":"https:\/\/api.w.org\/{rel}","templated":true}]}}