{"id":3720,"date":"2026-04-12T09:53:24","date_gmt":"2026-04-12T12:53:24","guid":{"rendered":"https:\/\/delaet.com.br\/pt_br\/loja\/produto\/palheta-ultem-1-0mm-pesada-25-un-daddario-cortex-1uct6-25-f035\/"},"modified":"2026-04-12T17:04:48","modified_gmt":"2026-04-12T20:04:48","slug":"palheta-ultem-1-0mm-pesada-25-un-daddario-cortex-1uct6-25-f035","status":"publish","type":"product","link":"https:\/\/delaet.com.br\/pt_br\/loja\/produto\/palheta-ultem-1-0mm-pesada-25-un-daddario-cortex-1uct6-25-f035\/","title":{"rendered":"Palheta Ultem 1.0mm Pesada (25 Un) D\u00b4Addario Cortex 1UCT6-25"},"content":{"rendered":"<p>As palhetas Cortex s\u00e3o modeladas com precis\u00e3o para eliminar superf\u00edcies granuladas, proporcionando uma resposta de palhetada dinamica. Esse material se aproxima muito das palhetas tortoise shell quanto a pegada e timbre, com grande durabilidade. As palhetas Cortex oferecem um \u00f3timo ataque, com timbre limpo e brilhante, alta defini\u00e7\u00e3o de harm\u00f4nicos e permite que as notas se sobressaiam. Palhetas Cortex: Ataque, controle, clareza e durabilidade.<\/p>\n<p> Condi\u00e7\u00e3o do item:Novo<br \/> Fonte do Produto:Importado<br \/> G\u00eanero:Unissex<br \/> Marca:DAddario<br \/> Modelo:1UCT6-25<br \/> Origem:Estados Unidos<br \/> SKU:022555<br \/> C\u00f3digo de Barras:019954971335<br \/> N\u00famero de pe\u00e7a:1UCT6-25<br \/> Cor:Bege<br \/> \u00c9 kit:Sim<br \/> Material:Ultem<br \/> Unidades por Embalagem:25<\/p>\n<p><\/p>\n","protected":false},"excerpt":{"rendered":"<p>As palhetas Cortex s\u00e3o modeladas com precis\u00e3o para eliminar superf\u00edcies granuladas, proporcionando uma resposta de palhetada dinamica. Esse material se aproxima muito das palhetas tortoise shell quanto a pegada e timbre, com grande durabilidade. As palhetas Cortex oferecem um \u00f3timo ataque, com timbre limpo e brilhante, alta defini\u00e7\u00e3o de harm\u00f4nicos e permite que as notas [&hellip;]<\/p>\n","protected":false},"featured_media":3719,"comment_status":"open","ping_status":"closed","template":"","meta":{"om_disable_all_campaigns":false,"jetpack_publicize_message":"","jetpack_publicize_feature_enabled":true,"jetpack_social_post_already_shared":false,"jetpack_social_options":{"image_generator_settings":{"template":"highway","default_image_id":0,"font":"","enabled":false},"version":2}},"product_brand":[160],"product_cat":[96,112],"product_tag":[516,517],"class_list":{"0":"post-3720","1":"product","2":"type-product","3":"status-publish","4":"has-post-thumbnail","6":"product_brand-daddario","7":"product_cat-acessorios","8":"product_cat-palhetas","9":"product_tag-palheta","10":"product_tag-picks","12":"first","13":"instock","14":"shipping-taxable","15":"purchasable","16":"product-type-simple"},"aioseo_notices":[],"jetpack_publicize_connections":[],"jetpack_sharing_enabled":true,"_links":{"self":[{"href":"https:\/\/delaet.com.br\/pt_br\/wp-json\/wp\/v2\/product\/3720","targetHints":{"allow":["GET"]}}],"collection":[{"href":"https:\/\/delaet.com.br\/pt_br\/wp-json\/wp\/v2\/product"}],"about":[{"href":"https:\/\/delaet.com.br\/pt_br\/wp-json\/wp\/v2\/types\/product"}],"replies":[{"embeddable":true,"href":"https:\/\/delaet.com.br\/pt_br\/wp-json\/wp\/v2\/comments?post=3720"}],"wp:featuredmedia":[{"embeddable":true,"href":"https:\/\/delaet.com.br\/pt_br\/wp-json\/wp\/v2\/media\/3719"}],"wp:attachment":[{"href":"https:\/\/delaet.com.br\/pt_br\/wp-json\/wp\/v2\/media?parent=3720"}],"wp:term":[{"taxonomy":"product_brand","embeddable":true,"href":"https:\/\/delaet.com.br\/pt_br\/wp-json\/wp\/v2\/product_brand?post=3720"},{"taxonomy":"product_cat","embeddable":true,"href":"https:\/\/delaet.com.br\/pt_br\/wp-json\/wp\/v2\/product_cat?post=3720"},{"taxonomy":"product_tag","embeddable":true,"href":"https:\/\/delaet.com.br\/pt_br\/wp-json\/wp\/v2\/product_tag?post=3720"}],"curies":[{"name":"wp","href":"https:\/\/api.w.org\/{rel}","templated":true}]}}