{"id":3778,"date":"2026-04-12T09:57:28","date_gmt":"2026-04-12T12:57:28","guid":{"rendered":"https:\/\/delaet.com.br\/pt_br\/loja\/produto\/pestana-viola-de-arco-ebano-inferior-class-eqa141-f035\/"},"modified":"2026-04-12T16:41:49","modified_gmt":"2026-04-12T19:41:49","slug":"pestana-viola-de-arco-ebano-inferior-class-eqa141-f035","status":"publish","type":"product","link":"https:\/\/delaet.com.br\/pt_br\/loja\/produto\/pestana-viola-de-arco-ebano-inferior-class-eqa141-f035\/","title":{"rendered":"Pestana Viola De Arco \u00c9bano (Inferior) Class EQA141"},"content":{"rendered":"<p>Pestana para Viola de Arco \u00c9bano (Inferior) Class EQA141.<\/p>\n<p>Cor:\u00c9bano<br \/> G\u00eanero:Unissex<br \/> Linha:Arco e Acess\u00f3rios<br \/> Marca:Class<br \/> Modelo:EQA141<br \/> Origem:India<br \/> SKU:008384<br \/> Unidades por Embalagem:1<br \/> \u00c9 kit:N\u00e3o<br \/> Instrumento Recomendado:Viola de Arco<br \/> Condi\u00e7\u00e3o:Novo<\/p>\n<p><\/p>\n","protected":false},"excerpt":{"rendered":"<p>Pestana para Viola de Arco \u00c9bano (Inferior) Class EQA141. Cor:\u00c9bano G\u00eanero:Unissex Linha:Arco e Acess\u00f3rios Marca:Class Modelo:EQA141 Origem:India SKU:008384 Unidades por Embalagem:1 \u00c9 kit:N\u00e3o Instrumento Recomendado:Viola de Arco Condi\u00e7\u00e3o:Novo<\/p>\n","protected":false},"featured_media":3777,"comment_status":"open","ping_status":"closed","template":"","meta":{"om_disable_all_campaigns":false,"_monsterinsights_skip_tracking":false,"_monsterinsights_sitenote_active":false,"_monsterinsights_sitenote_note":"","_monsterinsights_sitenote_category":0,"jetpack_publicize_message":"","jetpack_publicize_feature_enabled":true,"jetpack_social_post_already_shared":false,"jetpack_social_options":{"image_generator_settings":{"template":"highway","default_image_id":0,"font":"","enabled":false},"version":2}},"product_brand":[168],"product_cat":[210,238],"product_tag":[493,496],"class_list":{"0":"post-3778","1":"product","2":"type-product","3":"status-publish","4":"has-post-thumbnail","6":"product_brand-class","7":"product_cat-friccionadas","8":"product_cat-outros-friccionadas","9":"product_tag-pestana","10":"product_tag-pestana-viola","12":"first","13":"instock","14":"shipping-taxable","15":"purchasable","16":"product-type-simple"},"aioseo_notices":[],"jetpack_publicize_connections":[],"jetpack_sharing_enabled":true,"_links":{"self":[{"href":"https:\/\/delaet.com.br\/pt_br\/wp-json\/wp\/v2\/product\/3778","targetHints":{"allow":["GET"]}}],"collection":[{"href":"https:\/\/delaet.com.br\/pt_br\/wp-json\/wp\/v2\/product"}],"about":[{"href":"https:\/\/delaet.com.br\/pt_br\/wp-json\/wp\/v2\/types\/product"}],"replies":[{"embeddable":true,"href":"https:\/\/delaet.com.br\/pt_br\/wp-json\/wp\/v2\/comments?post=3778"}],"wp:featuredmedia":[{"embeddable":true,"href":"https:\/\/delaet.com.br\/pt_br\/wp-json\/wp\/v2\/media\/3777"}],"wp:attachment":[{"href":"https:\/\/delaet.com.br\/pt_br\/wp-json\/wp\/v2\/media?parent=3778"}],"wp:term":[{"taxonomy":"product_brand","embeddable":true,"href":"https:\/\/delaet.com.br\/pt_br\/wp-json\/wp\/v2\/product_brand?post=3778"},{"taxonomy":"product_cat","embeddable":true,"href":"https:\/\/delaet.com.br\/pt_br\/wp-json\/wp\/v2\/product_cat?post=3778"},{"taxonomy":"product_tag","embeddable":true,"href":"https:\/\/delaet.com.br\/pt_br\/wp-json\/wp\/v2\/product_tag?post=3778"}],"curies":[{"name":"wp","href":"https:\/\/api.w.org\/{rel}","templated":true}]}}