{"id":3798,"date":"2026-04-12T09:58:53","date_gmt":"2026-04-12T12:58:53","guid":{"rendered":"https:\/\/delaet.com.br\/pt_br\/loja\/produto\/pino-ponte-violao-preto-branco-6-pecas-spirit-bpn-blk-w-f035\/"},"modified":"2026-04-20T09:08:37","modified_gmt":"2026-04-20T12:08:37","slug":"pino-ponte-violao-preto-branco-6-pecas-spirit-bpn-blk-w-f035","status":"publish","type":"product","link":"https:\/\/delaet.com.br\/pt_br\/loja\/produto\/pino-ponte-violao-preto-branco-6-pecas-spirit-bpn-blk-w-f035\/","title":{"rendered":"Pino Ponte Viol\u00e3o Preto Branco (6 Pe\u00e7as) Spirit BPN-BLK\/W"},"content":{"rendered":"<p>Pinos para ponte de Viol\u00e3o estilo Folk, em pl\u00e1stico com acabamento Preto com Dot Branco, 6 unidades, Spirit Guitar Parts &#8211; BPN-BLK\/W.<\/p>\n<p>Instrumentos compat\u00edveis:Viol\u00e3o<br \/> Material:Pl\u00e1stico<br \/> SKU:030958<\/p>\n<p> Condi\u00e7\u00e3o:Novo<br \/> Cor:Preta\/Branca<br \/> C\u00f3digo Universal do Produto:7899559810672<br \/> G\u00eanero:Unissex<br \/> Linha:Spirit Guitar Parts<br \/> MPN:A5305<br \/> Marca:Spirit<br \/> Modelo:BPN-BLK\/W<br \/> Origem:Cor\u00e9ia do Sul<br \/> Unidades por embalagem:6<br \/> \u00c9 kit:N\u00e3o<br \/> Instrumento Recomendado:Viol\u00e3o<\/p>\n<p><\/p>\n","protected":false},"excerpt":{"rendered":"<p>Pinos para ponte de Viol\u00e3o estilo Folk, em pl\u00e1stico com acabamento Preto com Dot Branco, 6 unidades, Spirit Guitar Parts &#8211; BPN-BLK\/W. Instrumentos compat\u00edveis:Viol\u00e3o Material:Pl\u00e1stico SKU:030958 Condi\u00e7\u00e3o:Novo Cor:Preta\/Branca C\u00f3digo Universal do Produto:7899559810672 G\u00eanero:Unissex Linha:Spirit Guitar Parts MPN:A5305 Marca:Spirit Modelo:BPN-BLK\/W Origem:Cor\u00e9ia do Sul Unidades por embalagem:6 \u00c9 kit:N\u00e3o Instrumento Recomendado:Viol\u00e3o<\/p>\n","protected":false},"featured_media":3797,"comment_status":"open","ping_status":"closed","template":"","meta":{"om_disable_all_campaigns":false,"jetpack_publicize_message":"","jetpack_publicize_feature_enabled":true,"jetpack_social_post_already_shared":false,"jetpack_social_options":{"image_generator_settings":{"template":"highway","default_image_id":0,"font":"","enabled":false},"version":2}},"product_brand":[165],"product_cat":[207,455],"product_tag":[492,491],"class_list":{"0":"post-3798","1":"product","2":"type-product","3":"status-publish","4":"has-post-thumbnail","6":"product_brand-spirit","7":"product_cat-acusticos","8":"product_cat-outros-acusticos","9":"product_tag-pino","10":"product_tag-pino-para-violao","12":"first","13":"outofstock","14":"shipping-taxable","15":"purchasable","16":"product-type-simple"},"aioseo_notices":[],"jetpack_publicize_connections":[],"jetpack_sharing_enabled":true,"_links":{"self":[{"href":"https:\/\/delaet.com.br\/pt_br\/wp-json\/wp\/v2\/product\/3798","targetHints":{"allow":["GET"]}}],"collection":[{"href":"https:\/\/delaet.com.br\/pt_br\/wp-json\/wp\/v2\/product"}],"about":[{"href":"https:\/\/delaet.com.br\/pt_br\/wp-json\/wp\/v2\/types\/product"}],"replies":[{"embeddable":true,"href":"https:\/\/delaet.com.br\/pt_br\/wp-json\/wp\/v2\/comments?post=3798"}],"wp:featuredmedia":[{"embeddable":true,"href":"https:\/\/delaet.com.br\/pt_br\/wp-json\/wp\/v2\/media\/3797"}],"wp:attachment":[{"href":"https:\/\/delaet.com.br\/pt_br\/wp-json\/wp\/v2\/media?parent=3798"}],"wp:term":[{"taxonomy":"product_brand","embeddable":true,"href":"https:\/\/delaet.com.br\/pt_br\/wp-json\/wp\/v2\/product_brand?post=3798"},{"taxonomy":"product_cat","embeddable":true,"href":"https:\/\/delaet.com.br\/pt_br\/wp-json\/wp\/v2\/product_cat?post=3798"},{"taxonomy":"product_tag","embeddable":true,"href":"https:\/\/delaet.com.br\/pt_br\/wp-json\/wp\/v2\/product_tag?post=3798"}],"curies":[{"name":"wp","href":"https:\/\/api.w.org\/{rel}","templated":true}]}}