{"id":3813,"date":"2026-04-12T09:59:40","date_gmt":"2026-04-12T12:59:40","guid":{"rendered":"https:\/\/delaet.com.br\/pt_br\/loja\/produto\/pino-violao-folk-ebano-olho-perolado-6-pecas-class-e3-f035\/"},"modified":"2026-04-12T16:29:45","modified_gmt":"2026-04-12T19:29:45","slug":"pino-violao-folk-ebano-olho-perolado-6-pecas-class-e3-f035","status":"publish","type":"product","link":"https:\/\/delaet.com.br\/pt_br\/loja\/produto\/pino-violao-folk-ebano-olho-perolado-6-pecas-class-e3-f035\/","title":{"rendered":"Pino Viol\u00e3o Folk \u00c9bano Olho Perolado (6 Pe\u00e7as) Class E3"},"content":{"rendered":"<p>Pino para Viol\u00e3o Folk \u00c9bano (Olho Perolado) Redondo, 6 unidades, Class E3.<\/p>\n<p>Cor:\u00c9bano<br \/> G\u00eanero:Unissex<br \/> Linha:Partes e Ferragens<br \/> Marca:Class<br \/> Modelo:E3<br \/> Origem:India<br \/> SKU:008416<br \/> Unidades por Embalagem:6<br \/> \u00c9 kit:N\u00e3o<br \/> Instrumento Recomendado:Viol\u00e3o A\u00e7o<br \/> Condi\u00e7\u00e3o:Novo<\/p>\n<p><\/p>\n","protected":false},"excerpt":{"rendered":"<p>Pino para Viol\u00e3o Folk \u00c9bano (Olho Perolado) Redondo, 6 unidades, Class E3. Cor:\u00c9bano G\u00eanero:Unissex Linha:Partes e Ferragens Marca:Class Modelo:E3 Origem:India SKU:008416 Unidades por Embalagem:6 \u00c9 kit:N\u00e3o Instrumento Recomendado:Viol\u00e3o A\u00e7o Condi\u00e7\u00e3o:Novo<\/p>\n","protected":false},"featured_media":3811,"comment_status":"open","ping_status":"closed","template":"","meta":{"om_disable_all_campaigns":false,"jetpack_publicize_message":"","jetpack_publicize_feature_enabled":true,"jetpack_social_post_already_shared":false,"jetpack_social_options":{"image_generator_settings":{"template":"highway","default_image_id":0,"font":"","enabled":false},"version":2}},"product_brand":[168],"product_cat":[207,455],"product_tag":[492,491],"class_list":{"0":"post-3813","1":"product","2":"type-product","3":"status-publish","4":"has-post-thumbnail","6":"product_brand-class","7":"product_cat-acusticos","8":"product_cat-outros-acusticos","9":"product_tag-pino","10":"product_tag-pino-para-violao","12":"first","13":"instock","14":"shipping-taxable","15":"purchasable","16":"product-type-simple"},"aioseo_notices":[],"jetpack_publicize_connections":[],"jetpack_sharing_enabled":true,"_links":{"self":[{"href":"https:\/\/delaet.com.br\/pt_br\/wp-json\/wp\/v2\/product\/3813","targetHints":{"allow":["GET"]}}],"collection":[{"href":"https:\/\/delaet.com.br\/pt_br\/wp-json\/wp\/v2\/product"}],"about":[{"href":"https:\/\/delaet.com.br\/pt_br\/wp-json\/wp\/v2\/types\/product"}],"replies":[{"embeddable":true,"href":"https:\/\/delaet.com.br\/pt_br\/wp-json\/wp\/v2\/comments?post=3813"}],"wp:featuredmedia":[{"embeddable":true,"href":"https:\/\/delaet.com.br\/pt_br\/wp-json\/wp\/v2\/media\/3811"}],"wp:attachment":[{"href":"https:\/\/delaet.com.br\/pt_br\/wp-json\/wp\/v2\/media?parent=3813"}],"wp:term":[{"taxonomy":"product_brand","embeddable":true,"href":"https:\/\/delaet.com.br\/pt_br\/wp-json\/wp\/v2\/product_brand?post=3813"},{"taxonomy":"product_cat","embeddable":true,"href":"https:\/\/delaet.com.br\/pt_br\/wp-json\/wp\/v2\/product_cat?post=3813"},{"taxonomy":"product_tag","embeddable":true,"href":"https:\/\/delaet.com.br\/pt_br\/wp-json\/wp\/v2\/product_tag?post=3813"}],"curies":[{"name":"wp","href":"https:\/\/api.w.org\/{rel}","templated":true}]}}