{"id":3830,"date":"2026-04-12T10:00:35","date_gmt":"2026-04-12T13:00:35","guid":{"rendered":"https:\/\/delaet.com.br\/pt_br\/loja\/produto\/ponte-guitarra-les-paul-dourada-spirit-lp35brd-gd-ltzc-gd-f035\/"},"modified":"2026-04-12T16:22:19","modified_gmt":"2026-04-12T19:22:19","slug":"ponte-guitarra-les-paul-dourada-spirit-lp35brd-gd-ltzc-gd-f035","status":"publish","type":"product","link":"https:\/\/delaet.com.br\/pt_br\/loja\/produto\/ponte-guitarra-les-paul-dourada-spirit-lp35brd-gd-ltzc-gd-f035\/","title":{"rendered":"Ponte Guitarra Les Paul Dourada Spirit LP35BRD-GD\/LTZC-GD"},"content":{"rendered":"<p>Ponte para Guitarra modelo Les Paul, em acabamento Dourado, Spirit Guitar Parts &#8211; LP35BRD-GD\/LTZC-GD. Em 1954, a Gibson alterou pela terceira vez o design das suas guitarras criando assim a cl\u00e1ssica ponte Tune-o-matic. Essa nova ponte possui entona\u00e7\u00e3o individual para as cordas mas o ajuste de altura da ponte \u00e9 geral. O estilo antigo dessas pontes possui dois pinos em formato de roda para ajuste da altura, mas as guitarras modernas possuem um design de ponte Tune-o-matic que se encaixa melhor e possuem os pinos com cabe\u00e7a no formato para uso de chave fenda. A dire\u00e7\u00e3o e os tipos de saddles podem ser mudados de acordo com as necessidades do consumidor.<\/p>\n<p>&#8211; Distanciamento total das cordas 52.0mm<br \/>\n&#8211; Com parafusos com roldanas para regulagem manual<br \/>\n&#8211; Saddle com fio de reten\u00e7\u00e3o<br \/>\n&#8211; Acompanha Cavalete Stop Bar LTZC?<\/p>\n<p>Espa\u00e7amento entre cordas:52<br \/> Unidade de Espa\u00e7amento entre cordas:mm<br \/> Comprimento:83,7<br \/> Unidade de Comprimento:mm<br \/> Unidade de Largura:mm<br \/> Unidade de Altura:mm<br \/> Instrumentos compat\u00edveis:Guitarra<br \/> Material:Metal<br \/> SKU:006068<\/p>\n<p> Condi\u00e7\u00e3o:Novo<br \/> Cor:Dourada<br \/> C\u00f3digo Universal do Produto:7899559800765<br \/> G\u00eanero:Unissex<br \/> Linha:Spirit Guitar Parts<br \/> MPN:006068<br \/> Marca:Spirit<br \/> Modelo:LP35BRD-GD\/LTZC-GD<br \/> Origem:Cor\u00e9ia do Sul<br \/> Unidades por embalagem:1<br \/> \u00c9 kit:Sim<br \/> Instrumento Recomendado:Guitarra<\/p>\n<p><\/p>\n","protected":false},"excerpt":{"rendered":"<p>Ponte para Guitarra modelo Les Paul, em acabamento Dourado, Spirit Guitar Parts &#8211; LP35BRD-GD\/LTZC-GD. Em 1954, a Gibson alterou pela terceira vez o design das suas guitarras criando assim a cl\u00e1ssica ponte Tune-o-matic. Essa nova ponte possui entona\u00e7\u00e3o individual para as cordas mas o ajuste de altura da ponte \u00e9 geral. O estilo antigo dessas [&hellip;]<\/p>\n","protected":false},"featured_media":3829,"comment_status":"open","ping_status":"closed","template":"","meta":{"om_disable_all_campaigns":false,"jetpack_publicize_message":"","jetpack_publicize_feature_enabled":true,"jetpack_social_post_already_shared":false,"jetpack_social_options":{"image_generator_settings":{"template":"highway","default_image_id":0,"font":"","enabled":false},"version":2}},"product_brand":[165],"product_cat":[96,28,217],"product_tag":[476,472,485],"class_list":{"0":"post-3830","1":"product","2":"type-product","3":"status-publish","4":"has-post-thumbnail","6":"product_brand-spirit","7":"product_cat-acessorios","8":"product_cat-eletricos","9":"product_cat-pontes-eletricos","10":"product_tag-les-paul","11":"product_tag-ponte","12":"product_tag-tune-o-matic","14":"first","15":"instock","16":"shipping-taxable","17":"purchasable","18":"product-type-simple"},"aioseo_notices":[],"jetpack_publicize_connections":[],"jetpack_sharing_enabled":true,"_links":{"self":[{"href":"https:\/\/delaet.com.br\/pt_br\/wp-json\/wp\/v2\/product\/3830","targetHints":{"allow":["GET"]}}],"collection":[{"href":"https:\/\/delaet.com.br\/pt_br\/wp-json\/wp\/v2\/product"}],"about":[{"href":"https:\/\/delaet.com.br\/pt_br\/wp-json\/wp\/v2\/types\/product"}],"replies":[{"embeddable":true,"href":"https:\/\/delaet.com.br\/pt_br\/wp-json\/wp\/v2\/comments?post=3830"}],"wp:featuredmedia":[{"embeddable":true,"href":"https:\/\/delaet.com.br\/pt_br\/wp-json\/wp\/v2\/media\/3829"}],"wp:attachment":[{"href":"https:\/\/delaet.com.br\/pt_br\/wp-json\/wp\/v2\/media?parent=3830"}],"wp:term":[{"taxonomy":"product_brand","embeddable":true,"href":"https:\/\/delaet.com.br\/pt_br\/wp-json\/wp\/v2\/product_brand?post=3830"},{"taxonomy":"product_cat","embeddable":true,"href":"https:\/\/delaet.com.br\/pt_br\/wp-json\/wp\/v2\/product_cat?post=3830"},{"taxonomy":"product_tag","embeddable":true,"href":"https:\/\/delaet.com.br\/pt_br\/wp-json\/wp\/v2\/product_tag?post=3830"}],"curies":[{"name":"wp","href":"https:\/\/api.w.org\/{rel}","templated":true}]}}