{"id":3849,"date":"2026-04-12T10:01:30","date_gmt":"2026-04-12T13:01:30","guid":{"rendered":"https:\/\/delaet.com.br\/pt_br\/loja\/produto\/ponte-para-baixo-4-cordas-fixa-cromada-spirit-jb6420-cr-f035\/"},"modified":"2026-04-12T16:18:46","modified_gmt":"2026-04-12T19:18:46","slug":"ponte-para-baixo-4-cordas-fixa-cromada-spirit-jb6420-cr-f035","status":"publish","type":"product","link":"https:\/\/delaet.com.br\/pt_br\/loja\/produto\/ponte-para-baixo-4-cordas-fixa-cromada-spirit-jb6420-cr-f035\/","title":{"rendered":"Ponte Para Baixo 4 Cordas Fixa Cromada Spirit JB6420-CR"},"content":{"rendered":"<p>Ponte para Baixo de 4 Cordas, estilo fixa, acabamento cromado, Spirit Guitar Parts &#8211; JB6420-CR. Parafusos e chave allen para ajuste dos saddles est\u00e3o inclu\u00eddos. Ajuste das cordas e canhotos est\u00e3o dispon\u00edveis.<\/p>\n<p>&#8211; Estilo vintage com trilho para os saddles<br \/>\n&#8211; Distanciamento total das cordas 60.0mm<\/p>\n<p>Espa\u00e7amento entre cordas:57<br \/> Unidade de Espa\u00e7amento entre cordas:mm<br \/> Comprimento:86,5<br \/> Unidade de Comprimento:mm<br \/> Unidade de Largura:mm<br \/> Unidade de Altura:mm<br \/> Instrumentos compat\u00edveis:Baixo<br \/> Material:Metal<br \/> SKU:006076<\/p>\n<p> Condi\u00e7\u00e3o:Novo<br \/> Cor:Cromada<br \/> C\u00f3digo Universal do Produto:7899559800840<br \/> G\u00eanero:Unissex<br \/> Linha:Spirit Guitar Parts<br \/> MPN:H4010_90<br \/> Marca:Spirit<br \/> Modelo:JB6420-CR<br \/> Origem:Cor\u00e9ia do Sul<br \/> Unidades por embalagem:1<br \/> \u00c9 kit:N\u00e3o<br \/> Instrumento Recomendado:Baixo<\/p>\n<p><\/p>\n","protected":false},"excerpt":{"rendered":"<p>Ponte para Baixo de 4 Cordas, estilo fixa, acabamento cromado, Spirit Guitar Parts &#8211; JB6420-CR. Parafusos e chave allen para ajuste dos saddles est\u00e3o inclu\u00eddos. Ajuste das cordas e canhotos est\u00e3o dispon\u00edveis. &#8211; Estilo vintage com trilho para os saddles &#8211; Distanciamento total das cordas 60.0mm Espa\u00e7amento entre cordas:57 Unidade de Espa\u00e7amento entre cordas:mm Comprimento:86,5 [&hellip;]<\/p>\n","protected":false},"featured_media":3844,"comment_status":"open","ping_status":"closed","template":"","meta":{"om_disable_all_campaigns":false,"jetpack_publicize_message":"","jetpack_publicize_feature_enabled":true,"jetpack_social_post_already_shared":false,"jetpack_social_options":{"image_generator_settings":{"template":"highway","default_image_id":0,"font":"","enabled":false},"version":2}},"product_brand":[165],"product_cat":[96,28,217],"product_tag":[484],"class_list":{"0":"post-3849","1":"product","2":"type-product","3":"status-publish","4":"has-post-thumbnail","6":"product_brand-spirit","7":"product_cat-acessorios","8":"product_cat-eletricos","9":"product_cat-pontes-eletricos","10":"product_tag-ponte-para-baixo","12":"first","13":"instock","14":"shipping-taxable","15":"purchasable","16":"product-type-simple"},"aioseo_notices":[],"jetpack_publicize_connections":[],"jetpack_sharing_enabled":true,"_links":{"self":[{"href":"https:\/\/delaet.com.br\/pt_br\/wp-json\/wp\/v2\/product\/3849","targetHints":{"allow":["GET"]}}],"collection":[{"href":"https:\/\/delaet.com.br\/pt_br\/wp-json\/wp\/v2\/product"}],"about":[{"href":"https:\/\/delaet.com.br\/pt_br\/wp-json\/wp\/v2\/types\/product"}],"replies":[{"embeddable":true,"href":"https:\/\/delaet.com.br\/pt_br\/wp-json\/wp\/v2\/comments?post=3849"}],"wp:featuredmedia":[{"embeddable":true,"href":"https:\/\/delaet.com.br\/pt_br\/wp-json\/wp\/v2\/media\/3844"}],"wp:attachment":[{"href":"https:\/\/delaet.com.br\/pt_br\/wp-json\/wp\/v2\/media?parent=3849"}],"wp:term":[{"taxonomy":"product_brand","embeddable":true,"href":"https:\/\/delaet.com.br\/pt_br\/wp-json\/wp\/v2\/product_brand?post=3849"},{"taxonomy":"product_cat","embeddable":true,"href":"https:\/\/delaet.com.br\/pt_br\/wp-json\/wp\/v2\/product_cat?post=3849"},{"taxonomy":"product_tag","embeddable":true,"href":"https:\/\/delaet.com.br\/pt_br\/wp-json\/wp\/v2\/product_tag?post=3849"}],"curies":[{"name":"wp","href":"https:\/\/api.w.org\/{rel}","templated":true}]}}