{"id":3851,"date":"2026-04-12T10:01:39","date_gmt":"2026-04-12T13:01:39","guid":{"rendered":"https:\/\/delaet.com.br\/pt_br\/loja\/produto\/ponte-para-baixo-4-cordas-fixa-dourada-spirit-bs41-gd-f035\/"},"modified":"2026-04-12T16:18:23","modified_gmt":"2026-04-12T19:18:23","slug":"ponte-para-baixo-4-cordas-fixa-dourada-spirit-bs41-gd-f035","status":"publish","type":"product","link":"https:\/\/delaet.com.br\/pt_br\/loja\/produto\/ponte-para-baixo-4-cordas-fixa-dourada-spirit-bs41-gd-f035\/","title":{"rendered":"Ponte Para Baixo 4 Cordas Fixa Dourada Spirit BS41-GD"},"content":{"rendered":"<p>Ponte para Baixo de 4 Cordas, estilo fixa, acabamento dourado, Spirit Guitar Parts &#8211; BS41-GD. Parafusos e chave allen para ajuste dos saddles est\u00e3o inclu\u00eddos. Ajuste das cordas e canhotos est\u00e3o dispon\u00edveis.<\/p>\n<p>&#8211; Estilo moderno e refor\u00e7ado<br \/>\n&#8211; Distanciamento total das cordas 57.0mm<\/p>\n<p>Espa\u00e7amento entre cordas:57<br \/> Unidade de Espa\u00e7amento entre cordas:mm<br \/> Comprimento:85,7<br \/> Unidade de Comprimento:mm<br \/> Unidade de Largura:mm<br \/> Unidade de Altura:mm<br \/> Instrumentos compat\u00edveis:Baixo<br \/> Material:Metal<br \/> SKU:021676<\/p>\n<p> Condi\u00e7\u00e3o:Novo<br \/> Cor:Dourada<br \/> C\u00f3digo Universal do Produto:7899559806965<br \/> G\u00eanero:Unissex<br \/> Linha:Spirit Guitar Parts<br \/> MPN:H4035_40<br \/> Marca:Spirit<br \/> Modelo:BS41-GD<br \/> Origem:Cor\u00e9ia do Sul<br \/> Unidades por embalagem:1<br \/> \u00c9 kit:N\u00e3o<br \/> Instrumento Recomendado:Baixo<\/p>\n<p><\/p>\n","protected":false},"excerpt":{"rendered":"<p>Ponte para Baixo de 4 Cordas, estilo fixa, acabamento dourado, Spirit Guitar Parts &#8211; BS41-GD. Parafusos e chave allen para ajuste dos saddles est\u00e3o inclu\u00eddos. Ajuste das cordas e canhotos est\u00e3o dispon\u00edveis. &#8211; Estilo moderno e refor\u00e7ado &#8211; Distanciamento total das cordas 57.0mm Espa\u00e7amento entre cordas:57 Unidade de Espa\u00e7amento entre cordas:mm Comprimento:85,7 Unidade de Comprimento:mm [&hellip;]<\/p>\n","protected":false},"featured_media":3850,"comment_status":"open","ping_status":"closed","template":"","meta":{"om_disable_all_campaigns":false,"jetpack_publicize_message":"","jetpack_publicize_feature_enabled":true,"jetpack_social_post_already_shared":false,"jetpack_social_options":{"image_generator_settings":{"template":"highway","default_image_id":0,"font":"","enabled":false},"version":2}},"product_brand":[165],"product_cat":[96,28,217],"product_tag":[484],"class_list":{"0":"post-3851","1":"product","2":"type-product","3":"status-publish","4":"has-post-thumbnail","6":"product_brand-spirit","7":"product_cat-acessorios","8":"product_cat-eletricos","9":"product_cat-pontes-eletricos","10":"product_tag-ponte-para-baixo","12":"first","13":"instock","14":"shipping-taxable","15":"purchasable","16":"product-type-simple"},"aioseo_notices":[],"jetpack_publicize_connections":[],"jetpack_sharing_enabled":true,"_links":{"self":[{"href":"https:\/\/delaet.com.br\/pt_br\/wp-json\/wp\/v2\/product\/3851","targetHints":{"allow":["GET"]}}],"collection":[{"href":"https:\/\/delaet.com.br\/pt_br\/wp-json\/wp\/v2\/product"}],"about":[{"href":"https:\/\/delaet.com.br\/pt_br\/wp-json\/wp\/v2\/types\/product"}],"replies":[{"embeddable":true,"href":"https:\/\/delaet.com.br\/pt_br\/wp-json\/wp\/v2\/comments?post=3851"}],"wp:featuredmedia":[{"embeddable":true,"href":"https:\/\/delaet.com.br\/pt_br\/wp-json\/wp\/v2\/media\/3850"}],"wp:attachment":[{"href":"https:\/\/delaet.com.br\/pt_br\/wp-json\/wp\/v2\/media?parent=3851"}],"wp:term":[{"taxonomy":"product_brand","embeddable":true,"href":"https:\/\/delaet.com.br\/pt_br\/wp-json\/wp\/v2\/product_brand?post=3851"},{"taxonomy":"product_cat","embeddable":true,"href":"https:\/\/delaet.com.br\/pt_br\/wp-json\/wp\/v2\/product_cat?post=3851"},{"taxonomy":"product_tag","embeddable":true,"href":"https:\/\/delaet.com.br\/pt_br\/wp-json\/wp\/v2\/product_tag?post=3851"}],"curies":[{"name":"wp","href":"https:\/\/api.w.org\/{rel}","templated":true}]}}