{"id":3853,"date":"2026-04-12T10:01:48","date_gmt":"2026-04-12T13:01:48","guid":{"rendered":"https:\/\/delaet.com.br\/pt_br\/loja\/produto\/ponte-para-baixo-4-cordas-fixa-preta-spirit-lt4-bk-f035\/"},"modified":"2026-04-12T16:17:45","modified_gmt":"2026-04-12T19:17:45","slug":"ponte-para-baixo-4-cordas-fixa-preta-spirit-lt4-bk-f035","status":"publish","type":"product","link":"https:\/\/delaet.com.br\/pt_br\/loja\/produto\/ponte-para-baixo-4-cordas-fixa-preta-spirit-lt4-bk-f035\/","title":{"rendered":"Ponte Para Baixo 4 Cordas Fixa Preta Spirit LT4-BK"},"content":{"rendered":"<p>Ponte para Baixo de 4 Cordas, estilo fixa, acabamento preto, Spirit Guitar Parts &#8211; LT4-BK. Parafusos e chave allen para ajuste dos saddles est\u00e3o inclu\u00eddos. Ajuste das cordas e canhotos est\u00e3o dispon\u00edveis.<\/p>\n<p>&#8211; Saddles resistentes estilo bala refor\u00e7adas<br \/>\n&#8211; Distanciamento total das cordas 54.0mm<\/p>\n<p>Espa\u00e7amento entre cordas:54<br \/> Unidade de Espa\u00e7amento entre cordas:mm<br \/> Comprimento:90<br \/> Unidade de Comprimento:mm<br \/> Unidade de Largura:mm<br \/> Unidade de Altura:mm<br \/> Instrumentos compat\u00edveis:Baixo<br \/> Material:Metal<br \/> SKU:006081<\/p>\n<p> Condi\u00e7\u00e3o:Novo<br \/> Cor:Preta<br \/> C\u00f3digo Universal do Produto:7899559800895<br \/> G\u00eanero:Unissex<br \/> Linha:Spirit Guitar Parts<br \/> MPN:H4020_00<br \/> Marca:Spirit<br \/> Modelo:LT4-BK<br \/> Origem:Cor\u00e9ia do Sul<br \/> Unidades por embalagem:1<br \/> \u00c9 kit:N\u00e3o<br \/> Instrumento Recomendado:Baixo<\/p>\n<p><\/p>\n","protected":false},"excerpt":{"rendered":"<p>Ponte para Baixo de 4 Cordas, estilo fixa, acabamento preto, Spirit Guitar Parts &#8211; LT4-BK. Parafusos e chave allen para ajuste dos saddles est\u00e3o inclu\u00eddos. Ajuste das cordas e canhotos est\u00e3o dispon\u00edveis. &#8211; Saddles resistentes estilo bala refor\u00e7adas &#8211; Distanciamento total das cordas 54.0mm Espa\u00e7amento entre cordas:54 Unidade de Espa\u00e7amento entre cordas:mm Comprimento:90 Unidade de [&hellip;]<\/p>\n","protected":false},"featured_media":3852,"comment_status":"open","ping_status":"closed","template":"","meta":{"om_disable_all_campaigns":false,"jetpack_publicize_message":"","jetpack_publicize_feature_enabled":true,"jetpack_social_post_already_shared":false,"jetpack_social_options":{"image_generator_settings":{"template":"highway","default_image_id":0,"font":"","enabled":false},"version":2}},"product_brand":[165],"product_cat":[96,28,217],"product_tag":[484],"class_list":{"0":"post-3853","1":"product","2":"type-product","3":"status-publish","4":"has-post-thumbnail","6":"product_brand-spirit","7":"product_cat-acessorios","8":"product_cat-eletricos","9":"product_cat-pontes-eletricos","10":"product_tag-ponte-para-baixo","12":"first","13":"instock","14":"shipping-taxable","15":"purchasable","16":"product-type-simple"},"aioseo_notices":[],"jetpack_publicize_connections":[],"jetpack_sharing_enabled":true,"_links":{"self":[{"href":"https:\/\/delaet.com.br\/pt_br\/wp-json\/wp\/v2\/product\/3853","targetHints":{"allow":["GET"]}}],"collection":[{"href":"https:\/\/delaet.com.br\/pt_br\/wp-json\/wp\/v2\/product"}],"about":[{"href":"https:\/\/delaet.com.br\/pt_br\/wp-json\/wp\/v2\/types\/product"}],"replies":[{"embeddable":true,"href":"https:\/\/delaet.com.br\/pt_br\/wp-json\/wp\/v2\/comments?post=3853"}],"wp:featuredmedia":[{"embeddable":true,"href":"https:\/\/delaet.com.br\/pt_br\/wp-json\/wp\/v2\/media\/3852"}],"wp:attachment":[{"href":"https:\/\/delaet.com.br\/pt_br\/wp-json\/wp\/v2\/media?parent=3853"}],"wp:term":[{"taxonomy":"product_brand","embeddable":true,"href":"https:\/\/delaet.com.br\/pt_br\/wp-json\/wp\/v2\/product_brand?post=3853"},{"taxonomy":"product_cat","embeddable":true,"href":"https:\/\/delaet.com.br\/pt_br\/wp-json\/wp\/v2\/product_cat?post=3853"},{"taxonomy":"product_tag","embeddable":true,"href":"https:\/\/delaet.com.br\/pt_br\/wp-json\/wp\/v2\/product_tag?post=3853"}],"curies":[{"name":"wp","href":"https:\/\/api.w.org\/{rel}","templated":true}]}}