{"id":3865,"date":"2026-04-12T10:02:32","date_gmt":"2026-04-12T13:02:32","guid":{"rendered":"https:\/\/delaet.com.br\/pt_br\/loja\/produto\/ponte-para-baixo-5-cordas-fixa-preta-spirit-lt5-bk-f035\/"},"modified":"2026-04-12T16:15:13","modified_gmt":"2026-04-12T19:15:13","slug":"ponte-para-baixo-5-cordas-fixa-preta-spirit-lt5-bk-f035","status":"publish","type":"product","link":"https:\/\/delaet.com.br\/pt_br\/loja\/produto\/ponte-para-baixo-5-cordas-fixa-preta-spirit-lt5-bk-f035\/","title":{"rendered":"Ponte Para Baixo 5 Cordas Fixa Preta Spirit LT5-BK"},"content":{"rendered":"<p>Ponte para Baixo de 5 Cordas, estilo fixa, acabamento preto, Spirit Guitar Parts &#8211; LT5-BK. Parafusos e chave allen para ajuste dos saddles est\u00e3o inclu\u00eddos. Ajuste das cordas e canhotos est\u00e3o dispon\u00edveis.<\/p>\n<p>&#8211; Saddles resistentes estilo bala refor\u00e7adas<br \/>\n&#8211; Distanciamento total das cordas 72.0mm?<\/p>\n<p>Espa\u00e7amento entre cordas:72<br \/> Unidade de Espa\u00e7amento entre cordas:mm<br \/> Comprimento:103<br \/> Unidade de Comprimento:mm<br \/> Unidade de Largura:mm<br \/> Unidade de Altura:mm<br \/> Instrumentos compat\u00edveis:Baixo<br \/> Material:Metal<br \/> SKU:006083<\/p>\n<p> Condi\u00e7\u00e3o:Novo<br \/> Cor:Preta<br \/> C\u00f3digo Universal do Produto:7899559800918<br \/> G\u00eanero:Unissex<br \/> Linha:Spirit Guitar Parts<br \/> MPN:H4520_00<br \/> Marca:Spirit<br \/> Modelo:LT5-BK<br \/> Origem:Cor\u00e9ia do Sul<br \/> Unidades por embalagem:1<br \/> \u00c9 kit:N\u00e3o<br \/> Instrumento Recomendado:Baixo<\/p>\n<p><\/p>\n","protected":false},"excerpt":{"rendered":"<p>Ponte para Baixo de 5 Cordas, estilo fixa, acabamento preto, Spirit Guitar Parts &#8211; LT5-BK. Parafusos e chave allen para ajuste dos saddles est\u00e3o inclu\u00eddos. Ajuste das cordas e canhotos est\u00e3o dispon\u00edveis. &#8211; Saddles resistentes estilo bala refor\u00e7adas &#8211; Distanciamento total das cordas 72.0mm? Espa\u00e7amento entre cordas:72 Unidade de Espa\u00e7amento entre cordas:mm Comprimento:103 Unidade de [&hellip;]<\/p>\n","protected":false},"featured_media":3863,"comment_status":"open","ping_status":"closed","template":"","meta":{"om_disable_all_campaigns":false,"jetpack_publicize_message":"","jetpack_publicize_feature_enabled":true,"jetpack_social_post_already_shared":false,"jetpack_social_options":{"image_generator_settings":{"template":"highway","default_image_id":0,"font":"","enabled":false},"version":2}},"product_brand":[165],"product_cat":[96,28,217],"product_tag":[484],"class_list":{"0":"post-3865","1":"product","2":"type-product","3":"status-publish","4":"has-post-thumbnail","6":"product_brand-spirit","7":"product_cat-acessorios","8":"product_cat-eletricos","9":"product_cat-pontes-eletricos","10":"product_tag-ponte-para-baixo","12":"first","13":"instock","14":"shipping-taxable","15":"purchasable","16":"product-type-simple"},"aioseo_notices":[],"jetpack_publicize_connections":[],"jetpack_sharing_enabled":true,"_links":{"self":[{"href":"https:\/\/delaet.com.br\/pt_br\/wp-json\/wp\/v2\/product\/3865","targetHints":{"allow":["GET"]}}],"collection":[{"href":"https:\/\/delaet.com.br\/pt_br\/wp-json\/wp\/v2\/product"}],"about":[{"href":"https:\/\/delaet.com.br\/pt_br\/wp-json\/wp\/v2\/types\/product"}],"replies":[{"embeddable":true,"href":"https:\/\/delaet.com.br\/pt_br\/wp-json\/wp\/v2\/comments?post=3865"}],"wp:featuredmedia":[{"embeddable":true,"href":"https:\/\/delaet.com.br\/pt_br\/wp-json\/wp\/v2\/media\/3863"}],"wp:attachment":[{"href":"https:\/\/delaet.com.br\/pt_br\/wp-json\/wp\/v2\/media?parent=3865"}],"wp:term":[{"taxonomy":"product_brand","embeddable":true,"href":"https:\/\/delaet.com.br\/pt_br\/wp-json\/wp\/v2\/product_brand?post=3865"},{"taxonomy":"product_cat","embeddable":true,"href":"https:\/\/delaet.com.br\/pt_br\/wp-json\/wp\/v2\/product_cat?post=3865"},{"taxonomy":"product_tag","embeddable":true,"href":"https:\/\/delaet.com.br\/pt_br\/wp-json\/wp\/v2\/product_tag?post=3865"}],"curies":[{"name":"wp","href":"https:\/\/api.w.org\/{rel}","templated":true}]}}