{"id":3867,"date":"2026-04-12T10:02:43","date_gmt":"2026-04-12T13:02:43","guid":{"rendered":"https:\/\/delaet.com.br\/pt_br\/loja\/produto\/ponte-para-baixo-de-5-cordas-cromada-gotoh-j510sj-5-c-f035\/"},"modified":"2026-04-12T16:14:33","modified_gmt":"2026-04-12T19:14:33","slug":"ponte-para-baixo-de-5-cordas-cromada-gotoh-j510sj-5-c-f035","status":"publish","type":"product","link":"https:\/\/delaet.com.br\/pt_br\/loja\/produto\/ponte-para-baixo-de-5-cordas-cromada-gotoh-j510sj-5-c-f035\/","title":{"rendered":"Ponte Para Baixo De 5 Cordas Cromada Gotoh J510SJ-5 C"},"content":{"rendered":"<p>Ponte fixa para baixo de 5 cordas, com espa\u00e7amento entre-cordas de 18mm, feita em a\u00e7o e ligas met\u00e1licas.  * Acabamento em Chrome (cromado) * Inclui parafusos e chave Allen para ajuste de altura dos Saddles * Fabricado no Jap\u00e3o<\/p>\n<p> Condi\u00e7\u00e3o do item:Novo<br \/> C\u00f3digo de Barra:7899559813109<br \/> G\u00eanero:Unissex<br \/> Instrumento recomendado:Baixo 5 cordas<br \/> Marca:Gotoh<br \/> Modelo:J510SJ-5 C\/TS06\/TS08<br \/> Origem:Jap\u00e3o<br \/> Quantidade de unidades:1<br \/> \u00c9 Kit:N\u00e3o<br \/> Unidade de Espa\u00e7amento entre cordas:mm<br \/> Espa\u00e7amento entre cordas:18<\/p>\n<p><\/p>\n","protected":false},"excerpt":{"rendered":"<p>Ponte fixa para baixo de 5 cordas, com espa\u00e7amento entre-cordas de 18mm, feita em a\u00e7o e ligas met\u00e1licas. * Acabamento em Chrome (cromado) * Inclui parafusos e chave Allen para ajuste de altura dos Saddles * Fabricado no Jap\u00e3o Condi\u00e7\u00e3o do item:Novo C\u00f3digo de Barra:7899559813109 G\u00eanero:Unissex Instrumento recomendado:Baixo 5 cordas Marca:Gotoh Modelo:J510SJ-5 C\/TS06\/TS08 Origem:Jap\u00e3o Quantidade [&hellip;]<\/p>\n","protected":false},"featured_media":3866,"comment_status":"open","ping_status":"closed","template":"","meta":{"om_disable_all_campaigns":false,"jetpack_publicize_message":"","jetpack_publicize_feature_enabled":true,"jetpack_social_post_already_shared":false,"jetpack_social_options":{"image_generator_settings":{"template":"highway","default_image_id":0,"font":"","enabled":false},"version":2}},"product_brand":[164],"product_cat":[96,28,217],"product_tag":[484],"class_list":{"0":"post-3867","1":"product","2":"type-product","3":"status-publish","4":"has-post-thumbnail","6":"product_brand-gotoh","7":"product_cat-acessorios","8":"product_cat-eletricos","9":"product_cat-pontes-eletricos","10":"product_tag-ponte-para-baixo","12":"first","13":"instock","14":"shipping-taxable","15":"purchasable","16":"product-type-simple"},"aioseo_notices":[],"jetpack_publicize_connections":[],"jetpack_sharing_enabled":true,"_links":{"self":[{"href":"https:\/\/delaet.com.br\/pt_br\/wp-json\/wp\/v2\/product\/3867","targetHints":{"allow":["GET"]}}],"collection":[{"href":"https:\/\/delaet.com.br\/pt_br\/wp-json\/wp\/v2\/product"}],"about":[{"href":"https:\/\/delaet.com.br\/pt_br\/wp-json\/wp\/v2\/types\/product"}],"replies":[{"embeddable":true,"href":"https:\/\/delaet.com.br\/pt_br\/wp-json\/wp\/v2\/comments?post=3867"}],"wp:featuredmedia":[{"embeddable":true,"href":"https:\/\/delaet.com.br\/pt_br\/wp-json\/wp\/v2\/media\/3866"}],"wp:attachment":[{"href":"https:\/\/delaet.com.br\/pt_br\/wp-json\/wp\/v2\/media?parent=3867"}],"wp:term":[{"taxonomy":"product_brand","embeddable":true,"href":"https:\/\/delaet.com.br\/pt_br\/wp-json\/wp\/v2\/product_brand?post=3867"},{"taxonomy":"product_cat","embeddable":true,"href":"https:\/\/delaet.com.br\/pt_br\/wp-json\/wp\/v2\/product_cat?post=3867"},{"taxonomy":"product_tag","embeddable":true,"href":"https:\/\/delaet.com.br\/pt_br\/wp-json\/wp\/v2\/product_tag?post=3867"}],"curies":[{"name":"wp","href":"https:\/\/api.w.org\/{rel}","templated":true}]}}