{"id":3884,"date":"2026-04-12T10:03:32","date_gmt":"2026-04-12T13:03:32","guid":{"rendered":"https:\/\/delaet.com.br\/pt_br\/loja\/produto\/ponte-para-guitarra-modelo-telecaster-cromada-spirit-eg14-cr-f035\/"},"modified":"2026-04-12T16:12:33","modified_gmt":"2026-04-12T19:12:33","slug":"ponte-para-guitarra-modelo-telecaster-cromada-spirit-eg14-cr-f035","status":"publish","type":"product","link":"https:\/\/delaet.com.br\/pt_br\/loja\/produto\/ponte-para-guitarra-modelo-telecaster-cromada-spirit-eg14-cr-f035\/","title":{"rendered":"Ponte Para Guitarra Modelo Telecaster Cromada Spirit EG14-CR"},"content":{"rendered":"<p>Ponte para Guitarra modelo Telecaster, em acabamento Cromado, Spirit Guitar Parts &#8211; EG14-CR. Com visual r\u00fastico, mas altamente eficazes, as pontes para telecaster possuem saddles por onde passam as cordas, ancoradas na parte de tr\u00e1s da guitarra (through-body). Cada saddle e ajust\u00e1vel tanto na altura como na entona\u00e7\u00e3o.<\/p>\n<p>&#8211; 6 saddles (individuais) em metal<br \/>\n&#8211; Fabricada em a\u00e7o, fixada por 4 parafusos<br \/>\n&#8211; Travamento das cordas atrav\u00e9s do corpo (through-body)<br \/>\n&#8211; Distanciamento entre cordas de 55.0 mm<br \/>\n&#8211; Peso aproximado 188.3g<\/p>\n<p>Espa\u00e7amento entre cordas:54<br \/> Unidade de Espa\u00e7amento entre cordas:mm<br \/> Comprimento:98<br \/> Unidade de Comprimento:mm<br \/> Unidade de Largura:mm<br \/> Unidade de Altura:N\/A<br \/> Instrumentos compat\u00edveis:Guitarra<br \/> Material:Metal<br \/> SKU:006043<\/p>\n<p> Condi\u00e7\u00e3o:Novo<br \/> Cor:Cromada<br \/> C\u00f3digo Universal do Produto:7899559800543<br \/> G\u00eanero:Unissex<br \/> Linha:Spirit Guitar Parts<br \/> MPN:H3230_90<br \/> Marca:Spirit<br \/> Modelo:EG14-CR<br \/> Origem:Cor\u00e9ia do Sul<br \/> Unidades por embalagem:1<br \/> \u00c9 kit:N\u00e3o<br \/> Instrumento Recomendado:Guitarra<\/p>\n<p><\/p>\n","protected":false},"excerpt":{"rendered":"<p>Ponte para Guitarra modelo Telecaster, em acabamento Cromado, Spirit Guitar Parts &#8211; EG14-CR. Com visual r\u00fastico, mas altamente eficazes, as pontes para telecaster possuem saddles por onde passam as cordas, ancoradas na parte de tr\u00e1s da guitarra (through-body). Cada saddle e ajust\u00e1vel tanto na altura como na entona\u00e7\u00e3o. &#8211; 6 saddles (individuais) em metal &#8211; [&hellip;]<\/p>\n","protected":false},"featured_media":3879,"comment_status":"open","ping_status":"closed","template":"","meta":{"om_disable_all_campaigns":false,"jetpack_publicize_message":"","jetpack_publicize_feature_enabled":true,"jetpack_social_post_already_shared":false,"jetpack_social_options":{"image_generator_settings":{"template":"highway","default_image_id":0,"font":"","enabled":false},"version":2}},"product_brand":[165],"product_cat":[96,28,217],"product_tag":[472,482],"class_list":{"0":"post-3884","1":"product","2":"type-product","3":"status-publish","4":"has-post-thumbnail","6":"product_brand-spirit","7":"product_cat-acessorios","8":"product_cat-eletricos","9":"product_cat-pontes-eletricos","10":"product_tag-ponte","11":"product_tag-ponte-tele","13":"first","14":"instock","15":"shipping-taxable","16":"purchasable","17":"product-type-simple"},"aioseo_notices":[],"jetpack_publicize_connections":[],"jetpack_sharing_enabled":true,"_links":{"self":[{"href":"https:\/\/delaet.com.br\/pt_br\/wp-json\/wp\/v2\/product\/3884","targetHints":{"allow":["GET"]}}],"collection":[{"href":"https:\/\/delaet.com.br\/pt_br\/wp-json\/wp\/v2\/product"}],"about":[{"href":"https:\/\/delaet.com.br\/pt_br\/wp-json\/wp\/v2\/types\/product"}],"replies":[{"embeddable":true,"href":"https:\/\/delaet.com.br\/pt_br\/wp-json\/wp\/v2\/comments?post=3884"}],"wp:featuredmedia":[{"embeddable":true,"href":"https:\/\/delaet.com.br\/pt_br\/wp-json\/wp\/v2\/media\/3879"}],"wp:attachment":[{"href":"https:\/\/delaet.com.br\/pt_br\/wp-json\/wp\/v2\/media?parent=3884"}],"wp:term":[{"taxonomy":"product_brand","embeddable":true,"href":"https:\/\/delaet.com.br\/pt_br\/wp-json\/wp\/v2\/product_brand?post=3884"},{"taxonomy":"product_cat","embeddable":true,"href":"https:\/\/delaet.com.br\/pt_br\/wp-json\/wp\/v2\/product_cat?post=3884"},{"taxonomy":"product_tag","embeddable":true,"href":"https:\/\/delaet.com.br\/pt_br\/wp-json\/wp\/v2\/product_tag?post=3884"}],"curies":[{"name":"wp","href":"https:\/\/api.w.org\/{rel}","templated":true}]}}