{"id":3903,"date":"2026-04-12T10:04:33","date_gmt":"2026-04-12T13:04:33","guid":{"rendered":"https:\/\/delaet.com.br\/pt_br\/loja\/produto\/ponte-stop-bar-guitarra-les-paul-dourada-gotoh-ge101z-t-gg-f035\/"},"modified":"2026-04-12T16:04:48","modified_gmt":"2026-04-12T19:04:48","slug":"ponte-stop-bar-guitarra-les-paul-dourada-gotoh-ge101z-t-gg-f035","status":"publish","type":"product","link":"https:\/\/delaet.com.br\/pt_br\/loja\/produto\/ponte-stop-bar-guitarra-les-paul-dourada-gotoh-ge101z-t-gg-f035\/","title":{"rendered":"Ponte Stop Bar Guitarra Les Paul Dourada Gotoh GE101Z-T GG"},"content":{"rendered":"<p>O Stop Bar, tamb\u00e9m conhecido popularmente como Cavalete ou Cordal, faz parte dos conjunto de Tailpiece que comp\u00f5em as pontes de guitarras modelos Les Paul, SG, entre outras, feito em Zinco.<br \/>\nO GE101Z-T possui design cl\u00e1ssico e \u00e9 o terminal de ancoragem das cordas em guitarras equipadas com pontes Tune-O-Matic.<br \/>\nCom colunas m\u00e9tricas com ajustes de altura, nos quais seus piv\u00f4s com cabe\u00e7a abauladas, se fixam firmemente as buchas ao corpo do instrumento.<br \/>\nAcabamento em Gold (dourado)<br \/>\nInclui buchas e piv\u00f4s de instala\u00e7\u00e3o<br \/>\nFabricado no Jap\u00e3o<br \/>\nEspecifica\u00e7\u00f5es dos piv\u00f4s: M8<br \/>\nDi\u00e2metro das buchas: 11.3mm<br \/>\nMedidas para fixa\u00e7\u00e3o de piv\u00f4 a piv\u00f4: 82mm<br \/>\nEspa\u00e7amento da 1\u00aa a 6\u00aa corda de: 51.5mm<br \/>\nMedidas: 102mm de comprimento X 18mm de largura X 7mm de altura<\/p>\n<p>Cor:Dourado<br \/> \u00c9 kit:N\u00e3o<br \/> Espa\u00e7amento entre cordas:10.3mm<br \/> Instrumento Recomendado:Guitarra<br \/> Unidades por embalagem:1<\/p>\n<p> Condi\u00e7\u00e3o do item:Novo<br \/> Fonte do Produto:Importado<br \/> G\u00eanero:Unissex<br \/> Marca:Gotoh<br \/> Modelo:GE101Z-T GG<br \/> Origem:Jap\u00e3o<br \/> SKU:008985<br \/> C\u00f3digo de Barras:7899559812843<br \/> N\u00famero de pe\u00e7a:GE101Z-T GG<br \/> Comprimento da embalagem:26 cm<br \/> Largura da embalagem:24 cm<br \/> Altura da embalagem:3 cm<br \/> Peso da embalagem:21 g<br \/> Tipo da embalagem:Sem embalagem adicional<\/p>\n<p><\/p>\n","protected":false},"excerpt":{"rendered":"<p>O Stop Bar, tamb\u00e9m conhecido popularmente como Cavalete ou Cordal, faz parte dos conjunto de Tailpiece que comp\u00f5em as pontes de guitarras modelos Les Paul, SG, entre outras, feito em Zinco. O GE101Z-T possui design cl\u00e1ssico e \u00e9 o terminal de ancoragem das cordas em guitarras equipadas com pontes Tune-O-Matic. Com colunas m\u00e9tricas com ajustes [&hellip;]<\/p>\n","protected":false},"featured_media":3902,"comment_status":"open","ping_status":"closed","template":"","meta":{"om_disable_all_campaigns":false,"jetpack_publicize_message":"","jetpack_publicize_feature_enabled":true,"jetpack_social_post_already_shared":false,"jetpack_social_options":{"image_generator_settings":{"template":"highway","default_image_id":0,"font":"","enabled":false},"version":2}},"product_brand":[164],"product_cat":[96,28,217],"product_tag":[476,472,475],"class_list":{"0":"post-3903","1":"product","2":"type-product","3":"status-publish","4":"has-post-thumbnail","6":"product_brand-gotoh","7":"product_cat-acessorios","8":"product_cat-eletricos","9":"product_cat-pontes-eletricos","10":"product_tag-les-paul","11":"product_tag-ponte","12":"product_tag-stop-bar","14":"first","15":"instock","16":"shipping-taxable","17":"purchasable","18":"product-type-simple"},"aioseo_notices":[],"jetpack_publicize_connections":[],"jetpack_sharing_enabled":true,"_links":{"self":[{"href":"https:\/\/delaet.com.br\/pt_br\/wp-json\/wp\/v2\/product\/3903","targetHints":{"allow":["GET"]}}],"collection":[{"href":"https:\/\/delaet.com.br\/pt_br\/wp-json\/wp\/v2\/product"}],"about":[{"href":"https:\/\/delaet.com.br\/pt_br\/wp-json\/wp\/v2\/types\/product"}],"replies":[{"embeddable":true,"href":"https:\/\/delaet.com.br\/pt_br\/wp-json\/wp\/v2\/comments?post=3903"}],"wp:featuredmedia":[{"embeddable":true,"href":"https:\/\/delaet.com.br\/pt_br\/wp-json\/wp\/v2\/media\/3902"}],"wp:attachment":[{"href":"https:\/\/delaet.com.br\/pt_br\/wp-json\/wp\/v2\/media?parent=3903"}],"wp:term":[{"taxonomy":"product_brand","embeddable":true,"href":"https:\/\/delaet.com.br\/pt_br\/wp-json\/wp\/v2\/product_brand?post=3903"},{"taxonomy":"product_cat","embeddable":true,"href":"https:\/\/delaet.com.br\/pt_br\/wp-json\/wp\/v2\/product_cat?post=3903"},{"taxonomy":"product_tag","embeddable":true,"href":"https:\/\/delaet.com.br\/pt_br\/wp-json\/wp\/v2\/product_tag?post=3903"}],"curies":[{"name":"wp","href":"https:\/\/api.w.org\/{rel}","templated":true}]}}