{"id":3931,"date":"2026-04-12T10:06:02","date_gmt":"2026-04-12T13:06:02","guid":{"rendered":"https:\/\/delaet.com.br\/pt_br\/loja\/produto\/potenciometro-a500k-push-pull-dpdt-instrumentos-cts-a500-pp-f035\/"},"modified":"2026-04-12T15:56:17","modified_gmt":"2026-04-12T18:56:17","slug":"potenciometro-a500k-push-pull-dpdt-instrumentos-cts-a500-pp-f035","status":"publish","type":"product","link":"https:\/\/delaet.com.br\/pt_br\/loja\/produto\/potenciometro-a500k-push-pull-dpdt-instrumentos-cts-a500-pp-f035\/","title":{"rendered":"Potenci\u00f4metro A500K Push-Pull DPDT Instrumentos CTS-A500-PP"},"content":{"rendered":"<p>A CTS produz os potenci\u00f4metros mais conhecidos da ind\u00fastria desde 2013. Os eixos met\u00e1licos s\u00e3o fabricados com mat\u00e9ria prima selecionada e est\u00e3o dispon\u00edveis em 3 op\u00e7\u00f5es de comprimentos e tamanhos, para compatibilidade em diferentes necessidades: seja em escudos ou corpos dos mais diversos instrumentos. Os potenci\u00f4metros CTS s\u00e3o reconhecidos por sua alta qualidade, contribuindo para uma sonoridade sem igual e performance confi\u00e1vel, sendo a melhor escolha do mercado para substitui\u00e7\u00e3o e upgrades em seu equipamento m\u00fasical.<\/p>\n<p>NCM:92099400<br \/> Modelo:CTS-A500-PP<br \/> Marca:CTS<br \/> Codigo universal de produto (GTIN):4518830235197<br \/> Origem:Taiwan<br \/> G\u00eanero:Unissex<\/p>\n<p> Condi\u00e7\u00e3o do item:Novo<br \/> \u00c9 Kit:N\u00e3o<br \/> Tipo de potenci\u00f4metro:Rotativo<br \/> Tipo de varia\u00e7\u00e3o:Logar\u00edtmica<br \/> Quantidade de pinos:3<br \/> N\u00famero de pe\u00e7a:1<br \/> Formato de venda:Pacote<br \/> Unidades por kit:1<br \/> Instrumento Recomendado:Instrumentos\/Equipamentos<\/p>\n<p><\/p>\n","protected":false},"excerpt":{"rendered":"<p>A CTS produz os potenci\u00f4metros mais conhecidos da ind\u00fastria desde 2013. Os eixos met\u00e1licos s\u00e3o fabricados com mat\u00e9ria prima selecionada e est\u00e3o dispon\u00edveis em 3 op\u00e7\u00f5es de comprimentos e tamanhos, para compatibilidade em diferentes necessidades: seja em escudos ou corpos dos mais diversos instrumentos. Os potenci\u00f4metros CTS s\u00e3o reconhecidos por sua alta qualidade, contribuindo para [&hellip;]<\/p>\n","protected":false},"featured_media":3929,"comment_status":"open","ping_status":"closed","template":"","meta":{"om_disable_all_campaigns":false,"jetpack_publicize_message":"","jetpack_publicize_feature_enabled":true,"jetpack_social_post_already_shared":false,"jetpack_social_options":{"image_generator_settings":{"template":"highway","default_image_id":0,"font":"","enabled":false},"version":2}},"product_brand":[175],"product_cat":[96,28,220],"product_tag":[466,467],"class_list":{"0":"post-3931","1":"product","2":"type-product","3":"status-publish","4":"has-post-thumbnail","6":"product_brand-cts","7":"product_cat-acessorios","8":"product_cat-eletricos","9":"product_cat-potenciometros-eletricos","10":"product_tag-potenciometro","11":"product_tag-push-pull","13":"first","14":"instock","15":"shipping-taxable","16":"purchasable","17":"product-type-simple"},"aioseo_notices":[],"jetpack_publicize_connections":[],"jetpack_sharing_enabled":true,"_links":{"self":[{"href":"https:\/\/delaet.com.br\/pt_br\/wp-json\/wp\/v2\/product\/3931","targetHints":{"allow":["GET"]}}],"collection":[{"href":"https:\/\/delaet.com.br\/pt_br\/wp-json\/wp\/v2\/product"}],"about":[{"href":"https:\/\/delaet.com.br\/pt_br\/wp-json\/wp\/v2\/types\/product"}],"replies":[{"embeddable":true,"href":"https:\/\/delaet.com.br\/pt_br\/wp-json\/wp\/v2\/comments?post=3931"}],"wp:featuredmedia":[{"embeddable":true,"href":"https:\/\/delaet.com.br\/pt_br\/wp-json\/wp\/v2\/media\/3929"}],"wp:attachment":[{"href":"https:\/\/delaet.com.br\/pt_br\/wp-json\/wp\/v2\/media?parent=3931"}],"wp:term":[{"taxonomy":"product_brand","embeddable":true,"href":"https:\/\/delaet.com.br\/pt_br\/wp-json\/wp\/v2\/product_brand?post=3931"},{"taxonomy":"product_cat","embeddable":true,"href":"https:\/\/delaet.com.br\/pt_br\/wp-json\/wp\/v2\/product_cat?post=3931"},{"taxonomy":"product_tag","embeddable":true,"href":"https:\/\/delaet.com.br\/pt_br\/wp-json\/wp\/v2\/product_tag?post=3931"}],"curies":[{"name":"wp","href":"https:\/\/api.w.org\/{rel}","templated":true}]}}