{"id":3940,"date":"2026-04-12T10:06:34","date_gmt":"2026-04-12T13:06:34","guid":{"rendered":"https:\/\/delaet.com.br\/pt_br\/loja\/produto\/potenciometro-b25k-instrumentos-equipamentos-alpha-alp-25kb-f035\/"},"modified":"2026-04-18T19:43:12","modified_gmt":"2026-04-18T22:43:12","slug":"potenciometro-b25k-instrumentos-equipamentos-alpha-alp-25kb-f035","status":"publish","type":"product","link":"https:\/\/delaet.com.br\/pt_br\/loja\/produto\/potenciometro-b25k-instrumentos-equipamentos-alpha-alp-25kb-f035\/","title":{"rendered":"Potenci\u00f4metro B25K Instrumentos\/Equipamentos Alpha ALP-25KB"},"content":{"rendered":"<p>Os acess\u00f3rios para instrumentos Alpha s\u00e3o famosos por seu valor acess\u00edvel e sua not\u00e1vel alta confiabilidade, consolidada ao redor do planeta e reconhecida como uma excelente escolha para substitui\u00e7\u00e3o e upgrades em seu instrumento.<\/p>\n<p>NCM:92099400<br \/> Modelo:ALP-25KB<br \/> Marca:Alpha<br \/> Codigo universal de produto (GTIN):4518830235234<br \/> Origem:Taiwan<br \/> G\u00eanero:Unissex<\/p>\n<p> Condi\u00e7\u00e3o do item:Novo<br \/> \u00c9 Kit:N\u00e3o<br \/> Tipo de potenci\u00f4metro:Rotativo<br \/> Tipo de varia\u00e7\u00e3o:Linear<br \/> Quantidade de pinos:3<br \/> N\u00famero de pe\u00e7a:1<br \/> Formato de venda:Pacote<br \/> Unidades por kit:1<br \/> Instrumento recomendado:Instrumentos\/Equipamentos<\/p>\n<p><\/p>\n","protected":false},"excerpt":{"rendered":"<p>Os acess\u00f3rios para instrumentos Alpha s\u00e3o famosos por seu valor acess\u00edvel e sua not\u00e1vel alta confiabilidade, consolidada ao redor do planeta e reconhecida como uma excelente escolha para substitui\u00e7\u00e3o e upgrades em seu instrumento. NCM:92099400 Modelo:ALP-25KB Marca:Alpha Codigo universal de produto (GTIN):4518830235234 Origem:Taiwan G\u00eanero:Unissex Condi\u00e7\u00e3o do item:Novo \u00c9 Kit:N\u00e3o Tipo de potenci\u00f4metro:Rotativo Tipo de varia\u00e7\u00e3o:Linear [&hellip;]<\/p>\n","protected":false},"featured_media":3938,"comment_status":"open","ping_status":"closed","template":"","meta":{"om_disable_all_campaigns":false,"jetpack_publicize_message":"","jetpack_publicize_feature_enabled":true,"jetpack_social_post_already_shared":false,"jetpack_social_options":{"image_generator_settings":{"template":"highway","default_image_id":0,"font":"","enabled":false},"version":2}},"product_brand":[173],"product_cat":[96,28,220],"product_tag":[466],"class_list":{"0":"post-3940","1":"product","2":"type-product","3":"status-publish","4":"has-post-thumbnail","6":"product_brand-alpha","7":"product_cat-acessorios","8":"product_cat-eletricos","9":"product_cat-potenciometros-eletricos","10":"product_tag-potenciometro","12":"first","13":"instock","14":"shipping-taxable","15":"purchasable","16":"product-type-simple"},"aioseo_notices":[],"jetpack_publicize_connections":[],"jetpack_sharing_enabled":true,"_links":{"self":[{"href":"https:\/\/delaet.com.br\/pt_br\/wp-json\/wp\/v2\/product\/3940","targetHints":{"allow":["GET"]}}],"collection":[{"href":"https:\/\/delaet.com.br\/pt_br\/wp-json\/wp\/v2\/product"}],"about":[{"href":"https:\/\/delaet.com.br\/pt_br\/wp-json\/wp\/v2\/types\/product"}],"replies":[{"embeddable":true,"href":"https:\/\/delaet.com.br\/pt_br\/wp-json\/wp\/v2\/comments?post=3940"}],"wp:featuredmedia":[{"embeddable":true,"href":"https:\/\/delaet.com.br\/pt_br\/wp-json\/wp\/v2\/media\/3938"}],"wp:attachment":[{"href":"https:\/\/delaet.com.br\/pt_br\/wp-json\/wp\/v2\/media?parent=3940"}],"wp:term":[{"taxonomy":"product_brand","embeddable":true,"href":"https:\/\/delaet.com.br\/pt_br\/wp-json\/wp\/v2\/product_brand?post=3940"},{"taxonomy":"product_cat","embeddable":true,"href":"https:\/\/delaet.com.br\/pt_br\/wp-json\/wp\/v2\/product_cat?post=3940"},{"taxonomy":"product_tag","embeddable":true,"href":"https:\/\/delaet.com.br\/pt_br\/wp-json\/wp\/v2\/product_tag?post=3940"}],"curies":[{"name":"wp","href":"https:\/\/api.w.org\/{rel}","templated":true}]}}