{"id":3951,"date":"2026-04-12T10:07:14","date_gmt":"2026-04-12T13:07:14","guid":{"rendered":"https:\/\/delaet.com.br\/pt_br\/loja\/produto\/potenciometro-instrumentos-3-unidades-spirit-pan18-mn100k-f035\/"},"modified":"2026-04-15T19:46:56","modified_gmt":"2026-04-15T22:46:56","slug":"potenciometro-instrumentos-3-unidades-spirit-pan18-mn100k-f035","status":"publish","type":"product","link":"https:\/\/delaet.com.br\/pt_br\/loja\/produto\/potenciometro-instrumentos-3-unidades-spirit-pan18-mn100k-f035\/","title":{"rendered":"Potenci\u00f4metro Instrumentos (3 Unidades) Spirit PAN18-MN100K"},"content":{"rendered":"<p>Potenci\u00f4metros para instrumentos, tipo Blend (balan\u00e7o), 3 unidades, Spirit Guitar Parts &#8211; PAN18-MN100K. Resistores tipo A, B, C, com comprimento de hastes de 15mm e 18mm, porca e arruela inclusas.?<\/p>\n<p>Instrumentos compat\u00edveis:Guitarra\/Baixo<br \/> Material:Metal\/Pol\u00edmero<br \/> SKU:021629<\/p>\n<p> Condi\u00e7\u00e3o:Novo<br \/> Cor:N\/A<br \/> C\u00f3digo Universal do Produto:7899559806491<br \/> G\u00eanero:Unissex<br \/> Linha:Spirit Guitar Parts<br \/> MPN:E7751_2F<br \/> Marca:Spirit<br \/> Modelo:PAN18-MN100K<br \/> Origem:Cor\u00e9ia do Sul<br \/> Unidades por embalagem:3<br \/> \u00c9 kit:N\u00e3o<br \/> Instrumento Recomendado:Guitarra\/Baixo<\/p>\n<p><\/p>\n","protected":false},"excerpt":{"rendered":"<p>Potenci\u00f4metros para instrumentos, tipo Blend (balan\u00e7o), 3 unidades, Spirit Guitar Parts &#8211; PAN18-MN100K. Resistores tipo A, B, C, com comprimento de hastes de 15mm e 18mm, porca e arruela inclusas.? Instrumentos compat\u00edveis:Guitarra\/Baixo Material:Metal\/Pol\u00edmero SKU:021629 Condi\u00e7\u00e3o:Novo Cor:N\/A C\u00f3digo Universal do Produto:7899559806491 G\u00eanero:Unissex Linha:Spirit Guitar Parts MPN:E7751_2F Marca:Spirit Modelo:PAN18-MN100K Origem:Cor\u00e9ia do Sul Unidades por embalagem:3 \u00c9 kit:N\u00e3o [&hellip;]<\/p>\n","protected":false},"featured_media":3950,"comment_status":"open","ping_status":"closed","template":"","meta":{"om_disable_all_campaigns":false,"jetpack_publicize_message":"","jetpack_publicize_feature_enabled":true,"jetpack_social_post_already_shared":false,"jetpack_social_options":{"image_generator_settings":{"template":"highway","default_image_id":0,"font":"","enabled":false},"version":2}},"product_brand":[165],"product_cat":[96,28,220],"product_tag":[466],"class_list":{"0":"post-3951","1":"product","2":"type-product","3":"status-publish","4":"has-post-thumbnail","6":"product_brand-spirit","7":"product_cat-acessorios","8":"product_cat-eletricos","9":"product_cat-potenciometros-eletricos","10":"product_tag-potenciometro","12":"first","13":"instock","14":"shipping-taxable","15":"purchasable","16":"product-type-simple"},"aioseo_notices":[],"jetpack_publicize_connections":[],"jetpack_sharing_enabled":true,"_links":{"self":[{"href":"https:\/\/delaet.com.br\/pt_br\/wp-json\/wp\/v2\/product\/3951","targetHints":{"allow":["GET"]}}],"collection":[{"href":"https:\/\/delaet.com.br\/pt_br\/wp-json\/wp\/v2\/product"}],"about":[{"href":"https:\/\/delaet.com.br\/pt_br\/wp-json\/wp\/v2\/types\/product"}],"replies":[{"embeddable":true,"href":"https:\/\/delaet.com.br\/pt_br\/wp-json\/wp\/v2\/comments?post=3951"}],"wp:featuredmedia":[{"embeddable":true,"href":"https:\/\/delaet.com.br\/pt_br\/wp-json\/wp\/v2\/media\/3950"}],"wp:attachment":[{"href":"https:\/\/delaet.com.br\/pt_br\/wp-json\/wp\/v2\/media?parent=3951"}],"wp:term":[{"taxonomy":"product_brand","embeddable":true,"href":"https:\/\/delaet.com.br\/pt_br\/wp-json\/wp\/v2\/product_brand?post=3951"},{"taxonomy":"product_cat","embeddable":true,"href":"https:\/\/delaet.com.br\/pt_br\/wp-json\/wp\/v2\/product_cat?post=3951"},{"taxonomy":"product_tag","embeddable":true,"href":"https:\/\/delaet.com.br\/pt_br\/wp-json\/wp\/v2\/product_tag?post=3951"}],"curies":[{"name":"wp","href":"https:\/\/api.w.org\/{rel}","templated":true}]}}