{"id":3967,"date":"2026-04-12T10:08:00","date_gmt":"2026-04-12T13:08:00","guid":{"rendered":"https:\/\/delaet.com.br\/pt_br\/loja\/produto\/potenciometro-instrumentos-3-unidades-spirit-vl2415h-a250k-f035\/"},"modified":"2026-04-17T19:51:48","modified_gmt":"2026-04-17T22:51:48","slug":"potenciometro-instrumentos-3-unidades-spirit-vl2415h-a250k-f035","status":"publish","type":"product","link":"https:\/\/delaet.com.br\/pt_br\/loja\/produto\/potenciometro-instrumentos-3-unidades-spirit-vl2415h-a250k-f035\/","title":{"rendered":"Potenci\u00f4metro Instrumentos (3 Unidades) Spirit VL2415H-A250K"},"content":{"rendered":"<p>Potenci\u00f4metros para instrumentos, amplificadores e equipamentos eletr\u00f4nicos, tipo Log Taper, ponta serrilhada com 18 dentes e eixo bipartido, 3 unidades, Spirit Guitar Parts &#8211; VL2415H-A250K. Resistores tipo A, B, C, com comprimento de haste de 15mm e 24mm de di\u00e2metro, rosca M8.0-0.75P com haste em alum\u00ednio, porca e arruela inclusas.<\/p>\n<p>Instrumentos compat\u00edveis:Guitarra\/Baixo\/Amps<br \/> Material:Metal\/Pol\u00edmero<br \/> SKU:006279<\/p>\n<p> Condi\u00e7\u00e3o:Novo<br \/> Cor:N\/A<br \/> C\u00f3digo Universal do Produto:7899559802790<br \/> G\u00eanero:Unissex<br \/> Linha:Spirit Guitar Parts<br \/> MPN:E7706_3<br \/> Marca:Spirit<br \/> Modelo:VL2415H-A250K<br \/> Origem:Cor\u00e9ia do Sul<br \/> Unidades por embalagem:3<br \/> \u00c9 kit:N\u00e3o<br \/> Instrumento Recomendado:Guitarra\/Baixo\/Amps<\/p>\n<p><\/p>\n","protected":false},"excerpt":{"rendered":"<p>Potenci\u00f4metros para instrumentos, amplificadores e equipamentos eletr\u00f4nicos, tipo Log Taper, ponta serrilhada com 18 dentes e eixo bipartido, 3 unidades, Spirit Guitar Parts &#8211; VL2415H-A250K. Resistores tipo A, B, C, com comprimento de haste de 15mm e 24mm de di\u00e2metro, rosca M8.0-0.75P com haste em alum\u00ednio, porca e arruela inclusas. Instrumentos compat\u00edveis:Guitarra\/Baixo\/Amps Material:Metal\/Pol\u00edmero SKU:006279 Condi\u00e7\u00e3o:Novo [&hellip;]<\/p>\n","protected":false},"featured_media":3965,"comment_status":"open","ping_status":"closed","template":"","meta":{"om_disable_all_campaigns":false,"jetpack_publicize_message":"","jetpack_publicize_feature_enabled":true,"jetpack_social_post_already_shared":false,"jetpack_social_options":{"image_generator_settings":{"template":"highway","default_image_id":0,"font":"","enabled":false},"version":2}},"product_brand":[165],"product_cat":[96,28,220],"product_tag":[466],"class_list":{"0":"post-3967","1":"product","2":"type-product","3":"status-publish","4":"has-post-thumbnail","6":"product_brand-spirit","7":"product_cat-acessorios","8":"product_cat-eletricos","9":"product_cat-potenciometros-eletricos","10":"product_tag-potenciometro","12":"first","13":"instock","14":"shipping-taxable","15":"purchasable","16":"product-type-simple"},"aioseo_notices":[],"jetpack_publicize_connections":[],"jetpack_sharing_enabled":true,"_links":{"self":[{"href":"https:\/\/delaet.com.br\/pt_br\/wp-json\/wp\/v2\/product\/3967","targetHints":{"allow":["GET"]}}],"collection":[{"href":"https:\/\/delaet.com.br\/pt_br\/wp-json\/wp\/v2\/product"}],"about":[{"href":"https:\/\/delaet.com.br\/pt_br\/wp-json\/wp\/v2\/types\/product"}],"replies":[{"embeddable":true,"href":"https:\/\/delaet.com.br\/pt_br\/wp-json\/wp\/v2\/comments?post=3967"}],"wp:featuredmedia":[{"embeddable":true,"href":"https:\/\/delaet.com.br\/pt_br\/wp-json\/wp\/v2\/media\/3965"}],"wp:attachment":[{"href":"https:\/\/delaet.com.br\/pt_br\/wp-json\/wp\/v2\/media?parent=3967"}],"wp:term":[{"taxonomy":"product_brand","embeddable":true,"href":"https:\/\/delaet.com.br\/pt_br\/wp-json\/wp\/v2\/product_brand?post=3967"},{"taxonomy":"product_cat","embeddable":true,"href":"https:\/\/delaet.com.br\/pt_br\/wp-json\/wp\/v2\/product_cat?post=3967"},{"taxonomy":"product_tag","embeddable":true,"href":"https:\/\/delaet.com.br\/pt_br\/wp-json\/wp\/v2\/product_tag?post=3967"}],"curies":[{"name":"wp","href":"https:\/\/api.w.org\/{rel}","templated":true}]}}