{"id":3981,"date":"2026-04-12T10:08:43","date_gmt":"2026-04-12T13:08:43","guid":{"rendered":"https:\/\/delaet.com.br\/pt_br\/loja\/produto\/potenciometro-instrumentos-3-unidades-spirit-vlpp1-b500k-f035\/"},"modified":"2026-04-16T19:47:25","modified_gmt":"2026-04-16T22:47:25","slug":"potenciometro-instrumentos-3-unidades-spirit-vlpp1-b500k-f035","status":"publish","type":"product","link":"https:\/\/delaet.com.br\/pt_br\/loja\/produto\/potenciometro-instrumentos-3-unidades-spirit-vlpp1-b500k-f035\/","title":{"rendered":"Potenci\u00f4metro Instrumentos (3 Unidades) Spirit VLPP1-B500K"},"content":{"rendered":"<p>Potenci\u00f4metros para instrumentos, tipo Log Taper Push-Pull, ponta serrilhada com 18 dentes e eixo bipartido, DPDT tipo curto, 3 unidades, Spirit Guitar Parts &#8211; VLPP1-B500K. Resistores tipo A, B, C, com comprimento de hastes de 15mm e 18mm, rosca M8.0-0.75P com haste em alum\u00ednio, porca e arruela inclusas.<\/p>\n<p>Instrumentos compat\u00edveis:Guitarra\/Baixo<br \/> Material:Metal\/Pol\u00edmero<br \/> SKU:021635<\/p>\n<p> Condi\u00e7\u00e3o:Novo<br \/> Cor:N\/A<br \/> C\u00f3digo Universal do Produto:7899559806552<br \/> G\u00eanero:Unissex<br \/> Linha:Spirit Guitar Parts<br \/> MPN:E7650_8<br \/> Marca:Spirit<br \/> Modelo:VLPP1-B500K<br \/> Origem:Cor\u00e9ia do Sul<br \/> Unidades por embalagem:3<br \/> \u00c9 kit:N\u00e3o<br \/> Instrumento Recomendado:Guitarra\/Baixo<\/p>\n<p><\/p>\n","protected":false},"excerpt":{"rendered":"<p>Potenci\u00f4metros para instrumentos, tipo Log Taper Push-Pull, ponta serrilhada com 18 dentes e eixo bipartido, DPDT tipo curto, 3 unidades, Spirit Guitar Parts &#8211; VLPP1-B500K. Resistores tipo A, B, C, com comprimento de hastes de 15mm e 18mm, rosca M8.0-0.75P com haste em alum\u00ednio, porca e arruela inclusas. Instrumentos compat\u00edveis:Guitarra\/Baixo Material:Metal\/Pol\u00edmero SKU:021635 Condi\u00e7\u00e3o:Novo Cor:N\/A C\u00f3digo [&hellip;]<\/p>\n","protected":false},"featured_media":3980,"comment_status":"open","ping_status":"closed","template":"","meta":{"om_disable_all_campaigns":false,"jetpack_publicize_message":"","jetpack_publicize_feature_enabled":true,"jetpack_social_post_already_shared":false,"jetpack_social_options":{"image_generator_settings":{"template":"highway","default_image_id":0,"font":"","enabled":false},"version":2}},"product_brand":[165],"product_cat":[96,28,220],"product_tag":[466,467,468],"class_list":{"0":"post-3981","1":"product","2":"type-product","3":"status-publish","4":"has-post-thumbnail","6":"product_brand-spirit","7":"product_cat-acessorios","8":"product_cat-eletricos","9":"product_cat-potenciometros-eletricos","10":"product_tag-potenciometro","11":"product_tag-push-pull","12":"product_tag-push-push","14":"first","15":"instock","16":"shipping-taxable","17":"purchasable","18":"product-type-simple"},"aioseo_notices":[],"jetpack_publicize_connections":[],"jetpack_sharing_enabled":true,"_links":{"self":[{"href":"https:\/\/delaet.com.br\/pt_br\/wp-json\/wp\/v2\/product\/3981","targetHints":{"allow":["GET"]}}],"collection":[{"href":"https:\/\/delaet.com.br\/pt_br\/wp-json\/wp\/v2\/product"}],"about":[{"href":"https:\/\/delaet.com.br\/pt_br\/wp-json\/wp\/v2\/types\/product"}],"replies":[{"embeddable":true,"href":"https:\/\/delaet.com.br\/pt_br\/wp-json\/wp\/v2\/comments?post=3981"}],"wp:featuredmedia":[{"embeddable":true,"href":"https:\/\/delaet.com.br\/pt_br\/wp-json\/wp\/v2\/media\/3980"}],"wp:attachment":[{"href":"https:\/\/delaet.com.br\/pt_br\/wp-json\/wp\/v2\/media?parent=3981"}],"wp:term":[{"taxonomy":"product_brand","embeddable":true,"href":"https:\/\/delaet.com.br\/pt_br\/wp-json\/wp\/v2\/product_brand?post=3981"},{"taxonomy":"product_cat","embeddable":true,"href":"https:\/\/delaet.com.br\/pt_br\/wp-json\/wp\/v2\/product_cat?post=3981"},{"taxonomy":"product_tag","embeddable":true,"href":"https:\/\/delaet.com.br\/pt_br\/wp-json\/wp\/v2\/product_tag?post=3981"}],"curies":[{"name":"wp","href":"https:\/\/api.w.org\/{rel}","templated":true}]}}