{"id":3989,"date":"2026-04-12T10:09:06","date_gmt":"2026-04-12T13:09:06","guid":{"rendered":"https:\/\/delaet.com.br\/pt_br\/loja\/produto\/potenciometro-instrumentos-unidade-spirit-vpp3-a500k-i-f035\/"},"modified":"2026-04-12T15:45:38","modified_gmt":"2026-04-12T18:45:38","slug":"potenciometro-instrumentos-unidade-spirit-vpp3-a500k-i-f035","status":"publish","type":"product","link":"https:\/\/delaet.com.br\/pt_br\/loja\/produto\/potenciometro-instrumentos-unidade-spirit-vpp3-a500k-i-f035\/","title":{"rendered":"Potenci\u00f4metro Instrumentos (Unidade) Spirit VPP3-A500K-I"},"content":{"rendered":"<p>Potenci\u00f4metros para instrumentos, tipo Log Taper Push-Push, eixo bipartido, DPDT, unidade, Spirit Guitar Parts &#8211; VPP3-A500K-I. Resistores tipo A, B, C, di\u00e2metro de 3\/8, 2 porcas e 1 arruela inclusas.<\/p>\n<p>Instrumentos compat\u00edveis:Guitarra\/Baixo<br \/> Material:Metal\/Pol\u00edmero<br \/> SKU:008285<\/p>\n<p> Condi\u00e7\u00e3o:Novo<br \/> Cor:N\/A<br \/> C\u00f3digo Universal do Produto:7899559803636<br \/> G\u00eanero:Unissex<br \/> Linha:Spirit Guitar Parts<br \/> MPN:E7600_34<br \/> Marca:Spirit<br \/> Modelo:VPP3-A500K-I<br \/> Origem:Cor\u00e9ia do Sul<br \/> Unidades por embalagem:1<br \/> \u00c9 kit:N\u00e3o<br \/> Instrumento Recomendado:Guitarra\/Baixo<\/p>\n<p><\/p>\n","protected":false},"excerpt":{"rendered":"<p>Potenci\u00f4metros para instrumentos, tipo Log Taper Push-Push, eixo bipartido, DPDT, unidade, Spirit Guitar Parts &#8211; VPP3-A500K-I. Resistores tipo A, B, C, di\u00e2metro de 3\/8, 2 porcas e 1 arruela inclusas. Instrumentos compat\u00edveis:Guitarra\/Baixo Material:Metal\/Pol\u00edmero SKU:008285 Condi\u00e7\u00e3o:Novo Cor:N\/A C\u00f3digo Universal do Produto:7899559803636 G\u00eanero:Unissex Linha:Spirit Guitar Parts MPN:E7600_34 Marca:Spirit Modelo:VPP3-A500K-I Origem:Cor\u00e9ia do Sul Unidades por embalagem:1 \u00c9 kit:N\u00e3o [&hellip;]<\/p>\n","protected":false},"featured_media":3986,"comment_status":"open","ping_status":"closed","template":"","meta":{"om_disable_all_campaigns":false,"jetpack_publicize_message":"","jetpack_publicize_feature_enabled":true,"jetpack_social_post_already_shared":false,"jetpack_social_options":{"image_generator_settings":{"template":"highway","default_image_id":0,"font":"","enabled":false},"version":2}},"product_brand":[165],"product_cat":[96,28,220],"product_tag":[466,467,468],"class_list":{"0":"post-3989","1":"product","2":"type-product","3":"status-publish","4":"has-post-thumbnail","6":"product_brand-spirit","7":"product_cat-acessorios","8":"product_cat-eletricos","9":"product_cat-potenciometros-eletricos","10":"product_tag-potenciometro","11":"product_tag-push-pull","12":"product_tag-push-push","14":"first","15":"instock","16":"shipping-taxable","17":"purchasable","18":"product-type-simple"},"aioseo_notices":[],"jetpack_publicize_connections":[],"jetpack_sharing_enabled":true,"_links":{"self":[{"href":"https:\/\/delaet.com.br\/pt_br\/wp-json\/wp\/v2\/product\/3989","targetHints":{"allow":["GET"]}}],"collection":[{"href":"https:\/\/delaet.com.br\/pt_br\/wp-json\/wp\/v2\/product"}],"about":[{"href":"https:\/\/delaet.com.br\/pt_br\/wp-json\/wp\/v2\/types\/product"}],"replies":[{"embeddable":true,"href":"https:\/\/delaet.com.br\/pt_br\/wp-json\/wp\/v2\/comments?post=3989"}],"wp:featuredmedia":[{"embeddable":true,"href":"https:\/\/delaet.com.br\/pt_br\/wp-json\/wp\/v2\/media\/3986"}],"wp:attachment":[{"href":"https:\/\/delaet.com.br\/pt_br\/wp-json\/wp\/v2\/media?parent=3989"}],"wp:term":[{"taxonomy":"product_brand","embeddable":true,"href":"https:\/\/delaet.com.br\/pt_br\/wp-json\/wp\/v2\/product_brand?post=3989"},{"taxonomy":"product_cat","embeddable":true,"href":"https:\/\/delaet.com.br\/pt_br\/wp-json\/wp\/v2\/product_cat?post=3989"},{"taxonomy":"product_tag","embeddable":true,"href":"https:\/\/delaet.com.br\/pt_br\/wp-json\/wp\/v2\/product_tag?post=3989"}],"curies":[{"name":"wp","href":"https:\/\/api.w.org\/{rel}","templated":true}]}}