{"id":4002,"date":"2026-04-12T10:09:53","date_gmt":"2026-04-12T13:09:53","guid":{"rendered":"https:\/\/delaet.com.br\/pt_br\/loja\/produto\/queixeira-viola-de-arco-ebano-wendling-class-e4b212sn-f035\/"},"modified":"2026-04-12T15:39:06","modified_gmt":"2026-04-12T18:39:06","slug":"queixeira-viola-de-arco-ebano-wendling-class-e4b212sn-f035","status":"publish","type":"product","link":"https:\/\/delaet.com.br\/pt_br\/loja\/produto\/queixeira-viola-de-arco-ebano-wendling-class-e4b212sn-f035\/","title":{"rendered":"Queixeira Viola De Arco \u00c9bano Wendling Class E4B212SN"},"content":{"rendered":"<p>Queixeira para Viola de Arco \u00c9bano modelo Wendling Class E4B212SN.<\/p>\n<p>Cor:\u00c9bano<br \/> G\u00eanero:Unissex<br \/> Linha:Arco e Acess\u00f3rios<br \/> Marca:Class<br \/> Modelo:E4B212SN<br \/> Origem:India<br \/> SKU:008367<br \/> Unidades por Embalagem:1<br \/> \u00c9 kit:N\u00e3o<br \/> Instrumento Recomendado:Viola de Arco<br \/> Condi\u00e7\u00e3o:Novo<\/p>\n<p><\/p>\n","protected":false},"excerpt":{"rendered":"<p>Queixeira para Viola de Arco \u00c9bano modelo Wendling Class E4B212SN. Cor:\u00c9bano G\u00eanero:Unissex Linha:Arco e Acess\u00f3rios Marca:Class Modelo:E4B212SN Origem:India SKU:008367 Unidades por Embalagem:1 \u00c9 kit:N\u00e3o Instrumento Recomendado:Viola de Arco Condi\u00e7\u00e3o:Novo<\/p>\n","protected":false},"featured_media":4001,"comment_status":"open","ping_status":"closed","template":"","meta":{"om_disable_all_campaigns":false,"_monsterinsights_skip_tracking":false,"_monsterinsights_sitenote_active":false,"_monsterinsights_sitenote_note":"","_monsterinsights_sitenote_category":0,"jetpack_publicize_message":"","jetpack_publicize_feature_enabled":true,"jetpack_social_post_already_shared":false,"jetpack_social_options":{"image_generator_settings":{"template":"highway","default_image_id":0,"font":"","enabled":false},"version":2}},"product_brand":[168],"product_cat":[210,235,18],"product_tag":[460,462],"class_list":{"0":"post-4002","1":"product","2":"type-product","3":"status-publish","4":"has-post-thumbnail","6":"product_brand-class","7":"product_cat-friccionadas","8":"product_cat-queixeiras-friccionadas","9":"product_cat-sem-categoria","10":"product_tag-queixeira","11":"product_tag-queixeira-viola","13":"first","14":"instock","15":"shipping-taxable","16":"purchasable","17":"product-type-simple"},"aioseo_notices":[],"jetpack_publicize_connections":[],"jetpack_sharing_enabled":true,"_links":{"self":[{"href":"https:\/\/delaet.com.br\/pt_br\/wp-json\/wp\/v2\/product\/4002","targetHints":{"allow":["GET"]}}],"collection":[{"href":"https:\/\/delaet.com.br\/pt_br\/wp-json\/wp\/v2\/product"}],"about":[{"href":"https:\/\/delaet.com.br\/pt_br\/wp-json\/wp\/v2\/types\/product"}],"replies":[{"embeddable":true,"href":"https:\/\/delaet.com.br\/pt_br\/wp-json\/wp\/v2\/comments?post=4002"}],"wp:featuredmedia":[{"embeddable":true,"href":"https:\/\/delaet.com.br\/pt_br\/wp-json\/wp\/v2\/media\/4001"}],"wp:attachment":[{"href":"https:\/\/delaet.com.br\/pt_br\/wp-json\/wp\/v2\/media?parent=4002"}],"wp:term":[{"taxonomy":"product_brand","embeddable":true,"href":"https:\/\/delaet.com.br\/pt_br\/wp-json\/wp\/v2\/product_brand?post=4002"},{"taxonomy":"product_cat","embeddable":true,"href":"https:\/\/delaet.com.br\/pt_br\/wp-json\/wp\/v2\/product_cat?post=4002"},{"taxonomy":"product_tag","embeddable":true,"href":"https:\/\/delaet.com.br\/pt_br\/wp-json\/wp\/v2\/product_tag?post=4002"}],"curies":[{"name":"wp","href":"https:\/\/api.w.org\/{rel}","templated":true}]}}