{"id":4004,"date":"2026-04-12T10:10:02","date_gmt":"2026-04-12T13:10:02","guid":{"rendered":"https:\/\/delaet.com.br\/pt_br\/loja\/produto\/queixeira-violino-3-4-4-4-boxwood-guarneri-class-e4a124sn-f035\/"},"modified":"2026-04-12T15:38:19","modified_gmt":"2026-04-12T18:38:19","slug":"queixeira-violino-3-4-4-4-boxwood-guarneri-class-e4a124sn-f035","status":"publish","type":"product","link":"https:\/\/delaet.com.br\/pt_br\/loja\/produto\/queixeira-violino-3-4-4-4-boxwood-guarneri-class-e4a124sn-f035\/","title":{"rendered":"Queixeira Violino 3\/4 &#8211; 4\/4 Boxwood Guarneri Class E4A124SN"},"content":{"rendered":"<p>Queixeira para Violino 3\/4 &#8211; 4\/4 Boxwood modelo Guarneri Class E4A124SN.<\/p>\n<p>Cor:Boxwood<br \/> G\u00eanero:Unissex<br \/> Linha:Arco e Acess\u00f3rios<br \/> Marca:Class<br \/> Modelo:E4A124SN<br \/> Origem:India<br \/> SKU:008363<br \/> Unidades por Embalagem:1<br \/> \u00c9 kit:N\u00e3o<br \/> Instrumento Recomendado:Violino<br \/> Condi\u00e7\u00e3o:Novo<\/p>\n<p><\/p>\n","protected":false},"excerpt":{"rendered":"<p>Queixeira para Violino 3\/4 &#8211; 4\/4 Boxwood modelo Guarneri Class E4A124SN. Cor:Boxwood G\u00eanero:Unissex Linha:Arco e Acess\u00f3rios Marca:Class Modelo:E4A124SN Origem:India SKU:008363 Unidades por Embalagem:1 \u00c9 kit:N\u00e3o Instrumento Recomendado:Violino Condi\u00e7\u00e3o:Novo<\/p>\n","protected":false},"featured_media":4003,"comment_status":"open","ping_status":"closed","template":"","meta":{"om_disable_all_campaigns":false,"jetpack_publicize_message":"","jetpack_publicize_feature_enabled":true,"jetpack_social_post_already_shared":false,"jetpack_social_options":{"image_generator_settings":{"template":"highway","default_image_id":0,"font":"","enabled":false},"version":2}},"product_brand":[168],"product_cat":[210,235],"product_tag":[460,461],"class_list":{"0":"post-4004","1":"product","2":"type-product","3":"status-publish","4":"has-post-thumbnail","6":"product_brand-class","7":"product_cat-friccionadas","8":"product_cat-queixeiras-friccionadas","9":"product_tag-queixeira","10":"product_tag-queixeira-violino","12":"first","13":"instock","14":"shipping-taxable","15":"purchasable","16":"product-type-simple"},"aioseo_notices":[],"jetpack_publicize_connections":[],"jetpack_sharing_enabled":true,"_links":{"self":[{"href":"https:\/\/delaet.com.br\/pt_br\/wp-json\/wp\/v2\/product\/4004","targetHints":{"allow":["GET"]}}],"collection":[{"href":"https:\/\/delaet.com.br\/pt_br\/wp-json\/wp\/v2\/product"}],"about":[{"href":"https:\/\/delaet.com.br\/pt_br\/wp-json\/wp\/v2\/types\/product"}],"replies":[{"embeddable":true,"href":"https:\/\/delaet.com.br\/pt_br\/wp-json\/wp\/v2\/comments?post=4004"}],"wp:featuredmedia":[{"embeddable":true,"href":"https:\/\/delaet.com.br\/pt_br\/wp-json\/wp\/v2\/media\/4003"}],"wp:attachment":[{"href":"https:\/\/delaet.com.br\/pt_br\/wp-json\/wp\/v2\/media?parent=4004"}],"wp:term":[{"taxonomy":"product_brand","embeddable":true,"href":"https:\/\/delaet.com.br\/pt_br\/wp-json\/wp\/v2\/product_brand?post=4004"},{"taxonomy":"product_cat","embeddable":true,"href":"https:\/\/delaet.com.br\/pt_br\/wp-json\/wp\/v2\/product_cat?post=4004"},{"taxonomy":"product_tag","embeddable":true,"href":"https:\/\/delaet.com.br\/pt_br\/wp-json\/wp\/v2\/product_tag?post=4004"}],"curies":[{"name":"wp","href":"https:\/\/api.w.org\/{rel}","templated":true}]}}