{"id":4014,"date":"2026-04-12T10:10:51","date_gmt":"2026-04-12T13:10:51","guid":{"rendered":"https:\/\/delaet.com.br\/pt_br\/loja\/produto\/rabicho-para-violino-4-4-wittner-915916-f035\/"},"modified":"2026-04-12T15:34:26","modified_gmt":"2026-04-12T18:34:26","slug":"rabicho-para-violino-4-4-wittner-915916-f035","status":"publish","type":"product","link":"https:\/\/delaet.com.br\/pt_br\/loja\/produto\/rabicho-para-violino-4-4-wittner-915916-f035\/","title":{"rendered":"Rabicho Para Violino 4\/4 Wittner 915916"},"content":{"rendered":"<p>Acess\u00f3rio utilizado para fixar o estandarte do Violino, permitindo a montagem das cordas, cavalete e demais acess\u00f3rios que dependem da fixa\u00e7\u00e3o do estandarte. R\u00e1pida e f\u00e1cil montagem, leveza para rosquear.<\/p>\n<p>Material:Nylon<br \/> SKU:007168<br \/> Tipo de afinador:N\/A<\/p>\n<p> Instrumento Recomendado:N\/A<br \/> \u00c9 kit:N\u00e3o<br \/> Com tela:N\u00e3o<br \/> C\u00f3digo Universal do Produto:4008687812059<br \/> Condi\u00e7\u00e3o:Novo<br \/> MPN:812K<br \/> Frequ\u00eancia m\u00ednima:N\/A<br \/> Formato do afinador:N\/A<br \/> Origem:Alemanha<br \/> Frequ\u00eancia m\u00e1xima:N\/A<br \/> Marca:Wittner<br \/> Linha:Maelzel<br \/> Modelo:812K<br \/> Cor:Mogno<br \/> Unidades por Embalagem:1<br \/> G\u00eanero:Unissex<\/p>\n<p><\/p>\n","protected":false},"excerpt":{"rendered":"<p>Acess\u00f3rio utilizado para fixar o estandarte do Violino, permitindo a montagem das cordas, cavalete e demais acess\u00f3rios que dependem da fixa\u00e7\u00e3o do estandarte. R\u00e1pida e f\u00e1cil montagem, leveza para rosquear. Material:Nylon SKU:007168 Tipo de afinador:N\/A Instrumento Recomendado:N\/A \u00c9 kit:N\u00e3o Com tela:N\u00e3o C\u00f3digo Universal do Produto:4008687812059 Condi\u00e7\u00e3o:Novo MPN:812K Frequ\u00eancia m\u00ednima:N\/A Formato do afinador:N\/A Origem:Alemanha Frequ\u00eancia m\u00e1xima:N\/A [&hellip;]<\/p>\n","protected":false},"featured_media":4013,"comment_status":"open","ping_status":"closed","template":"","meta":{"om_disable_all_campaigns":false,"jetpack_publicize_message":"","jetpack_publicize_feature_enabled":true,"jetpack_social_post_already_shared":false,"jetpack_social_options":{"image_generator_settings":{"template":"highway","default_image_id":0,"font":"","enabled":false},"version":2}},"product_brand":[174],"product_cat":[210,236],"product_tag":[456,458],"class_list":{"0":"post-4014","1":"product","2":"type-product","3":"status-publish","4":"has-post-thumbnail","6":"product_brand-wittner","7":"product_cat-friccionadas","8":"product_cat-rabichos-friccionadas","9":"product_tag-rabicho","10":"product_tag-rabicho-para-violino","12":"first","13":"instock","14":"shipping-taxable","15":"purchasable","16":"product-type-simple"},"aioseo_notices":[],"jetpack_publicize_connections":[],"jetpack_sharing_enabled":true,"_links":{"self":[{"href":"https:\/\/delaet.com.br\/pt_br\/wp-json\/wp\/v2\/product\/4014","targetHints":{"allow":["GET"]}}],"collection":[{"href":"https:\/\/delaet.com.br\/pt_br\/wp-json\/wp\/v2\/product"}],"about":[{"href":"https:\/\/delaet.com.br\/pt_br\/wp-json\/wp\/v2\/types\/product"}],"replies":[{"embeddable":true,"href":"https:\/\/delaet.com.br\/pt_br\/wp-json\/wp\/v2\/comments?post=4014"}],"wp:featuredmedia":[{"embeddable":true,"href":"https:\/\/delaet.com.br\/pt_br\/wp-json\/wp\/v2\/media\/4013"}],"wp:attachment":[{"href":"https:\/\/delaet.com.br\/pt_br\/wp-json\/wp\/v2\/media?parent=4014"}],"wp:term":[{"taxonomy":"product_brand","embeddable":true,"href":"https:\/\/delaet.com.br\/pt_br\/wp-json\/wp\/v2\/product_brand?post=4014"},{"taxonomy":"product_cat","embeddable":true,"href":"https:\/\/delaet.com.br\/pt_br\/wp-json\/wp\/v2\/product_cat?post=4014"},{"taxonomy":"product_tag","embeddable":true,"href":"https:\/\/delaet.com.br\/pt_br\/wp-json\/wp\/v2\/product_tag?post=4014"}],"curies":[{"name":"wp","href":"https:\/\/api.w.org\/{rel}","templated":true}]}}