{"id":4029,"date":"2026-04-12T10:11:39","date_gmt":"2026-04-12T13:11:39","guid":{"rendered":"https:\/\/delaet.com.br\/pt_br\/loja\/produto\/roldana-eliptica-correia-niquelada-par-d-addario-pweep202-f035\/"},"modified":"2026-04-20T08:30:33","modified_gmt":"2026-04-20T11:30:33","slug":"roldana-eliptica-correia-niquelada-par-d-addario-pweep202-f035","status":"publish","type":"product","link":"https:\/\/delaet.com.br\/pt_br\/loja\/produto\/roldana-eliptica-correia-niquelada-par-d-addario-pweep202-f035\/","title":{"rendered":"Roldana El\u00edptica Correia Niquelada (Par) D Addario PWEEP202"},"content":{"rendered":"<p>A Roldana El\u00edptica foi desenvolvida para fixar a correia com seguran\u00e7a, oferecendo instala\u00e7\u00e3o r\u00e1pida e pr\u00e1tica.<br \/>\nDiferente dos modelos tradicionais redondos, o formato el\u00edptico combina funcionalidade e estilo, dificultando que a correia se solte acidentalmente durante o uso. Al\u00e9m disso, o visual elegante complementa perfeitamente a est\u00e9tica de qualquer guitarra ou contrabaixo.<\/p>\n<p>Origem:China<br \/> Cor:Niquelado<br \/> Unidades por Embalagem:2<br \/> G\u00eanero:Unissex<br \/> Material:A\u00e7o<br \/> C\u00f3digo Universal do Produto:0019954970376<br \/> SKU:021892<\/p>\n<p> Condi\u00e7\u00e3o do \u00edtem:Novo<br \/> MPN:PWEEP202<br \/> Fonte do Produto:Importado<br \/> \u00c9 kit:N\u00e3o<\/p>\n<p><\/p>\n","protected":false},"excerpt":{"rendered":"<p>A Roldana El\u00edptica foi desenvolvida para fixar a correia com seguran\u00e7a, oferecendo instala\u00e7\u00e3o r\u00e1pida e pr\u00e1tica. Diferente dos modelos tradicionais redondos, o formato el\u00edptico combina funcionalidade e estilo, dificultando que a correia se solte acidentalmente durante o uso. Al\u00e9m disso, o visual elegante complementa perfeitamente a est\u00e9tica de qualquer guitarra ou contrabaixo. Origem:China Cor:Niquelado Unidades [&hellip;]<\/p>\n","protected":false},"featured_media":4026,"comment_status":"open","ping_status":"closed","template":"","meta":{"om_disable_all_campaigns":false,"_monsterinsights_skip_tracking":false,"_monsterinsights_sitenote_active":false,"_monsterinsights_sitenote_note":"","_monsterinsights_sitenote_category":0,"jetpack_publicize_message":"","jetpack_publicize_feature_enabled":true,"jetpack_social_post_already_shared":false,"jetpack_social_options":{"image_generator_settings":{"template":"highway","default_image_id":0,"font":"","enabled":false},"version":2}},"product_brand":[160],"product_cat":[96,28,223],"product_tag":[450,451,447],"class_list":{"0":"post-4029","1":"product","2":"type-product","3":"status-publish","4":"has-post-thumbnail","6":"product_brand-daddario","7":"product_cat-acessorios","8":"product_cat-eletricos","9":"product_cat-outros","10":"product_tag-roldana","11":"product_tag-roldana-niquel","12":"product_tag-roldana-para-correia","14":"first","15":"instock","16":"shipping-taxable","17":"purchasable","18":"product-type-simple"},"aioseo_notices":[],"jetpack_publicize_connections":[],"jetpack_sharing_enabled":true,"_links":{"self":[{"href":"https:\/\/delaet.com.br\/pt_br\/wp-json\/wp\/v2\/product\/4029","targetHints":{"allow":["GET"]}}],"collection":[{"href":"https:\/\/delaet.com.br\/pt_br\/wp-json\/wp\/v2\/product"}],"about":[{"href":"https:\/\/delaet.com.br\/pt_br\/wp-json\/wp\/v2\/types\/product"}],"replies":[{"embeddable":true,"href":"https:\/\/delaet.com.br\/pt_br\/wp-json\/wp\/v2\/comments?post=4029"}],"wp:featuredmedia":[{"embeddable":true,"href":"https:\/\/delaet.com.br\/pt_br\/wp-json\/wp\/v2\/media\/4026"}],"wp:attachment":[{"href":"https:\/\/delaet.com.br\/pt_br\/wp-json\/wp\/v2\/media?parent=4029"}],"wp:term":[{"taxonomy":"product_brand","embeddable":true,"href":"https:\/\/delaet.com.br\/pt_br\/wp-json\/wp\/v2\/product_brand?post=4029"},{"taxonomy":"product_cat","embeddable":true,"href":"https:\/\/delaet.com.br\/pt_br\/wp-json\/wp\/v2\/product_cat?post=4029"},{"taxonomy":"product_tag","embeddable":true,"href":"https:\/\/delaet.com.br\/pt_br\/wp-json\/wp\/v2\/product_tag?post=4029"}],"curies":[{"name":"wp","href":"https:\/\/api.w.org\/{rel}","templated":true}]}}