{"id":4049,"date":"2026-04-12T10:12:45","date_gmt":"2026-04-12T13:12:45","guid":{"rendered":"https:\/\/delaet.com.br\/pt_br\/loja\/produto\/saddles-ponte-guitarra-dourado-unidade-spirit-s23-105-gd-f035\/"},"modified":"2026-04-12T14:26:25","modified_gmt":"2026-04-12T17:26:25","slug":"saddles-ponte-guitarra-dourado-unidade-spirit-s23-105-gd-f035","status":"publish","type":"product","link":"https:\/\/delaet.com.br\/pt_br\/loja\/produto\/saddles-ponte-guitarra-dourado-unidade-spirit-s23-105-gd-f035\/","title":{"rendered":"Saddles Ponte Guitarra Dourado (Unidade) Spirit S23-105 GD"},"content":{"rendered":"<p>Saddles (Carrinho) para Ponte de Guitarra com tr\u00eamolo modelo Floyd Rose, para cordas 2-5, em acabamento dourado, Spirit Guitar Parts &#8211; S23-105 GD.<\/p>\n<p>Espa\u00e7amento entre cordas:10,5<br \/> Unidade de Espa\u00e7amento entre cordas:mm<br \/> Comprimento:N\/A<br \/> Unidade de Comprimento:N\/A<br \/> Unidade de Largura:N\/A<br \/> Unidade de Altura:N\/A<br \/> Instrumentos compat\u00edveis:Guitarra<br \/> Material:Metal<br \/> SKU:006103<\/p>\n<p> Condi\u00e7\u00e3o:Novo<br \/> Cor:Dourada<br \/> C\u00f3digo Universal do Produto:7899559801069<br \/> G\u00eanero:Unissex<br \/> Linha:Spirit Guitar Parts<br \/> MPN:H5023_40<br \/> Marca:Spirit<br \/> Modelo:S23-105 GD<br \/> Origem:Cor\u00e9ia do Sul<br \/> Unidades por embalagem:1<br \/> \u00c9 kit:N\u00e3o<br \/> Instrumento Recomendado:Guitarra<\/p>\n<p><\/p>\n","protected":false},"excerpt":{"rendered":"<p>Saddles (Carrinho) para Ponte de Guitarra com tr\u00eamolo modelo Floyd Rose, para cordas 2-5, em acabamento dourado, Spirit Guitar Parts &#8211; S23-105 GD. Espa\u00e7amento entre cordas:10,5 Unidade de Espa\u00e7amento entre cordas:mm Comprimento:N\/A Unidade de Comprimento:N\/A Unidade de Largura:N\/A Unidade de Altura:N\/A Instrumentos compat\u00edveis:Guitarra Material:Metal SKU:006103 Condi\u00e7\u00e3o:Novo Cor:Dourada C\u00f3digo Universal do Produto:7899559801069 G\u00eanero:Unissex Linha:Spirit Guitar Parts [&hellip;]<\/p>\n","protected":false},"featured_media":4047,"comment_status":"open","ping_status":"closed","template":"","meta":{"om_disable_all_campaigns":false,"jetpack_publicize_message":"","jetpack_publicize_feature_enabled":true,"jetpack_social_post_already_shared":false,"jetpack_social_options":{"image_generator_settings":{"template":"highway","default_image_id":0,"font":"","enabled":false},"version":2}},"product_brand":[165],"product_cat":[96,28,223,217],"product_tag":[444,445,446],"class_list":{"0":"post-4049","1":"product","2":"type-product","3":"status-publish","4":"has-post-thumbnail","6":"product_brand-spirit","7":"product_cat-acessorios","8":"product_cat-eletricos","9":"product_cat-outros","10":"product_cat-pontes-eletricos","11":"product_tag-carrinhos","12":"product_tag-carrinhos-de-ponte","13":"product_tag-ponte-de-guitarra","15":"first","16":"instock","17":"shipping-taxable","18":"purchasable","19":"product-type-simple"},"aioseo_notices":[],"jetpack_publicize_connections":[],"jetpack_sharing_enabled":true,"_links":{"self":[{"href":"https:\/\/delaet.com.br\/pt_br\/wp-json\/wp\/v2\/product\/4049","targetHints":{"allow":["GET"]}}],"collection":[{"href":"https:\/\/delaet.com.br\/pt_br\/wp-json\/wp\/v2\/product"}],"about":[{"href":"https:\/\/delaet.com.br\/pt_br\/wp-json\/wp\/v2\/types\/product"}],"replies":[{"embeddable":true,"href":"https:\/\/delaet.com.br\/pt_br\/wp-json\/wp\/v2\/comments?post=4049"}],"wp:featuredmedia":[{"embeddable":true,"href":"https:\/\/delaet.com.br\/pt_br\/wp-json\/wp\/v2\/media\/4047"}],"wp:attachment":[{"href":"https:\/\/delaet.com.br\/pt_br\/wp-json\/wp\/v2\/media?parent=4049"}],"wp:term":[{"taxonomy":"product_brand","embeddable":true,"href":"https:\/\/delaet.com.br\/pt_br\/wp-json\/wp\/v2\/product_brand?post=4049"},{"taxonomy":"product_cat","embeddable":true,"href":"https:\/\/delaet.com.br\/pt_br\/wp-json\/wp\/v2\/product_cat?post=4049"},{"taxonomy":"product_tag","embeddable":true,"href":"https:\/\/delaet.com.br\/pt_br\/wp-json\/wp\/v2\/product_tag?post=4049"}],"curies":[{"name":"wp","href":"https:\/\/api.w.org\/{rel}","templated":true}]}}