{"id":4052,"date":"2026-04-12T10:12:55","date_gmt":"2026-04-12T13:12:55","guid":{"rendered":"https:\/\/delaet.com.br\/pt_br\/loja\/produto\/saddles-ponte-niquelado-6-unidades-gotoh-s101-n-f035\/"},"modified":"2026-04-12T14:25:42","modified_gmt":"2026-04-12T17:25:42","slug":"saddles-ponte-niquelado-6-unidades-gotoh-s101-n-f035","status":"publish","type":"product","link":"https:\/\/delaet.com.br\/pt_br\/loja\/produto\/saddles-ponte-niquelado-6-unidades-gotoh-s101-n-f035\/","title":{"rendered":"Saddles Ponte Niquelado (6 Unidades) Gotoh S101 N"},"content":{"rendered":"<p>Os Saddles, tamb\u00e9m conhecidos popularmente como Carrinhos, s\u00e3o componentes essenciais para pontes de instrumentos &#8211; indicados para para ponte com tr\u00eamolo modelo GE101T.  * Acabamento em Nickel (niquelado) * Jogo com 6 Pe\u00e7as, parafusos e molas * Fabricado no Jap\u00e3o<\/p>\n<p> Condi\u00e7\u00e3o do item:Novo<br \/> C\u00f3digo de Barra:7899559811952<br \/> G\u00eanero:Unissex<br \/> Instrumento recomendado:Guitarra<br \/> Marca:Gotoh<br \/> Modelo:S-101 N<br \/> Origem:Jap\u00e3o<br \/> Quantidade de unidades:6<br \/> \u00c9 Kit:N\u00e3o<br \/> Unidade de Espa\u00e7amento entre cordas:mm<br \/> Espa\u00e7amento entre cordas:N\/A<\/p>\n<p><\/p>\n","protected":false},"excerpt":{"rendered":"<p>Os Saddles, tamb\u00e9m conhecidos popularmente como Carrinhos, s\u00e3o componentes essenciais para pontes de instrumentos &#8211; indicados para para ponte com tr\u00eamolo modelo GE101T. * Acabamento em Nickel (niquelado) * Jogo com 6 Pe\u00e7as, parafusos e molas * Fabricado no Jap\u00e3o Condi\u00e7\u00e3o do item:Novo C\u00f3digo de Barra:7899559811952 G\u00eanero:Unissex Instrumento recomendado:Guitarra Marca:Gotoh Modelo:S-101 N Origem:Jap\u00e3o Quantidade de [&hellip;]<\/p>\n","protected":false},"featured_media":4050,"comment_status":"open","ping_status":"closed","template":"","meta":{"om_disable_all_campaigns":false,"jetpack_publicize_message":"","jetpack_publicize_feature_enabled":true,"jetpack_social_post_already_shared":false,"jetpack_social_options":{"image_generator_settings":{"template":"highway","default_image_id":0,"font":"","enabled":false},"version":2}},"product_brand":[164],"product_cat":[96,28,223,217],"product_tag":[444,445,446],"class_list":{"0":"post-4052","1":"product","2":"type-product","3":"status-publish","4":"has-post-thumbnail","6":"product_brand-gotoh","7":"product_cat-acessorios","8":"product_cat-eletricos","9":"product_cat-outros","10":"product_cat-pontes-eletricos","11":"product_tag-carrinhos","12":"product_tag-carrinhos-de-ponte","13":"product_tag-ponte-de-guitarra","15":"first","16":"instock","17":"shipping-taxable","18":"purchasable","19":"product-type-simple"},"aioseo_notices":[],"jetpack_publicize_connections":[],"jetpack_sharing_enabled":true,"_links":{"self":[{"href":"https:\/\/delaet.com.br\/pt_br\/wp-json\/wp\/v2\/product\/4052","targetHints":{"allow":["GET"]}}],"collection":[{"href":"https:\/\/delaet.com.br\/pt_br\/wp-json\/wp\/v2\/product"}],"about":[{"href":"https:\/\/delaet.com.br\/pt_br\/wp-json\/wp\/v2\/types\/product"}],"replies":[{"embeddable":true,"href":"https:\/\/delaet.com.br\/pt_br\/wp-json\/wp\/v2\/comments?post=4052"}],"wp:featuredmedia":[{"embeddable":true,"href":"https:\/\/delaet.com.br\/pt_br\/wp-json\/wp\/v2\/media\/4050"}],"wp:attachment":[{"href":"https:\/\/delaet.com.br\/pt_br\/wp-json\/wp\/v2\/media?parent=4052"}],"wp:term":[{"taxonomy":"product_brand","embeddable":true,"href":"https:\/\/delaet.com.br\/pt_br\/wp-json\/wp\/v2\/product_brand?post=4052"},{"taxonomy":"product_cat","embeddable":true,"href":"https:\/\/delaet.com.br\/pt_br\/wp-json\/wp\/v2\/product_cat?post=4052"},{"taxonomy":"product_tag","embeddable":true,"href":"https:\/\/delaet.com.br\/pt_br\/wp-json\/wp\/v2\/product_tag?post=4052"}],"curies":[{"name":"wp","href":"https:\/\/api.w.org\/{rel}","templated":true}]}}