{"id":4065,"date":"2026-04-12T10:13:31","date_gmt":"2026-04-12T13:13:31","guid":{"rendered":"https:\/\/delaet.com.br\/pt_br\/loja\/produto\/slide-de-metal-cromado-grande-d-addario-pwcbs-sl-f035\/"},"modified":"2026-04-12T14:22:43","modified_gmt":"2026-04-12T17:22:43","slug":"slide-de-metal-cromado-grande-d-addario-pwcbs-sl-f035","status":"publish","type":"product","link":"https:\/\/delaet.com.br\/pt_br\/loja\/produto\/slide-de-metal-cromado-grande-d-addario-pwcbs-sl-f035\/","title":{"rendered":"Slide De Metal Cromado Grande D Addario PWCBS-SL"},"content":{"rendered":"<p>O Slide Cromado da D Addario oferece um timbre brilhante e excelente sustain. Possui acabamento espelhado, proporcionando deslizamento suave e f\u00e1cil tocabilidade.<br \/>\nDi\u00e2metro 22mm x comprimento 5,8cm &#8211; peso 0,10 quilos<\/p>\n<p>Origem:Estados Unidos<br \/> Cor:Cromado<br \/> Unidades por Embalagem:1<br \/> G\u00eanero:Unissex<\/p>\n<p><\/p>\n","protected":false},"excerpt":{"rendered":"<p>O Slide Cromado da D Addario oferece um timbre brilhante e excelente sustain. Possui acabamento espelhado, proporcionando deslizamento suave e f\u00e1cil tocabilidade. Di\u00e2metro 22mm x comprimento 5,8cm &#8211; peso 0,10 quilos Origem:Estados Unidos Cor:Cromado Unidades por Embalagem:1 G\u00eanero:Unissex<\/p>\n","protected":false},"featured_media":4059,"comment_status":"open","ping_status":"closed","template":"","meta":{"om_disable_all_campaigns":false,"jetpack_publicize_message":"","jetpack_publicize_feature_enabled":true,"jetpack_social_post_already_shared":false,"jetpack_social_options":{"image_generator_settings":{"template":"highway","default_image_id":0,"font":"","enabled":false},"version":2}},"product_brand":[160],"product_cat":[96,112],"product_tag":[437,439,438],"class_list":{"0":"post-4065","1":"product","2":"type-product","3":"status-publish","4":"has-post-thumbnail","6":"product_brand-daddario","7":"product_cat-acessorios","8":"product_cat-palhetas","9":"product_tag-slide","10":"product_tag-slide-lapsteel","11":"product_tag-slide-para-guitarra","13":"first","14":"instock","15":"shipping-taxable","16":"purchasable","17":"product-type-simple"},"aioseo_notices":[],"jetpack_publicize_connections":[],"jetpack_sharing_enabled":true,"_links":{"self":[{"href":"https:\/\/delaet.com.br\/pt_br\/wp-json\/wp\/v2\/product\/4065","targetHints":{"allow":["GET"]}}],"collection":[{"href":"https:\/\/delaet.com.br\/pt_br\/wp-json\/wp\/v2\/product"}],"about":[{"href":"https:\/\/delaet.com.br\/pt_br\/wp-json\/wp\/v2\/types\/product"}],"replies":[{"embeddable":true,"href":"https:\/\/delaet.com.br\/pt_br\/wp-json\/wp\/v2\/comments?post=4065"}],"wp:featuredmedia":[{"embeddable":true,"href":"https:\/\/delaet.com.br\/pt_br\/wp-json\/wp\/v2\/media\/4059"}],"wp:attachment":[{"href":"https:\/\/delaet.com.br\/pt_br\/wp-json\/wp\/v2\/media?parent=4065"}],"wp:term":[{"taxonomy":"product_brand","embeddable":true,"href":"https:\/\/delaet.com.br\/pt_br\/wp-json\/wp\/v2\/product_brand?post=4065"},{"taxonomy":"product_cat","embeddable":true,"href":"https:\/\/delaet.com.br\/pt_br\/wp-json\/wp\/v2\/product_cat?post=4065"},{"taxonomy":"product_tag","embeddable":true,"href":"https:\/\/delaet.com.br\/pt_br\/wp-json\/wp\/v2\/product_tag?post=4065"}],"curies":[{"name":"wp","href":"https:\/\/api.w.org\/{rel}","templated":true}]}}