{"id":4078,"date":"2026-04-12T10:14:15","date_gmt":"2026-04-12T13:14:15","guid":{"rendered":"https:\/\/delaet.com.br\/pt_br\/loja\/produto\/suporte-escudo-preto-les-paul-2-unidades-spirit-jes1-bk-f035\/"},"modified":"2026-04-12T14:19:47","modified_gmt":"2026-04-12T17:19:47","slug":"suporte-escudo-preto-les-paul-2-unidades-spirit-jes1-bk-f035","status":"publish","type":"product","link":"https:\/\/delaet.com.br\/pt_br\/loja\/produto\/suporte-escudo-preto-les-paul-2-unidades-spirit-jes1-bk-f035\/","title":{"rendered":"Suporte Escudo Preto Les Paul (2 Unidades) Spirit JES1-BK"},"content":{"rendered":"<p>Suporte para Escudo para guitarra modelo Les Paul, acabamento preto, 2 unidades, Spirit Guitar Parts &#8211; JES1-BK.<\/p>\n<p>Quantidade de camadas:N\/A<br \/> Quantidade de furos:1<br \/> Espessura:N\/A<br \/> Unidade de Espessura:mm<br \/> Instrumentos compat\u00edveis:Guitarra<br \/> Material:Metal<br \/> SKU:006222<\/p>\n<p> Condi\u00e7\u00e3o:Novo<br \/> Cor:Preta<br \/> C\u00f3digo Universal do Produto:7899559802233<br \/> G\u00eanero:Unissex<br \/> Linha:Spirit Guitar Parts<br \/> MPN:H5570_00<br \/> Marca:Spirit<br \/> Modelo:JES1-BK<br \/> Origem:Cor\u00e9ia do Sul<br \/> Unidades por embalagem:2<br \/> \u00c9 kit:N\u00e3o<br \/> Instrumento Recomendado:Guitarra<\/p>\n<p><\/p>\n","protected":false},"excerpt":{"rendered":"<p>Suporte para Escudo para guitarra modelo Les Paul, acabamento preto, 2 unidades, Spirit Guitar Parts &#8211; JES1-BK. Quantidade de camadas:N\/A Quantidade de furos:1 Espessura:N\/A Unidade de Espessura:mm Instrumentos compat\u00edveis:Guitarra Material:Metal SKU:006222 Condi\u00e7\u00e3o:Novo Cor:Preta C\u00f3digo Universal do Produto:7899559802233 G\u00eanero:Unissex Linha:Spirit Guitar Parts MPN:H5570_00 Marca:Spirit Modelo:JES1-BK Origem:Cor\u00e9ia do Sul Unidades por embalagem:2 \u00c9 kit:N\u00e3o Instrumento Recomendado:Guitarra<\/p>\n","protected":false},"featured_media":4077,"comment_status":"open","ping_status":"closed","template":"","meta":{"om_disable_all_campaigns":false,"_monsterinsights_skip_tracking":false,"_monsterinsights_sitenote_active":false,"_monsterinsights_sitenote_note":"","_monsterinsights_sitenote_category":0,"jetpack_publicize_message":"","jetpack_publicize_feature_enabled":true,"jetpack_social_post_already_shared":false,"jetpack_social_options":{"image_generator_settings":{"template":"highway","default_image_id":0,"font":"","enabled":false},"version":2}},"product_brand":[165],"product_cat":[96,28,223],"product_tag":[436,434,435,433],"class_list":{"0":"post-4078","1":"product","2":"type-product","3":"status-publish","4":"has-post-thumbnail","6":"product_brand-spirit","7":"product_cat-acessorios","8":"product_cat-eletricos","9":"product_cat-outros","10":"product_tag-acessorio-les-paul","11":"product_tag-suporte-escudo","12":"product_tag-suporte-les-paul","13":"product_tag-suporte-para-escudo-de-les-paul","15":"first","16":"instock","17":"shipping-taxable","18":"purchasable","19":"product-type-simple"},"aioseo_notices":[],"jetpack_publicize_connections":[],"jetpack_sharing_enabled":true,"_links":{"self":[{"href":"https:\/\/delaet.com.br\/pt_br\/wp-json\/wp\/v2\/product\/4078","targetHints":{"allow":["GET"]}}],"collection":[{"href":"https:\/\/delaet.com.br\/pt_br\/wp-json\/wp\/v2\/product"}],"about":[{"href":"https:\/\/delaet.com.br\/pt_br\/wp-json\/wp\/v2\/types\/product"}],"replies":[{"embeddable":true,"href":"https:\/\/delaet.com.br\/pt_br\/wp-json\/wp\/v2\/comments?post=4078"}],"wp:featuredmedia":[{"embeddable":true,"href":"https:\/\/delaet.com.br\/pt_br\/wp-json\/wp\/v2\/media\/4077"}],"wp:attachment":[{"href":"https:\/\/delaet.com.br\/pt_br\/wp-json\/wp\/v2\/media?parent=4078"}],"wp:term":[{"taxonomy":"product_brand","embeddable":true,"href":"https:\/\/delaet.com.br\/pt_br\/wp-json\/wp\/v2\/product_brand?post=4078"},{"taxonomy":"product_cat","embeddable":true,"href":"https:\/\/delaet.com.br\/pt_br\/wp-json\/wp\/v2\/product_cat?post=4078"},{"taxonomy":"product_tag","embeddable":true,"href":"https:\/\/delaet.com.br\/pt_br\/wp-json\/wp\/v2\/product_tag?post=4078"}],"curies":[{"name":"wp","href":"https:\/\/api.w.org\/{rel}","templated":true}]}}