{"id":4086,"date":"2026-04-12T10:14:50","date_gmt":"2026-04-12T13:14:50","guid":{"rendered":"https:\/\/delaet.com.br\/pt_br\/loja\/produto\/suporte-jack-conexao-dourado-3-pecas-spirit-ljch-flat-gd-f035\/"},"modified":"2026-04-12T14:16:08","modified_gmt":"2026-04-12T17:16:08","slug":"suporte-jack-conexao-dourado-3-pecas-spirit-ljch-flat-gd-f035","status":"publish","type":"product","link":"https:\/\/delaet.com.br\/pt_br\/loja\/produto\/suporte-jack-conexao-dourado-3-pecas-spirit-ljch-flat-gd-f035\/","title":{"rendered":"Suporte Jack Conex\u00e3o Dourado (3 Pe\u00e7as) Spirit LJCH-FLAT-GD"},"content":{"rendered":"<p>Suporte para Jack de Conex\u00e3o Reto em Metal, Modelo Les Paul Dourado, 3 unidades, Spirit Guitar Parts &#8211; LJCH-FLAT-GD. <\/p>\n<p>&#8211; Estilo Les Paul com topo plano<br \/>\n&#8211; Di\u00e2metro do furo 10.0m\/m.<\/p>\n<p>Instrumentos compat\u00edveis:Guitarra<br \/> Material:A\u00e7o<br \/> SKU:021817<\/p>\n<p> Condi\u00e7\u00e3o:Novo<br \/> Cor:Dourada<br \/> C\u00f3digo Universal do Produto:7899559807405<br \/> G\u00eanero:Unissex<br \/> Linha:Spirit Guitar Parts<br \/> MPN:H5400_40<br \/> Marca:Spirit<br \/> Modelo:LJCH-FLAT-GD<br \/> Origem:Cor\u00e9ia do Sul<br \/> Unidades por embalagem:3<br \/> \u00c9 kit:N\u00e3o<br \/> Instrumento Recomendado:Guitarra<\/p>\n<p><\/p>\n","protected":false},"excerpt":{"rendered":"<p>Suporte para Jack de Conex\u00e3o Reto em Metal, Modelo Les Paul Dourado, 3 unidades, Spirit Guitar Parts &#8211; LJCH-FLAT-GD. &#8211; Estilo Les Paul com topo plano &#8211; Di\u00e2metro do furo 10.0m\/m. Instrumentos compat\u00edveis:Guitarra Material:A\u00e7o SKU:021817 Condi\u00e7\u00e3o:Novo Cor:Dourada C\u00f3digo Universal do Produto:7899559807405 G\u00eanero:Unissex Linha:Spirit Guitar Parts MPN:H5400_40 Marca:Spirit Modelo:LJCH-FLAT-GD Origem:Cor\u00e9ia do Sul Unidades por embalagem:3 \u00c9 [&hellip;]<\/p>\n","protected":false},"featured_media":4085,"comment_status":"open","ping_status":"closed","template":"","meta":{"om_disable_all_campaigns":false,"_monsterinsights_skip_tracking":false,"_monsterinsights_sitenote_active":false,"_monsterinsights_sitenote_note":"","_monsterinsights_sitenote_category":0,"jetpack_publicize_message":"","jetpack_publicize_feature_enabled":true,"jetpack_social_post_already_shared":false,"jetpack_social_options":{"image_generator_settings":{"template":"highway","default_image_id":0,"font":"","enabled":false},"version":2}},"product_brand":[165],"product_cat":[96,28,223],"product_tag":[409],"class_list":{"0":"post-4086","1":"product","2":"type-product","3":"status-publish","4":"has-post-thumbnail","6":"product_brand-spirit","7":"product_cat-acessorios","8":"product_cat-eletricos","9":"product_cat-outros","10":"product_tag-suporte-para-jack","12":"first","13":"instock","14":"shipping-taxable","15":"purchasable","16":"product-type-simple"},"aioseo_notices":[],"jetpack_publicize_connections":[],"jetpack_sharing_enabled":true,"_links":{"self":[{"href":"https:\/\/delaet.com.br\/pt_br\/wp-json\/wp\/v2\/product\/4086","targetHints":{"allow":["GET"]}}],"collection":[{"href":"https:\/\/delaet.com.br\/pt_br\/wp-json\/wp\/v2\/product"}],"about":[{"href":"https:\/\/delaet.com.br\/pt_br\/wp-json\/wp\/v2\/types\/product"}],"replies":[{"embeddable":true,"href":"https:\/\/delaet.com.br\/pt_br\/wp-json\/wp\/v2\/comments?post=4086"}],"wp:featuredmedia":[{"embeddable":true,"href":"https:\/\/delaet.com.br\/pt_br\/wp-json\/wp\/v2\/media\/4085"}],"wp:attachment":[{"href":"https:\/\/delaet.com.br\/pt_br\/wp-json\/wp\/v2\/media?parent=4086"}],"wp:term":[{"taxonomy":"product_brand","embeddable":true,"href":"https:\/\/delaet.com.br\/pt_br\/wp-json\/wp\/v2\/product_brand?post=4086"},{"taxonomy":"product_cat","embeddable":true,"href":"https:\/\/delaet.com.br\/pt_br\/wp-json\/wp\/v2\/product_cat?post=4086"},{"taxonomy":"product_tag","embeddable":true,"href":"https:\/\/delaet.com.br\/pt_br\/wp-json\/wp\/v2\/product_tag?post=4086"}],"curies":[{"name":"wp","href":"https:\/\/api.w.org\/{rel}","templated":true}]}}