{"id":4107,"date":"2026-04-12T10:15:55","date_gmt":"2026-04-12T13:15:55","guid":{"rendered":"https:\/\/delaet.com.br\/pt_br\/loja\/produto\/suporte-para-chaves-allen-wrh-1-gotoh-wrh-lw-f035\/"},"modified":"2026-04-20T19:40:55","modified_gmt":"2026-04-20T22:40:55","slug":"suporte-para-chaves-allen-wrh-1-gotoh-wrh-lw-f035","status":"publish","type":"product","link":"https:\/\/delaet.com.br\/pt_br\/loja\/produto\/suporte-para-chaves-allen-wrh-1-gotoh-wrh-lw-f035\/","title":{"rendered":"Suporte Para Chaves Allen WRH-1 Gotoh WRH-LW"},"content":{"rendered":"<p>Suporte para Chaves Allen Gotoh, modelo WRH-1, acompanha chaves.<\/p>\n<p>O suporte da chave de gotoh vem com 4 chaves allen inclu\u00eddas (1.5mm, 2mm, 2.5mm e 3mm) bem como 2 parafusos para mont\u00e1-lo em sua guitarra (geralmente para a parte de tr\u00e1s do headstock), garantindo que voc\u00ea sempre tem acesso \u00e0s ferramentas que voc\u00ea precisa com sua guitarra.<\/p>\n<p>Caracter\u00edsticas caracter\u00edsticas:<\/p>\n<p>* 4 chaves allen inclu\u00eddas (1.5mm, 2mm, 2.5mm e 3mm)<br \/>\n* 2 parafusos de montagem inclu\u00eddos<br \/>\n* Fabricado no Jap\u00e3o?<\/p>\n<p>NCM:92099900<br \/> Modelo:WRH-1<br \/> Marca:Gotoh<br \/> Origem:Jap\u00e3o<br \/> G\u00eanero:Unissex<\/p>\n<p> Condi\u00e7\u00e3o do item:Novo<br \/> \u00c9 Kit:N\u00e3o<br \/> Instrumentos compat\u00edveis:Guitarra\/Baixo\/Viol\u00e3o<\/p>\n<p><\/p>\n","protected":false},"excerpt":{"rendered":"<p>Suporte para Chaves Allen Gotoh, modelo WRH-1, acompanha chaves. O suporte da chave de gotoh vem com 4 chaves allen inclu\u00eddas (1.5mm, 2mm, 2.5mm e 3mm) bem como 2 parafusos para mont\u00e1-lo em sua guitarra (geralmente para a parte de tr\u00e1s do headstock), garantindo que voc\u00ea sempre tem acesso \u00e0s ferramentas que voc\u00ea precisa com [&hellip;]<\/p>\n","protected":false},"featured_media":4105,"comment_status":"open","ping_status":"closed","template":"","meta":{"om_disable_all_campaigns":false,"_monsterinsights_skip_tracking":false,"_monsterinsights_sitenote_active":false,"_monsterinsights_sitenote_note":"","_monsterinsights_sitenote_category":0,"jetpack_publicize_message":"","jetpack_publicize_feature_enabled":true,"jetpack_social_post_already_shared":false,"jetpack_social_options":{"image_generator_settings":{"template":"highway","default_image_id":0,"font":"","enabled":false},"version":2}},"product_brand":[164],"product_cat":[96,28,223],"product_tag":[415,420],"class_list":{"0":"post-4107","1":"product","2":"type-product","3":"status-publish","4":"has-post-thumbnail","6":"product_brand-gotoh","7":"product_cat-acessorios","8":"product_cat-eletricos","9":"product_cat-outros","10":"product_tag-suporte","11":"product_tag-suporte-para-chaves-allen","13":"first","14":"instock","15":"shipping-taxable","16":"purchasable","17":"product-type-simple"},"aioseo_notices":[],"jetpack_publicize_connections":[],"jetpack_sharing_enabled":true,"_links":{"self":[{"href":"https:\/\/delaet.com.br\/pt_br\/wp-json\/wp\/v2\/product\/4107","targetHints":{"allow":["GET"]}}],"collection":[{"href":"https:\/\/delaet.com.br\/pt_br\/wp-json\/wp\/v2\/product"}],"about":[{"href":"https:\/\/delaet.com.br\/pt_br\/wp-json\/wp\/v2\/types\/product"}],"replies":[{"embeddable":true,"href":"https:\/\/delaet.com.br\/pt_br\/wp-json\/wp\/v2\/comments?post=4107"}],"wp:featuredmedia":[{"embeddable":true,"href":"https:\/\/delaet.com.br\/pt_br\/wp-json\/wp\/v2\/media\/4105"}],"wp:attachment":[{"href":"https:\/\/delaet.com.br\/pt_br\/wp-json\/wp\/v2\/media?parent=4107"}],"wp:term":[{"taxonomy":"product_brand","embeddable":true,"href":"https:\/\/delaet.com.br\/pt_br\/wp-json\/wp\/v2\/product_brand?post=4107"},{"taxonomy":"product_cat","embeddable":true,"href":"https:\/\/delaet.com.br\/pt_br\/wp-json\/wp\/v2\/product_cat?post=4107"},{"taxonomy":"product_tag","embeddable":true,"href":"https:\/\/delaet.com.br\/pt_br\/wp-json\/wp\/v2\/product_tag?post=4107"}],"curies":[{"name":"wp","href":"https:\/\/api.w.org\/{rel}","templated":true}]}}