{"id":4120,"date":"2026-04-12T10:16:51","date_gmt":"2026-04-12T13:16:51","guid":{"rendered":"https:\/\/delaet.com.br\/pt_br\/loja\/produto\/suporte-para-jack-conexao-cromado-3-unidades-spirit-cjc-cr-f035\/"},"modified":"2026-04-12T13:58:06","modified_gmt":"2026-04-12T16:58:06","slug":"suporte-para-jack-conexao-cromado-3-unidades-spirit-cjc-cr-f035","status":"publish","type":"product","link":"https:\/\/delaet.com.br\/pt_br\/loja\/produto\/suporte-para-jack-conexao-cromado-3-unidades-spirit-cjc-cr-f035\/","title":{"rendered":"Suporte Para Jack Conex\u00e3o Cromado (3 Unidades) Spirit CJC-CR"},"content":{"rendered":"<p>Suporte para Jack de Conex\u00e3o Oval Dentado Curvado Cromado, 3 unidades, Spirit Guitar Parts &#8211; CJC-CR.<\/p>\n<p>&#8211; Estilo oval dentado<br \/>\n&#8211; Di\u00e2metro do furo 9.6m\/m.<\/p>\n<p>Instrumentos compat\u00edveis:Guitarra\/Baixo<br \/> Material:A\u00e7o<br \/> SKU:006117<\/p>\n<p> Condi\u00e7\u00e3o:Novo<br \/> Cor:Cromada<br \/> C\u00f3digo Universal do Produto:7899559801205<br \/> G\u00eanero:Unissex<br \/> Linha:Spirit Guitar Parts<br \/> MPN:H5420_90<br \/> Marca:Spirit<br \/> Modelo:CJC-CR<br \/> Origem:Cor\u00e9ia do Sul<br \/> Unidades por embalagem:3<br \/> \u00c9 kit:N\u00e3o<br \/> Instrumento Recomendado:Guitarra\/Baixo<\/p>\n<p><\/p>\n","protected":false},"excerpt":{"rendered":"<p>Suporte para Jack de Conex\u00e3o Oval Dentado Curvado Cromado, 3 unidades, Spirit Guitar Parts &#8211; CJC-CR. &#8211; Estilo oval dentado &#8211; Di\u00e2metro do furo 9.6m\/m. Instrumentos compat\u00edveis:Guitarra\/Baixo Material:A\u00e7o SKU:006117 Condi\u00e7\u00e3o:Novo Cor:Cromada C\u00f3digo Universal do Produto:7899559801205 G\u00eanero:Unissex Linha:Spirit Guitar Parts MPN:H5420_90 Marca:Spirit Modelo:CJC-CR Origem:Cor\u00e9ia do Sul Unidades por embalagem:3 \u00c9 kit:N\u00e3o Instrumento Recomendado:Guitarra\/Baixo<\/p>\n","protected":false},"featured_media":4119,"comment_status":"open","ping_status":"closed","template":"","meta":{"om_disable_all_campaigns":false,"_monsterinsights_skip_tracking":false,"_monsterinsights_sitenote_active":false,"_monsterinsights_sitenote_note":"","_monsterinsights_sitenote_category":0,"jetpack_publicize_message":"","jetpack_publicize_feature_enabled":true,"jetpack_social_post_already_shared":false,"jetpack_social_options":{"image_generator_settings":{"template":"highway","default_image_id":0,"font":"","enabled":false},"version":2}},"product_brand":[165],"product_cat":[96,28,223],"product_tag":[410,409],"class_list":{"0":"post-4120","1":"product","2":"type-product","3":"status-publish","4":"has-post-thumbnail","6":"product_brand-spirit","7":"product_cat-acessorios","8":"product_cat-eletricos","9":"product_cat-outros","10":"product_tag-kit-suporte-para-jack","11":"product_tag-suporte-para-jack","13":"first","14":"instock","15":"shipping-taxable","16":"purchasable","17":"product-type-simple"},"aioseo_notices":[],"jetpack_publicize_connections":[],"jetpack_sharing_enabled":true,"_links":{"self":[{"href":"https:\/\/delaet.com.br\/pt_br\/wp-json\/wp\/v2\/product\/4120","targetHints":{"allow":["GET"]}}],"collection":[{"href":"https:\/\/delaet.com.br\/pt_br\/wp-json\/wp\/v2\/product"}],"about":[{"href":"https:\/\/delaet.com.br\/pt_br\/wp-json\/wp\/v2\/types\/product"}],"replies":[{"embeddable":true,"href":"https:\/\/delaet.com.br\/pt_br\/wp-json\/wp\/v2\/comments?post=4120"}],"wp:featuredmedia":[{"embeddable":true,"href":"https:\/\/delaet.com.br\/pt_br\/wp-json\/wp\/v2\/media\/4119"}],"wp:attachment":[{"href":"https:\/\/delaet.com.br\/pt_br\/wp-json\/wp\/v2\/media?parent=4120"}],"wp:term":[{"taxonomy":"product_brand","embeddable":true,"href":"https:\/\/delaet.com.br\/pt_br\/wp-json\/wp\/v2\/product_brand?post=4120"},{"taxonomy":"product_cat","embeddable":true,"href":"https:\/\/delaet.com.br\/pt_br\/wp-json\/wp\/v2\/product_cat?post=4120"},{"taxonomy":"product_tag","embeddable":true,"href":"https:\/\/delaet.com.br\/pt_br\/wp-json\/wp\/v2\/product_tag?post=4120"}],"curies":[{"name":"wp","href":"https:\/\/api.w.org\/{rel}","templated":true}]}}